{"id":4874,"date":"2017-06-09T10:43:58","date_gmt":"2017-06-09T08:43:58","guid":{"rendered":"https:\/\/www.interimsearch.com\/\/?page_id=4874"},"modified":"2024-11-08T08:32:59","modified_gmt":"2024-11-08T07:32:59","slug":"interim-rekrytering","status":"publish","type":"page","link":"https:\/\/www.interimsearch.com\/nb\/interim-rekrytering\/","title":{"rendered":"Interim Rekrytering"},"content":{"rendered":"<style>\n    :root {\n        --desktop-bg: url(https:\/\/www.interimsearch.com\/wp-content\/uploads\/2024\/06\/inter-250-kopia.jpg);\n        --mobile-bg: url(https:\/\/www.interimsearch.com\/wp-content\/uploads\/2024\/06\/inter-250-kopia.jpg);\n        --phone-bg: url(https:\/\/www.interimsearch.com\/wp-content\/uploads\/2024\/06\/inter-250-kopia.jpg);\n    }\n\t\n\t\t\n\tsection.block.hero .container .content {\n\t\tpadding-top: 100px;\n\t}\n\t\n\tsection.block.hero .inner {\n\t\talign-items: flex-start;\n\t\tmin-height: 700px;\n\t}\n\n    <\/style>\n\n<section id=\"hero-block_b9017892826328f5fbf38c5dffb3565e\" class=\"block hero  alignfull margin-bottom_block_margin--small  hero--small has-breadcrumbs\">\n    <div class=\"inner has-background\" style=\"background-image: url(https:\/\/www.interimsearch.com\/wp-content\/uploads\/2024\/06\/inter-250-kopia.jpg);\">\n        <div class=\"container\" style=\"\">\n            <div class=\"content\">\n                                    <h1>Interim Rekrytering<\/h1>\n                                                                <div class=\"buttons\">\n<a href=\"https:\/\/www.interimsearch.com\/nb\/midlertidige-konsulenter\/\" \n        class=\"btn btn--primary\">\n    Innleide konsulenter<\/a>\n<\/div>\n                            <\/div>\n\n                    <\/div>\n\t\t              <\/div>\n    <div id=\"breadcrumbs\"><span><span><a href=\"https:\/\/www.interimsearch.com\/nb\/\">Hjem<\/a><\/span><\/span><\/div><\/section>\n\n<section id=\"text-block_559a3f87173886657642922768d0489d\" class=\"block text  margin-bottom_block_margin--medium  text--width-narrow text--align-left\">\n<div class=\"container\">\n    <div class=\"col\">\n        <div class=\"text\">\n            <div class=\"editor-content\"><p>Vi har en stor f\u00f6rst\u00e5else f\u00f6r interim rekrytering och hur processen skiljer sig fr\u00e5n mer traditionella s\u00e4tt att anst\u00e4lla personal. Interim Search levererar snabbt och med precision och lyckat ofta d\u00e4r andra rekryteringsf\u00f6retag misslyckats innan oss.<!-- notionvc: fb749c27-f34f-465d-ab82-7db5a2c435d6 --><\/p>\n<\/div>        <\/div>\n    <\/div>\n<\/div>\n<\/section>\n\n<section id=\"title-and-text-block_7435ea98238b86e70cbd3d98b412c666\" class=\"block title-and-text  margin-bottom_block_margin--small\">\n\t<div class=\"container_grid\">\n\t\t<div class=\"row_grid\">\n\t\t\t\t\t\t\t\t\t\t<div class=\"row__col row__col--lg-4 heading\">\n\t\t\t\t\t<h3 class=\"title\">Interim rekrytering f\u00f6r snabb och exakt spetskompetens<\/h3>\n\t\t\t\t<\/div>\n\t\t\t\t\t\t\t\t\t\t<div class=\"row__col row__col--lg-8\">\n\t\t\t\t\t<div class=\"editor-content\"><p class=\"p2\">M\u00e5nga f\u00f6retag anv\u00e4nder sig idag av interim rekrytering som komplement till det traditionella s\u00e4ttet att anst\u00e4lla personal. Anledningarna \u00e4r flera. Det kan det vara sv\u00e5rt att veta hur l\u00e4nge du har behov av personal.<\/p>\n<p class=\"p2\">Du vet att behovet finns just nu, men har ingen uppfattning om hur det kommer att se ut om sex m\u00e5nader, vilket \u00e4r en vanlig situation p\u00e5 dagens snabbr\u00f6rliga arbetsmarknad. Det kan ocks\u00e5 vara bra att f\u00e5 in kompetens utifr\u00e5n ibland n\u00e4r f\u00f6retaget har behov av n\u00e5gon extern f\u00f6r att rationalisera en verksamhet eller utveckla personal som inte fungerar. En kompetent konsult med utifr\u00e5nperspektiv , med gedigen arbetslivserfarenhet kan komma med nya infallsvinklar och l\u00f6sningar.<\/p>\n<p class=\"p2\">Det finns \u00e4ven situationer som b\u00f6r hanteras fr\u00e5n n\u00e5gon utifr\u00e5n d\u00e5 personen, efter att ha genomf\u00f6rt n\u00f6dv\u00e4ndiga f\u00f6r\u00e4ndringar, f\u00f6rsvinner ut ur organisationen. Med personen f\u00f6rsvinner d\u00e5 \u00e4ven de negativa associationer som kan ha uppst\u00e5tt hos personalen i samband med en st\u00f6rre f\u00f6r\u00e4ndring.<\/p>\n<\/div>\t\t\t\t<\/div>\n\t\t\t\t\t<\/div>\t\t\n\t<\/div>\n<\/section>\n\n<section id=\"title-and-text-block_6e2dcb7a4d106d5fb240ca53de12129b\" class=\"block title-and-text  margin-bottom_block_margin--medium\">\n\t<div class=\"container_grid\">\n\t\t<div class=\"row_grid\">\n\t\t\t\t\t\t\t\t\t\t<div class=\"row__col row__col--lg-4 heading\">\n\t\t\t\t\t<h3 class=\"title\">Varf\u00f6r hyra en interim konsult hos oss?<\/h3>\n\t\t\t\t<\/div>\n\t\t\t\t\t\t\t\t\t\t<div class=\"row__col row__col--lg-8\">\n\t\t\t\t\t<div class=\"editor-content\"><p class=\"p1\">En bra interim konsult b\u00f6r f\u00f6rutom att ha stor arbetslivserfarenhet ocks\u00e5 besitta flexibilitet och \u00f6dmjukhet och en f\u00f6rm\u00e5ga att snabbt s\u00e4tta sig i nya projekt och f\u00f6ruts\u00e4ttningar. Personal utifr\u00e5n har ofta tillg\u00e5ng till ett n\u00e4tverk som kan komma f\u00f6retaget till nytta. P\u00e5 grund av konsultens kompetens \u00e4r resultaten effektiva och varaktiga.<\/p>\n<p class=\"p1\">Vi har en stor f\u00f6rst\u00e5else f\u00f6r interim rekrytering och hur processen skiljer sig fr\u00e5n mer traditionella s\u00e4tt att anst\u00e4lla personal. Interim Search levererar snabbt och med precision och lyckat ofta d\u00e4r andra rekryteringsf\u00f6retag misslyckats innan oss. Vi erbjuder 48 timmars leveransgaranti och har konsulter \u00f6ver hela landet, f\u00f6r alla sorters organisationer, stora f\u00f6retag som sm\u00e5.<\/p>\n<\/div>\t\t\t\t<\/div>\n\t\t\t\t\t<\/div>\t\t\n\t<\/div>\n<\/section>\n\n<section id=\"text-and-image-block_e8c3ec83154c5cf689706a7765d2f18f\" class=\"block text-and-image  alignfull margin-bottom_block_margin--large  align-text--left bg-color--gray block-style--float\">\n<div class=\"container\">\n    <div class=\"col-text\">\n                        <p class=\"m-0\">Om du vill hyra en interim konsult hos oss \u00e4r du varmt v\u00e4lkommen att ringa oss p\u00e5 journummer 08-556 460 99 eller fylla i kontaktformul\u00e4ret h\u00e4r p\u00e5 hemsidan.<\/p>\n                    <\/div>\n        <div class=\"col-image\">\n        <img decoding=\"async\" loading=\"lazy\" src=\"https:\/\/www.interimsearch.com\/wp-content\/uploads\/2024\/09\/ele-171-1-1024x683.jpg\" alt=\"\" width=\"704\" height=\"490\">\n    <\/div>\n    <\/div>\n<\/section>","protected":false},"excerpt":{"rendered":"","protected":false},"author":1,"featured_media":0,"parent":0,"menu_order":156,"comment_status":"closed","ping_status":"closed","template":"tpl-awave-blocks.php","meta":{"_acf_changed":false,"footnotes":""},"class_list":["post-4874","page","type-page","status-publish","hentry"],"acf":[],"yoast_head":"<!-- This site is optimized with the Yoast SEO Premium plugin v25.9 (Yoast SEO v25.9) - https:\/\/yoast.com\/wordpress\/plugins\/seo\/ -->\n<title>Interim Rekrytering - 48 Leveransgaranti - Interim Search<\/title>\n<meta name=\"description\" content=\"En bra interim konsult b\u00f6r f\u00f6rutom att ha stor arbetslivserfarenhet ocks\u00e5 besitta flexibilitet och \u00f6dmjukhet och en f\u00f6rm\u00e5ga att snabbt s\u00e4tta sig i nya projekt och f\u00f6ruts\u00e4ttningar. Anpassad rekrytering \u2713 Branschoberoende \u2713 Kvalitetss\u00e4krade \u2713 48h leveransgaranti \u2713 Kontakta oss!\" \/>\n<meta name=\"robots\" content=\"index, follow, max-snippet:-1, max-image-preview:large, max-video-preview:-1\" \/>\n<link rel=\"canonical\" href=\"https:\/\/www.interimsearch.com\/nb\/interim-rekrytering\/\" \/>\n<meta property=\"og:locale\" content=\"nb_NO\" \/>\n<meta property=\"og:type\" content=\"article\" \/>\n<meta property=\"og:title\" content=\"Interim Rekrytering\" \/>\n<meta property=\"og:description\" content=\"En bra interim konsult b\u00f6r f\u00f6rutom att ha stor arbetslivserfarenhet ocks\u00e5 besitta flexibilitet och \u00f6dmjukhet och en f\u00f6rm\u00e5ga att snabbt s\u00e4tta sig i nya projekt och f\u00f6ruts\u00e4ttningar. Anpassad rekrytering \u2713 Branschoberoende \u2713 Kvalitetss\u00e4krade \u2713 48h leveransgaranti \u2713 Kontakta oss!\" \/>\n<meta property=\"og:url\" content=\"https:\/\/www.interimsearch.com\/nb\/interim-rekrytering\/\" \/>\n<meta property=\"og:site_name\" content=\"Interim Search\" \/>\n<meta property=\"article:modified_time\" content=\"2024-11-08T07:32:59+00:00\" \/>\n<meta property=\"og:image\" content=\"https:\/\/www.interimsearch.com\/wp-content\/uploads\/2025\/07\/Social-image.jpg\" \/>\n\t<meta property=\"og:image:width\" content=\"1200\" \/>\n\t<meta property=\"og:image:height\" content=\"630\" \/>\n\t<meta property=\"og:image:type\" content=\"image\/jpeg\" \/>\n<meta name=\"twitter:card\" content=\"summary_large_image\" \/>\n<script type=\"application\/ld+json\" class=\"yoast-schema-graph\">{\"@context\":\"https:\/\/schema.org\",\"@graph\":[{\"@type\":\"WebPage\",\"@id\":\"https:\/\/www.interimsearch.com\/interim-rekrytering\/\",\"url\":\"https:\/\/www.interimsearch.com\/interim-rekrytering\/\",\"name\":\"Interim Rekrytering - 48 Leveransgaranti - Interim Search\",\"isPartOf\":{\"@id\":\"https:\/\/www.interimsearch.com\/#website\"},\"datePublished\":\"2017-06-09T08:43:58+00:00\",\"dateModified\":\"2024-11-08T07:32:59+00:00\",\"description\":\"En bra interim konsult b\u00f6r f\u00f6rutom att ha stor arbetslivserfarenhet ocks\u00e5 besitta flexibilitet och \u00f6dmjukhet och en f\u00f6rm\u00e5ga att snabbt s\u00e4tta sig i nya projekt och f\u00f6ruts\u00e4ttningar. Anpassad rekrytering \u2713 Branschoberoende \u2713 Kvalitetss\u00e4krade \u2713 48h leveransgaranti \u2713 Kontakta oss!\",\"breadcrumb\":{\"@id\":\"https:\/\/www.interimsearch.com\/interim-rekrytering\/#breadcrumb\"},\"inLanguage\":\"nb-NO\",\"potentialAction\":[{\"@type\":\"ReadAction\",\"target\":[\"https:\/\/www.interimsearch.com\/interim-rekrytering\/\"]}]},{\"@type\":\"BreadcrumbList\",\"@id\":\"https:\/\/www.interimsearch.com\/interim-rekrytering\/#breadcrumb\",\"itemListElement\":[{\"@type\":\"ListItem\",\"position\":1,\"name\":\"Hem\",\"item\":\"https:\/\/www.interimsearch.com\/\"},{\"@type\":\"ListItem\",\"position\":2,\"name\":\"Interim Rekrytering\"}]},{\"@type\":\"WebSite\",\"@id\":\"https:\/\/www.interimsearch.com\/#website\",\"url\":\"https:\/\/www.interimsearch.com\/\",\"name\":\"Interim Search\",\"description\":\"\",\"potentialAction\":[{\"@type\":\"SearchAction\",\"target\":{\"@type\":\"EntryPoint\",\"urlTemplate\":\"https:\/\/www.interimsearch.com\/?s={search_term_string}\"},\"query-input\":{\"@type\":\"PropertyValueSpecification\",\"valueRequired\":true,\"valueName\":\"search_term_string\"}}],\"inLanguage\":\"nb-NO\"}]}<\/script>\n<!-- \/ Yoast SEO Premium plugin. -->","yoast_head_json":{"title":"Interim Rekrytering - 48 Leveransgaranti - Interim Search","description":"En bra interim konsult b\u00f6r f\u00f6rutom att ha stor arbetslivserfarenhet ocks\u00e5 besitta flexibilitet och \u00f6dmjukhet och en f\u00f6rm\u00e5ga att snabbt s\u00e4tta sig i nya projekt och f\u00f6ruts\u00e4ttningar. Anpassad rekrytering \u2713 Branschoberoende \u2713 Kvalitetss\u00e4krade \u2713 48h leveransgaranti \u2713 Kontakta oss!","robots":{"index":"index","follow":"follow","max-snippet":"max-snippet:-1","max-image-preview":"max-image-preview:large","max-video-preview":"max-video-preview:-1"},"canonical":"https:\/\/www.interimsearch.com\/nb\/interim-rekrytering\/","og_locale":"nb_NO","og_type":"article","og_title":"Interim Rekrytering","og_description":"En bra interim konsult b\u00f6r f\u00f6rutom att ha stor arbetslivserfarenhet ocks\u00e5 besitta flexibilitet och \u00f6dmjukhet och en f\u00f6rm\u00e5ga att snabbt s\u00e4tta sig i nya projekt och f\u00f6ruts\u00e4ttningar. Anpassad rekrytering \u2713 Branschoberoende \u2713 Kvalitetss\u00e4krade \u2713 48h leveransgaranti \u2713 Kontakta oss!","og_url":"https:\/\/www.interimsearch.com\/nb\/interim-rekrytering\/","og_site_name":"Interim Search","article_modified_time":"2024-11-08T07:32:59+00:00","og_image":[{"width":1200,"height":630,"url":"https:\/\/www.interimsearch.com\/wp-content\/uploads\/2025\/07\/Social-image.jpg","type":"image\/jpeg"}],"twitter_card":"summary_large_image","schema":{"@context":"https:\/\/schema.org","@graph":[{"@type":"WebPage","@id":"https:\/\/www.interimsearch.com\/interim-rekrytering\/","url":"https:\/\/www.interimsearch.com\/interim-rekrytering\/","name":"Interim Rekrytering - 48 Leveransgaranti - Interim Search","isPartOf":{"@id":"https:\/\/www.interimsearch.com\/#website"},"datePublished":"2017-06-09T08:43:58+00:00","dateModified":"2024-11-08T07:32:59+00:00","description":"En bra interim konsult b\u00f6r f\u00f6rutom att ha stor arbetslivserfarenhet ocks\u00e5 besitta flexibilitet och \u00f6dmjukhet och en f\u00f6rm\u00e5ga att snabbt s\u00e4tta sig i nya projekt och f\u00f6ruts\u00e4ttningar. Anpassad rekrytering \u2713 Branschoberoende \u2713 Kvalitetss\u00e4krade \u2713 48h leveransgaranti \u2713 Kontakta oss!","breadcrumb":{"@id":"https:\/\/www.interimsearch.com\/interim-rekrytering\/#breadcrumb"},"inLanguage":"nb-NO","potentialAction":[{"@type":"ReadAction","target":["https:\/\/www.interimsearch.com\/interim-rekrytering\/"]}]},{"@type":"BreadcrumbList","@id":"https:\/\/www.interimsearch.com\/interim-rekrytering\/#breadcrumb","itemListElement":[{"@type":"ListItem","position":1,"name":"Hem","item":"https:\/\/www.interimsearch.com\/"},{"@type":"ListItem","position":2,"name":"Interim Rekrytering"}]},{"@type":"WebSite","@id":"https:\/\/www.interimsearch.com\/#website","url":"https:\/\/www.interimsearch.com\/","name":"Midlertidig s\u00f8k","description":"","potentialAction":[{"@type":"SearchAction","target":{"@type":"EntryPoint","urlTemplate":"https:\/\/www.interimsearch.com\/?s={search_term_string}"},"query-input":{"@type":"PropertyValueSpecification","valueRequired":true,"valueName":"search_term_string"}}],"inLanguage":"nb-NO"}]}},"_links":{"self":[{"href":"https:\/\/www.interimsearch.com\/nb\/wp-json\/wp\/v2\/pages\/4874","targetHints":{"allow":["GET"]}}],"collection":[{"href":"https:\/\/www.interimsearch.com\/nb\/wp-json\/wp\/v2\/pages"}],"about":[{"href":"https:\/\/www.interimsearch.com\/nb\/wp-json\/wp\/v2\/types\/page"}],"author":[{"embeddable":true,"href":"https:\/\/www.interimsearch.com\/nb\/wp-json\/wp\/v2\/users\/1"}],"replies":[{"embeddable":true,"href":"https:\/\/www.interimsearch.com\/nb\/wp-json\/wp\/v2\/comments?post=4874"}],"version-history":[{"count":0,"href":"https:\/\/www.interimsearch.com\/nb\/wp-json\/wp\/v2\/pages\/4874\/revisions"}],"wp:attachment":[{"href":"https:\/\/www.interimsearch.com\/nb\/wp-json\/wp\/v2\/media?parent=4874"}],"curies":[{"name":"wp","href":"https:\/\/api.w.org\/{rel}","templated":true}]}}