{"id":4860,"date":"2017-06-08T14:16:56","date_gmt":"2017-06-08T12:16:56","guid":{"rendered":"https:\/\/www.interimsearch.com\/\/?page_id=4860"},"modified":"2024-09-25T03:13:28","modified_gmt":"2024-09-25T01:13:28","slug":"hyrrekrytering-ekonom","status":"publish","type":"page","link":"https:\/\/www.interimsearch.com\/nb\/hyrrekrytering-ekonom\/","title":{"rendered":"Hyrrekrytering Ekonom"},"content":{"rendered":"<style>\n    :root {\n        --desktop-bg: url(https:\/\/www.interimsearch.com\/wp-content\/uploads\/2024\/06\/inter-250-kopia.jpg);\n        --mobile-bg: url(https:\/\/www.interimsearch.com\/wp-content\/uploads\/2024\/06\/inter-250-kopia.jpg);\n        --phone-bg: url(https:\/\/www.interimsearch.com\/wp-content\/uploads\/2024\/06\/inter-250-kopia.jpg);\n    }\n\t\n\t\t\n\tsection.block.hero .container .content {\n\t\tpadding-top: 100px;\n\t}\n\t\n\tsection.block.hero .inner {\n\t\talign-items: flex-start;\n\t\tmin-height: 700px;\n\t}\n\n    <\/style>\n\n<section id=\"hero-block_7e1ae8e28501284c8ced4892cee92f44\" class=\"block hero  alignfull margin-bottom_block_margin--small  hero--small has-breadcrumbs\">\n    <div class=\"inner has-background\" style=\"background-image: url(https:\/\/www.interimsearch.com\/wp-content\/uploads\/2024\/06\/inter-250-kopia.jpg);\">\n        <div class=\"container\" style=\"\">\n            <div class=\"content\">\n                                    <h1>Hyrrekrytering Ekonom<\/h1>\n                                                                                            <\/div>\n\n                    <\/div>\n\t\t              <\/div>\n    <div id=\"breadcrumbs\"><span><span><a href=\"https:\/\/www.interimsearch.com\/nb\/\">Hjem<\/a><\/span><\/span><\/div><\/section>\n\n<section id=\"text-block_7f10729021000d68f7758a3fbf748ec2\" class=\"block text  margin-bottom_block_margin--medium  text--width-narrow text--align-left\">\n<div class=\"container\">\n    <div class=\"col\">\n        <div class=\"text\">\n            <div class=\"editor-content\"><p>Hyrrekrytering \u00e4r ett modernt s\u00e4tt att rekrytera personal p\u00e5 som \u00e4r v\u00e4l anpassat f\u00f6r dagens dynamiska arbetsmarknad. Interim Search \u00e4r specialiserade p\u00e5 att tills\u00e4tta tillf\u00e4lliga chefer och kvalificerade specialister, \u00e4ven kallat Interim Management.<!-- notionvc: f7b2816c-77e2-43ef-869d-820117e41e19 --><\/p>\n<\/div>        <\/div>\n    <\/div>\n<\/div>\n<\/section>\n\n<section id=\"title-and-text-block_403ab1be73daf60dcd18cc7ecd7b3857\" class=\"block title-and-text  margin-bottom_block_margin--small\">\n\t<div class=\"container_grid\">\n\t\t<div class=\"row_grid\">\n\t\t\t\t\t\t\t\t\t\t<div class=\"row__col row__col--lg-4 heading\">\n\t\t\t\t\t<h3 class=\"title\">Hyrrekrytering av ekonom genom Interim Search<\/h3>\n\t\t\t\t<\/div>\n\t\t\t\t\t\t\t\t\t\t<div class=\"row__col row__col--lg-8\">\n\t\t\t\t\t<div class=\"editor-content\"><p class=\"p1\">Har du behov av personal p\u00e5 ekonomiavdelningen just nu, men \u00e4r os\u00e4ker p\u00e5 hur situationen kommer att se ut de n\u00e4rmsta m\u00e5naderna? I s\u00e5 fall kan hyrrekrytering av ekonom vara ett l\u00e4mpligt alternativ f\u00f6r dig.<\/p>\n<p class=\"p1\">Om du hyr in en ekonom med tanken att senare anst\u00e4lla, f\u00e5r ni b\u00e5da m\u00f6jligheten att k\u00e4nna p\u00e5 varandra under en period innan ni best\u00e4mmer er om personen \u00e4r r\u00e4tt l\u00f6sning p\u00e5 l\u00e5ng sikt.<\/p>\n<p class=\"p1\">Under tiden som ni utv\u00e4rderar detta har ni tillg\u00e5ng till en kompetent interimskonsult som direkt kan bidra och avlasta er p\u00e5 kort sikt. Hyrrekrytering \u00e4r ett riskfritt s\u00e4tt f\u00f6r ditt f\u00f6retag att prova personens f\u00f6ruts\u00e4ttningar f\u00f6r jobbet p\u00e5 ett s\u00e4tt som en vanlig anst\u00e4llningsprocess inte erbjuder.<\/p>\n<p class=\"p1\">Rekrytering \u00e4r en komplex process som st\u00e4ller h\u00f6ga krav p\u00e5 de inblandade. Idag \u00e4r det v\u00e4ldigt vanligt att f\u00f6retag anlitar professionell hj\u00e4lp f\u00f6r detta och hyrrekrytering \u00e4r numera ett vanligt alternativ.<\/p>\n<p class=\"p1\">Precis som vid en vanlig rekrytering s\u00e5 genomf\u00f6r vi en kvalificerad rekryteringsprocess d\u00e4r vi hittar ekonomer med r\u00e4tt erfarenhet, utbildning och personliga egenskaper f\u00f6r att passa in p\u00e5 just ditt f\u00f6retag och den kravbild som finns.<\/p>\n<\/div>\t\t\t\t<\/div>\n\t\t\t\t\t<\/div>\t\t\n\t<\/div>\n<\/section>\n\n<section id=\"title-and-text-block_d3eda69010c2c0c7c3ec98d403388f94\" class=\"block title-and-text  margin-bottom_block_margin--small\">\n\t<div class=\"container_grid\">\n\t\t<div class=\"row_grid\">\n\t\t\t\t\t\t\t\t\t\t<div class=\"row__col row__col--lg-4 heading\">\n\t\t\t\t\t<h3 class=\"title\">Vill du hyrrekrytera en ekonom?<\/h3>\n\t\t\t\t<\/div>\n\t\t\t\t\t\t\t\t\t\t<div class=\"row__col row__col--lg-8\">\n\t\t\t\t\t<div class=\"editor-content\"><p class=\"p1\">Hyrrekrytering \u00e4r ett modernt s\u00e4tt att rekrytera personal p\u00e5 som \u00e4r v\u00e4l anpassat f\u00f6r dagens dynamiska arbetsmarknad. Interim Search \u00e4r specialiserade p\u00e5 att tills\u00e4tta tillf\u00e4lliga chefer och kvalificerade specialister, \u00e4ven kallat Interim Management.<\/p>\n<p class=\"p1\">Tack vare detta f\u00f6rst\u00e5r och beh\u00e4rskar rekryteringsprocessen och f\u00f6r oss \u00e4r det b\u00e4sta betyget vi kan f\u00e5 om du senare v\u00e4ljer att anst\u00e4lla v\u00e5r konsult. Du hyr in personen under avtalad tid och vi har kontinuerlig uppf\u00f6ljning under inhyrningsperioden. En avst\u00e4mning g\u00f6rs sedan innan konsulten anst\u00e4lls av dig.<\/p>\n<p class=\"p1\">En effektiv rekryteringsprocess hj\u00e4lper dig att hitta h\u00f6gpresterande medarbetare som kan hj\u00e4lpa er prestera b\u00e4ttre \u00e4n era konkurrenter och v\u00e5r rekryteringstj\u00e4nst kan vara precis vad du beh\u00f6ver.<\/p>\n<p class=\"p1\">Om du vill hyra in en ekonom med m\u00f6jlighet till senare anst\u00e4llning kommunicerar vi detta till de aktuella kandidaterna redan innan de tr\u00e4ffar er p\u00e5 intervju p\u00e5 det initiala konsultuppdraget. P\u00e5 s\u00e5 vis kan vi hitta en ekonom som kan t\u00e4nka sig att jobba hos dig efter uthyrningen.<\/p>\n<\/div>\t\t\t\t<\/div>\n\t\t\t\t\t<\/div>\t\t\n\t<\/div>\n<\/section>\n\n<section id=\"text-and-image-block_9398c9c4d1e60992ea80cd82df03e765\" class=\"block text-and-image  alignfull margin-bottom_block_margin--medium  align-text--left bg-color--gray block-style--float\">\n<div class=\"container\">\n    <div class=\"col-text\">\n                        <p class=\"m-0\">\u00c4r du intresserad av att hyrrekrytera en ekonom? Tveka inte att h\u00f6ra av dig till oss via journummer 08-556 460 99 eller kontaktformul\u00e4ret h\u00e4r p\u00e5 hemsidan, s\u00e5 kontaktar vi dig snarast f\u00f6r att ber\u00e4tta mer om vad vi kan g\u00f6ra f\u00f6r just ditt f\u00f6retag.\r\n<\/p>\n                    <\/div>\n        <div class=\"col-image\">\n        <img decoding=\"async\" loading=\"lazy\" src=\"https:\/\/www.interimsearch.com\/wp-content\/uploads\/2024\/09\/ele-142-1024x683.jpg\" alt=\"\" width=\"704\" height=\"490\">\n    <\/div>\n    <\/div>\n<\/section>","protected":false},"excerpt":{"rendered":"","protected":false},"author":1,"featured_media":0,"parent":0,"menu_order":158,"comment_status":"closed","ping_status":"closed","template":"tpl-awave-blocks.php","meta":{"_acf_changed":false,"footnotes":""},"class_list":["post-4860","page","type-page","status-publish","hentry"],"acf":[],"yoast_head":"<!-- This site is optimized with the Yoast SEO Premium plugin v25.9 (Yoast SEO v25.9) - https:\/\/yoast.com\/wordpress\/plugins\/seo\/ -->\n<title>Hyrrekrytering av ekonom - 48h leveransgaranti - Interim Search<\/title>\n<meta name=\"description\" content=\"En effektiv rekryteringsprocess hj\u00e4lper dig att hitta h\u00f6gpresterande ekonomer som kan hj\u00e4lpa er prestera b\u00e4ttre \u00e4n era konkurrenter och v\u00e5r rekryteringstj\u00e4nst kan vara precis vad du beh\u00f6ver. Anpassad rekrytering \u2713 Branschoberoende \u2713 Kvalitetss\u00e4krade \u2713 48h leveransgaranti \u2713 Ring oss idag!\" \/>\n<meta name=\"robots\" content=\"index, follow, max-snippet:-1, max-image-preview:large, max-video-preview:-1\" \/>\n<link rel=\"canonical\" href=\"https:\/\/www.interimsearch.com\/nb\/hyrrekrytering-ekonom\/\" \/>\n<meta property=\"og:locale\" content=\"nb_NO\" \/>\n<meta property=\"og:type\" content=\"article\" \/>\n<meta property=\"og:title\" content=\"Hyrrekrytering Ekonom\" \/>\n<meta property=\"og:description\" content=\"En effektiv rekryteringsprocess hj\u00e4lper dig att hitta h\u00f6gpresterande ekonomer som kan hj\u00e4lpa er prestera b\u00e4ttre \u00e4n era konkurrenter och v\u00e5r rekryteringstj\u00e4nst kan vara precis vad du beh\u00f6ver. Anpassad rekrytering \u2713 Branschoberoende \u2713 Kvalitetss\u00e4krade \u2713 48h leveransgaranti \u2713 Ring oss idag!\" \/>\n<meta property=\"og:url\" content=\"https:\/\/www.interimsearch.com\/nb\/hyrrekrytering-ekonom\/\" \/>\n<meta property=\"og:site_name\" content=\"Interim Search\" \/>\n<meta property=\"article:modified_time\" content=\"2024-09-25T01:13:28+00:00\" \/>\n<meta property=\"og:image\" content=\"https:\/\/www.interimsearch.com\/wp-content\/uploads\/2025\/07\/Social-image.jpg\" \/>\n\t<meta property=\"og:image:width\" content=\"1200\" \/>\n\t<meta property=\"og:image:height\" content=\"630\" \/>\n\t<meta property=\"og:image:type\" content=\"image\/jpeg\" \/>\n<meta name=\"twitter:card\" content=\"summary_large_image\" \/>\n<script type=\"application\/ld+json\" class=\"yoast-schema-graph\">{\"@context\":\"https:\/\/schema.org\",\"@graph\":[{\"@type\":\"WebPage\",\"@id\":\"https:\/\/www.interimsearch.com\/hyrrekrytering-ekonom\/\",\"url\":\"https:\/\/www.interimsearch.com\/hyrrekrytering-ekonom\/\",\"name\":\"Hyrrekrytering av ekonom - 48h leveransgaranti - Interim Search\",\"isPartOf\":{\"@id\":\"https:\/\/www.interimsearch.com\/#website\"},\"datePublished\":\"2017-06-08T12:16:56+00:00\",\"dateModified\":\"2024-09-25T01:13:28+00:00\",\"description\":\"En effektiv rekryteringsprocess hj\u00e4lper dig att hitta h\u00f6gpresterande ekonomer som kan hj\u00e4lpa er prestera b\u00e4ttre \u00e4n era konkurrenter och v\u00e5r rekryteringstj\u00e4nst kan vara precis vad du beh\u00f6ver. Anpassad rekrytering \u2713 Branschoberoende \u2713 Kvalitetss\u00e4krade \u2713 48h leveransgaranti \u2713 Ring oss idag!\",\"breadcrumb\":{\"@id\":\"https:\/\/www.interimsearch.com\/hyrrekrytering-ekonom\/#breadcrumb\"},\"inLanguage\":\"nb-NO\",\"potentialAction\":[{\"@type\":\"ReadAction\",\"target\":[\"https:\/\/www.interimsearch.com\/hyrrekrytering-ekonom\/\"]}]},{\"@type\":\"BreadcrumbList\",\"@id\":\"https:\/\/www.interimsearch.com\/hyrrekrytering-ekonom\/#breadcrumb\",\"itemListElement\":[{\"@type\":\"ListItem\",\"position\":1,\"name\":\"Hem\",\"item\":\"https:\/\/www.interimsearch.com\/\"},{\"@type\":\"ListItem\",\"position\":2,\"name\":\"Hyrrekrytering Ekonom\"}]},{\"@type\":\"WebSite\",\"@id\":\"https:\/\/www.interimsearch.com\/#website\",\"url\":\"https:\/\/www.interimsearch.com\/\",\"name\":\"Interim Search\",\"description\":\"\",\"potentialAction\":[{\"@type\":\"SearchAction\",\"target\":{\"@type\":\"EntryPoint\",\"urlTemplate\":\"https:\/\/www.interimsearch.com\/?s={search_term_string}\"},\"query-input\":{\"@type\":\"PropertyValueSpecification\",\"valueRequired\":true,\"valueName\":\"search_term_string\"}}],\"inLanguage\":\"nb-NO\"}]}<\/script>\n<!-- \/ Yoast SEO Premium plugin. -->","yoast_head_json":{"title":"Hyrrekrytering av ekonom - 48h leveransgaranti - Interim Search","description":"En effektiv rekryteringsprocess hj\u00e4lper dig att hitta h\u00f6gpresterande ekonomer som kan hj\u00e4lpa er prestera b\u00e4ttre \u00e4n era konkurrenter och v\u00e5r rekryteringstj\u00e4nst kan vara precis vad du beh\u00f6ver. Anpassad rekrytering \u2713 Branschoberoende \u2713 Kvalitetss\u00e4krade \u2713 48h leveransgaranti \u2713 Ring oss idag!","robots":{"index":"index","follow":"follow","max-snippet":"max-snippet:-1","max-image-preview":"max-image-preview:large","max-video-preview":"max-video-preview:-1"},"canonical":"https:\/\/www.interimsearch.com\/nb\/hyrrekrytering-ekonom\/","og_locale":"nb_NO","og_type":"article","og_title":"Hyrrekrytering Ekonom","og_description":"En effektiv rekryteringsprocess hj\u00e4lper dig att hitta h\u00f6gpresterande ekonomer som kan hj\u00e4lpa er prestera b\u00e4ttre \u00e4n era konkurrenter och v\u00e5r rekryteringstj\u00e4nst kan vara precis vad du beh\u00f6ver. Anpassad rekrytering \u2713 Branschoberoende \u2713 Kvalitetss\u00e4krade \u2713 48h leveransgaranti \u2713 Ring oss idag!","og_url":"https:\/\/www.interimsearch.com\/nb\/hyrrekrytering-ekonom\/","og_site_name":"Interim Search","article_modified_time":"2024-09-25T01:13:28+00:00","og_image":[{"width":1200,"height":630,"url":"https:\/\/www.interimsearch.com\/wp-content\/uploads\/2025\/07\/Social-image.jpg","type":"image\/jpeg"}],"twitter_card":"summary_large_image","schema":{"@context":"https:\/\/schema.org","@graph":[{"@type":"WebPage","@id":"https:\/\/www.interimsearch.com\/hyrrekrytering-ekonom\/","url":"https:\/\/www.interimsearch.com\/hyrrekrytering-ekonom\/","name":"Hyrrekrytering av ekonom - 48h leveransgaranti - Interim Search","isPartOf":{"@id":"https:\/\/www.interimsearch.com\/#website"},"datePublished":"2017-06-08T12:16:56+00:00","dateModified":"2024-09-25T01:13:28+00:00","description":"En effektiv rekryteringsprocess hj\u00e4lper dig att hitta h\u00f6gpresterande ekonomer som kan hj\u00e4lpa er prestera b\u00e4ttre \u00e4n era konkurrenter och v\u00e5r rekryteringstj\u00e4nst kan vara precis vad du beh\u00f6ver. Anpassad rekrytering \u2713 Branschoberoende \u2713 Kvalitetss\u00e4krade \u2713 48h leveransgaranti \u2713 Ring oss idag!","breadcrumb":{"@id":"https:\/\/www.interimsearch.com\/hyrrekrytering-ekonom\/#breadcrumb"},"inLanguage":"nb-NO","potentialAction":[{"@type":"ReadAction","target":["https:\/\/www.interimsearch.com\/hyrrekrytering-ekonom\/"]}]},{"@type":"BreadcrumbList","@id":"https:\/\/www.interimsearch.com\/hyrrekrytering-ekonom\/#breadcrumb","itemListElement":[{"@type":"ListItem","position":1,"name":"Hem","item":"https:\/\/www.interimsearch.com\/"},{"@type":"ListItem","position":2,"name":"Hyrrekrytering Ekonom"}]},{"@type":"WebSite","@id":"https:\/\/www.interimsearch.com\/#website","url":"https:\/\/www.interimsearch.com\/","name":"Midlertidig s\u00f8k","description":"","potentialAction":[{"@type":"SearchAction","target":{"@type":"EntryPoint","urlTemplate":"https:\/\/www.interimsearch.com\/?s={search_term_string}"},"query-input":{"@type":"PropertyValueSpecification","valueRequired":true,"valueName":"search_term_string"}}],"inLanguage":"nb-NO"}]}},"_links":{"self":[{"href":"https:\/\/www.interimsearch.com\/nb\/wp-json\/wp\/v2\/pages\/4860","targetHints":{"allow":["GET"]}}],"collection":[{"href":"https:\/\/www.interimsearch.com\/nb\/wp-json\/wp\/v2\/pages"}],"about":[{"href":"https:\/\/www.interimsearch.com\/nb\/wp-json\/wp\/v2\/types\/page"}],"author":[{"embeddable":true,"href":"https:\/\/www.interimsearch.com\/nb\/wp-json\/wp\/v2\/users\/1"}],"replies":[{"embeddable":true,"href":"https:\/\/www.interimsearch.com\/nb\/wp-json\/wp\/v2\/comments?post=4860"}],"version-history":[{"count":0,"href":"https:\/\/www.interimsearch.com\/nb\/wp-json\/wp\/v2\/pages\/4860\/revisions"}],"wp:attachment":[{"href":"https:\/\/www.interimsearch.com\/nb\/wp-json\/wp\/v2\/media?parent=4860"}],"curies":[{"name":"wp","href":"https:\/\/api.w.org\/{rel}","templated":true}]}}