{"id":485,"date":"2016-03-15T15:26:12","date_gmt":"2016-03-15T14:26:12","guid":{"rendered":"https:\/\/www.interimsearch.com\/.preview.binero.se\/\/?page_id=485"},"modified":"2026-02-13T17:35:24","modified_gmt":"2026-02-13T16:35:24","slug":"riktlinjer","status":"publish","type":"page","link":"https:\/\/www.interimsearch.com\/nb\/om-oss\/riktlinjer\/","title":{"rendered":"Etiske retningslinjer"},"content":{"rendered":"<style>\n    :root {\n        --desktop-bg: url(https:\/\/www.interimsearch.com\/wp-content\/uploads\/2025\/02\/intehem-187-Forbattrat-BR.jpg);\n        --mobile-bg: url(https:\/\/www.interimsearch.com\/wp-content\/uploads\/2025\/02\/intehem-187-Forbattrat-BR.jpg);\n        --phone-bg: url(https:\/\/www.interimsearch.com\/wp-content\/uploads\/2025\/02\/intehem-187-Forbattrat-BR.jpg);\n    }\n\t\n\t\t\n\tsection.block.hero .container .content {\n\t\tpadding-top: 100px;\n\t}\n\t\n\tsection.block.hero .inner {\n\t\talign-items: flex-start;\n\t\tmin-height: 700px;\n\t}\n\n    <\/style>\n\n<section id=\"hero-block_997ccd42d1b631540a91e1c5f39d88c2\" class=\"block hero  alignfull margin-bottom_block_margin--small\">\n    <div class=\"inner has-background\" style=\"background-image: url(https:\/\/www.interimsearch.com\/wp-content\/uploads\/2025\/02\/intehem-187-Forbattrat-BR.jpg);\">\n        <div class=\"container\" style=\"\">\n            <div class=\"content\">\n                                    <h1>Etiske retningslinjer<\/h1>\n                                                    <p>Som rekryteringsbyr\u00e5 anser vi oss ha ett stort ansvar. Ansvaret g\u00e4ller s\u00e5v\u00e4l mot v\u00e5ra uppdragsgivare som mot anst\u00e4llda, underkonsulter och \u00f6vriga samarbetspartners.<\/p>\n                                                                            <\/div>\n\n                    <\/div>\n\t\t              <\/div>\n    <\/section>\n\n<section id=\"text-block_a3d85d534930ab0cbf3c59ee09b83ac5\" class=\"block text  margin-bottom_block_margin--small  text--width-narrow text--align-left\">\n<div class=\"container\">\n    <div class=\"col\">\n        <div class=\"text\">\n            <div class=\"editor-content\"><h4 class=\"p1\"><b>Vi agerar f\u00f6r bolagets, v\u00e5ra intressenters och samh\u00e4llets b\u00e4sta<\/p>\n<p><\/b><\/h4>\n<ul>\n<li>All information om v\u00e5ra kunder och kandidater behandlas konfidentiellt.<\/li>\n<li>Vi sprider inte information till tredje part ut\u00f6ver det som har en tydlig aff\u00e4rsnytta.<\/li>\n<li>Vi ger alltid feedback till kandidater och har som ambition att alla involverade ska ha en positiv rekryteringsprocess.<\/li>\n<li>All information om v\u00e5ra kandidater hanteras i enlighet med Interim Search data- &amp; sekretesspolicy.<\/li>\n<li>Vi \u00e5tar oss inte parallella uppdrag som konkurrerar om samma kandidater.<\/li>\n<li>Vi orienterar inte utifr\u00e5n k\u00f6n, \u00e5lder, sexuell l\u00e4ggning eller annan demografi.<\/li>\n<\/ul>\n<\/div>        <\/div>\n    <\/div>\n<\/div>\n<\/section>\n\n<section id=\"multi-column-text-block_05a8cae26d67d40305dc1e9449f6077a\" class=\"block multi-column-text  margin-bottom_block_margin--small\">\n\t<div class=\"container_grid\">\n\t\t<div class=\"row_grid\">\n\t\t\t\t\t\t\t<div class=\"row__col heading\">\n\t\t\t\t\t<h2 class=\"title\">V\u00e5ra grundl\u00e4ggande v\u00e4rderingar<\/h2>\n\t\t\t\t<\/div>\n\t\t\t\t\t<\/div>\n\t\t\t\t\t\t\n\t\t\t<div class=\"row_grid text-columns\">\n\t\t\t\t\t\t\t\t\t<div class=\"row__col row__col--md-4\">\n\t\t\t\t\t\t<div class=\"editor-content\"><p><strong>Enkel<\/strong> \u2013 Hos oss \u00e4r det enkelt att vara kund. Vi f\u00f6rpackar och levererar v\u00e5ra tj\u00e4nster p\u00e5 ett enkelt s\u00e4tt. Vi \u00e4r l\u00e4tta att f\u00f6rst\u00e5, smidiga att samarbeta med och v\u00e4ldigt enkla att tycka om.<\/p>\n<\/div>\t\t\t\t\t<\/div>\n\t\t\t\t\t\t\t\t\t<div class=\"row__col row__col--md-4\">\n\t\t\t\t\t\t<div class=\"editor-content\"><p><strong>Trygg<\/strong> \u2013 Att arbeta med oss \u00e4r tryggt. B\u00e5de som kund och kandidat. En trygghet som vi f\u00f6rankrat med seniora medarbetare, f\u00f6rs\u00e4kringar, garantier samt tillg\u00e4nglighet och ansvarsk\u00e4nsla genom hela samarbetet.<\/p>\n<\/div>\t\t\t\t\t<\/div>\n\t\t\t\t\t\t\t\t\t<div class=\"row__col row__col--md-4\">\n\t\t\t\t\t\t<div class=\"editor-content\"><p><strong>Fram\u00e5tlutad<\/strong> \u2013 V\u00e5rt aff\u00e4rssystem och s\u00e4ttet det anv\u00e4nds ska alltid ligga i framkant. Vi \u00e4r st\u00e4ndigt p\u00e5 v\u00e4g, med str\u00e4van efter f\u00f6rb\u00e4ttring. Vi st\u00e5r aldrig still och bra kan alltid bli b\u00e4ttre<\/p>\n<\/div>\t\t\t\t\t<\/div>\n\t\t\t\t\t\t\t<\/div>\t\n\t\t\t<\/div>\n<\/section>\n\n<section id=\"link-block-block_35a7bb1565fb667548adc7fed7cc43b1\" class=\"block link-block\">\n\t<div class=\"container_grid\">\n\t\t\n\t\t\t<\/div>\n<\/section>\n\n<section id=\"files-block-block_621895871877d9ef2c859a08d31dc231\" class=\"block files-block\">\n\t<div class=\"container_grid\">\n\t\t\n\t\t\t<\/div>\n<\/section>","protected":false},"excerpt":{"rendered":"","protected":false},"author":1,"featured_media":0,"parent":180,"menu_order":126,"comment_status":"closed","ping_status":"closed","template":"tpl-awave-blocks.php","meta":{"_acf_changed":false,"footnotes":""},"class_list":["post-485","page","type-page","status-publish","hentry"],"acf":[],"yoast_head":"<!-- This site is optimized with the Yoast SEO Premium plugin v25.9 (Yoast SEO v25.9) - https:\/\/yoast.com\/wordpress\/plugins\/seo\/ -->\n<title>Etiska riktlinjer - Interim Search<\/title>\n<meta name=\"robots\" content=\"index, follow, max-snippet:-1, max-image-preview:large, max-video-preview:-1\" \/>\n<link rel=\"canonical\" href=\"https:\/\/www.interimsearch.com\/nb\/om-oss\/riktlinjer\/\" \/>\n<meta property=\"og:locale\" content=\"nb_NO\" \/>\n<meta property=\"og:type\" content=\"article\" \/>\n<meta property=\"og:title\" content=\"Etiska riktlinjer\" \/>\n<meta property=\"og:url\" content=\"https:\/\/www.interimsearch.com\/nb\/om-oss\/riktlinjer\/\" \/>\n<meta property=\"og:site_name\" content=\"Interim Search\" \/>\n<meta property=\"article:modified_time\" content=\"2026-02-13T16:35:24+00:00\" \/>\n<meta property=\"og:image\" content=\"https:\/\/www.interimsearch.com\/wp-content\/uploads\/2025\/07\/Social-image.jpg\" \/>\n\t<meta property=\"og:image:width\" content=\"1200\" \/>\n\t<meta property=\"og:image:height\" content=\"630\" \/>\n\t<meta property=\"og:image:type\" content=\"image\/jpeg\" \/>\n<meta name=\"twitter:card\" content=\"summary_large_image\" \/>\n<script type=\"application\/ld+json\" class=\"yoast-schema-graph\">{\"@context\":\"https:\/\/schema.org\",\"@graph\":[{\"@type\":\"WebPage\",\"@id\":\"https:\/\/www.interimsearch.com\/om-oss\/riktlinjer\/\",\"url\":\"https:\/\/www.interimsearch.com\/om-oss\/riktlinjer\/\",\"name\":\"Etiska riktlinjer - Interim Search\",\"isPartOf\":{\"@id\":\"https:\/\/www.interimsearch.com\/#website\"},\"datePublished\":\"2016-03-15T14:26:12+00:00\",\"dateModified\":\"2026-02-13T16:35:24+00:00\",\"breadcrumb\":{\"@id\":\"https:\/\/www.interimsearch.com\/om-oss\/riktlinjer\/#breadcrumb\"},\"inLanguage\":\"nb-NO\",\"potentialAction\":[{\"@type\":\"ReadAction\",\"target\":[\"https:\/\/www.interimsearch.com\/om-oss\/riktlinjer\/\"]}]},{\"@type\":\"BreadcrumbList\",\"@id\":\"https:\/\/www.interimsearch.com\/om-oss\/riktlinjer\/#breadcrumb\",\"itemListElement\":[{\"@type\":\"ListItem\",\"position\":1,\"name\":\"Hem\",\"item\":\"https:\/\/www.interimsearch.com\/\"},{\"@type\":\"ListItem\",\"position\":2,\"name\":\"Om Interim Search\",\"item\":\"https:\/\/www.interimsearch.com\/om-oss\/\"},{\"@type\":\"ListItem\",\"position\":3,\"name\":\"Etiska riktlinjer\"}]},{\"@type\":\"WebSite\",\"@id\":\"https:\/\/www.interimsearch.com\/#website\",\"url\":\"https:\/\/www.interimsearch.com\/\",\"name\":\"Interim Search\",\"description\":\"\",\"potentialAction\":[{\"@type\":\"SearchAction\",\"target\":{\"@type\":\"EntryPoint\",\"urlTemplate\":\"https:\/\/www.interimsearch.com\/?s={search_term_string}\"},\"query-input\":{\"@type\":\"PropertyValueSpecification\",\"valueRequired\":true,\"valueName\":\"search_term_string\"}}],\"inLanguage\":\"nb-NO\"}]}<\/script>\n<!-- \/ Yoast SEO Premium plugin. -->","yoast_head_json":{"title":"Etiska riktlinjer - Interim Search","robots":{"index":"index","follow":"follow","max-snippet":"max-snippet:-1","max-image-preview":"max-image-preview:large","max-video-preview":"max-video-preview:-1"},"canonical":"https:\/\/www.interimsearch.com\/nb\/om-oss\/riktlinjer\/","og_locale":"nb_NO","og_type":"article","og_title":"Etiska riktlinjer","og_url":"https:\/\/www.interimsearch.com\/nb\/om-oss\/riktlinjer\/","og_site_name":"Interim Search","article_modified_time":"2026-02-13T16:35:24+00:00","og_image":[{"width":1200,"height":630,"url":"https:\/\/www.interimsearch.com\/wp-content\/uploads\/2025\/07\/Social-image.jpg","type":"image\/jpeg"}],"twitter_card":"summary_large_image","schema":{"@context":"https:\/\/schema.org","@graph":[{"@type":"WebPage","@id":"https:\/\/www.interimsearch.com\/om-oss\/riktlinjer\/","url":"https:\/\/www.interimsearch.com\/om-oss\/riktlinjer\/","name":"Etiska riktlinjer - Interim Search","isPartOf":{"@id":"https:\/\/www.interimsearch.com\/#website"},"datePublished":"2016-03-15T14:26:12+00:00","dateModified":"2026-02-13T16:35:24+00:00","breadcrumb":{"@id":"https:\/\/www.interimsearch.com\/om-oss\/riktlinjer\/#breadcrumb"},"inLanguage":"nb-NO","potentialAction":[{"@type":"ReadAction","target":["https:\/\/www.interimsearch.com\/om-oss\/riktlinjer\/"]}]},{"@type":"BreadcrumbList","@id":"https:\/\/www.interimsearch.com\/om-oss\/riktlinjer\/#breadcrumb","itemListElement":[{"@type":"ListItem","position":1,"name":"Hem","item":"https:\/\/www.interimsearch.com\/"},{"@type":"ListItem","position":2,"name":"Om Interim Search","item":"https:\/\/www.interimsearch.com\/om-oss\/"},{"@type":"ListItem","position":3,"name":"Etiska riktlinjer"}]},{"@type":"WebSite","@id":"https:\/\/www.interimsearch.com\/#website","url":"https:\/\/www.interimsearch.com\/","name":"Midlertidig s\u00f8k","description":"","potentialAction":[{"@type":"SearchAction","target":{"@type":"EntryPoint","urlTemplate":"https:\/\/www.interimsearch.com\/?s={search_term_string}"},"query-input":{"@type":"PropertyValueSpecification","valueRequired":true,"valueName":"search_term_string"}}],"inLanguage":"nb-NO"}]}},"_links":{"self":[{"href":"https:\/\/www.interimsearch.com\/nb\/wp-json\/wp\/v2\/pages\/485","targetHints":{"allow":["GET"]}}],"collection":[{"href":"https:\/\/www.interimsearch.com\/nb\/wp-json\/wp\/v2\/pages"}],"about":[{"href":"https:\/\/www.interimsearch.com\/nb\/wp-json\/wp\/v2\/types\/page"}],"author":[{"embeddable":true,"href":"https:\/\/www.interimsearch.com\/nb\/wp-json\/wp\/v2\/users\/1"}],"replies":[{"embeddable":true,"href":"https:\/\/www.interimsearch.com\/nb\/wp-json\/wp\/v2\/comments?post=485"}],"version-history":[{"count":1,"href":"https:\/\/www.interimsearch.com\/nb\/wp-json\/wp\/v2\/pages\/485\/revisions"}],"predecessor-version":[{"id":75502,"href":"https:\/\/www.interimsearch.com\/nb\/wp-json\/wp\/v2\/pages\/485\/revisions\/75502"}],"up":[{"embeddable":true,"href":"https:\/\/www.interimsearch.com\/nb\/wp-json\/wp\/v2\/pages\/180"}],"wp:attachment":[{"href":"https:\/\/www.interimsearch.com\/nb\/wp-json\/wp\/v2\/media?parent=485"}],"curies":[{"name":"wp","href":"https:\/\/api.w.org\/{rel}","templated":true}]}}