{"id":4641,"date":"2017-01-02T09:57:35","date_gmt":"2017-01-02T08:57:35","guid":{"rendered":"https:\/\/www.interimsearch.com\/\/?page_id=4641"},"modified":"2024-09-25T15:32:36","modified_gmt":"2024-09-25T13:32:36","slug":"interim-hr-chef-stockholm","status":"publish","type":"page","link":"https:\/\/www.interimsearch.com\/nb\/interim-hr-chef-stockholm\/","title":{"rendered":"Interim HR Chef Stockholm"},"content":{"rendered":"<style>\n    :root {\n        --desktop-bg: url(https:\/\/www.interimsearch.com\/wp-content\/uploads\/2024\/09\/inter-250-2-e1744287486536.jpg);\n        --mobile-bg: url(https:\/\/www.interimsearch.com\/wp-content\/uploads\/2024\/09\/inter-250-2-e1744287486536.jpg);\n        --phone-bg: url(https:\/\/www.interimsearch.com\/wp-content\/uploads\/2024\/09\/inter-250-2-e1744287486536.jpg);\n    }\n\t\n\t\t\n\tsection.block.hero .container .content {\n\t\tpadding-top: 100px;\n\t}\n\t\n\tsection.block.hero .inner {\n\t\talign-items: flex-start;\n\t\tmin-height: 700px;\n\t}\n\n    <\/style>\n\n<section id=\"hero-block_2670dc4c179a5e68e565cf3939c38153\" class=\"block hero  alignfull margin-bottom_block_margin--small  hero--small has-breadcrumbs\">\n    <div class=\"inner has-background has-shadow\" style=\"background-image: url(https:\/\/www.interimsearch.com\/wp-content\/uploads\/2024\/09\/inter-250-2-e1744287486536.jpg);\">\n        <div class=\"container\" style=\"\">\n            <div class=\"content\">\n                                    <h1>Interim HR Chef Stockholm<\/h1>\n                                                                                            <\/div>\n\n                    <\/div>\n\t\t              <\/div>\n    <div id=\"breadcrumbs\"><span><span><a href=\"https:\/\/www.interimsearch.com\/nb\/\">Hjem<\/a><\/span><\/span><\/div><\/section>\n\n<section id=\"text-block_c35e2a74aec740d2fe2f8a99291a5850\" class=\"block text  margin-bottom_block_margin--medium  text--width-narrow text--align-left\">\n<div class=\"container\">\n    <div class=\"col\">\n        <div class=\"text\">\n            <div class=\"editor-content\"><p>V\u00e4lkommen till Interim Search n\u00e4r du beh\u00f6ver en interim HR-chef i Stockholm. Vi \u00e4r ett f\u00f6retag som hyr ut konsulter, och vi har specialiserat oss p\u00e5 att hitta kandidater f\u00f6r just aff\u00e4rskritiska positioner och specifika befattningar. <!-- notionvc: d80f5235-7e29-489d-9758-a9056448611c --><\/p>\n<\/div>        <\/div>\n    <\/div>\n<\/div>\n<\/section>\n\n<section id=\"multi-column-text-block_5f7d64d79e7a7797c8bc65f63bd0194a\" class=\"block multi-column-text  margin-bottom_block_margin--small\">\n\t<div class=\"container_grid\">\n\t\t<div class=\"row_grid\">\n\t\t\t\t\t<\/div>\n\t\t\t\t\t\t\n\t\t\t<div class=\"row_grid text-columns\">\n\t\t\t\t\t\t\t\t\t<div class=\"row__col row__col--md-6\">\n\t\t\t\t\t\t<div class=\"editor-content\"><p><strong>Med ett stort n\u00e4tverk best\u00e5ende av \u00f6ver 15.000 intervjuade interimskonsulter har vi goda m\u00f6jligheter att med h\u00f6g precision matcha precis r\u00e4tt kandidat med den kompetens och kunskap som ni efterfr\u00e5gar f\u00f6r rollen som HR-chef.<\/strong><\/p>\n<\/div>\t\t\t\t\t<\/div>\n\t\t\t\t\t\t\t\t\t<div class=\"row__col row__col--md-6\">\n\t\t\t\t\t\t<div class=\"editor-content\"><p>Vi vet att det ofta \u00e4r br\u00e5ttom att tills\u00e4tta r\u00e4tt person och med oss har ni alltid en leveransgaranti p\u00e5 48 timmar, vilket g\u00f6r att l\u00f6sningen aldrig \u00e4r l\u00e5ngt borta.<\/p>\n<\/div>\t\t\t\t\t<\/div>\n\t\t\t\t\t\t\t<\/div>\t\n\t\t\t<\/div>\n<\/section>\n\n<section id=\"text-block_227435329d15e2a32b37640b754ff4c6\" class=\"block text  margin-bottom_block_margin--medium  text--width-narrow text--align-left\">\n<div class=\"container\">\n    <div class=\"col\">\n        <div class=\"text\">\n                    <\/div>\n    <\/div>\n<\/div>\n<\/section>\n\n<section id=\"multi-column-text-block_7f9b1972b42005fb89998c56b149afc5\" class=\"block multi-column-text  margin-bottom_block_margin--small\">\n\t<div class=\"container_grid\">\n\t\t<div class=\"row_grid\">\n\t\t\t\t\t\t\t<div class=\"row__col heading\">\n\t\t\t\t\t<h2 class=\"title\">Varf\u00f6r en interim HR-chef?<\/h2>\n\t\t\t\t<\/div>\n\t\t\t\t\t<\/div>\n\t\t\t\t\t\t\n\t\t\t<div class=\"row_grid text-columns\">\n\t\t\t\t\t\t\t\t\t<div class=\"row__col row__col--md-3\">\n\t\t\t\t\t\t<div class=\"editor-content\"><p>Det finns m\u00e5nga tillf\u00e4llen d\u00e5 man kan beh\u00f6va ta in en interimskonsult i f\u00f6retaget exempelvis vid f\u00f6r\u00e4ldraledigheter, l\u00e5ngtidssjukskrivningar eller vid upps\u00e4gningar.<\/p>\n<\/div>\t\t\t\t\t<\/div>\n\t\t\t\t\t\t\t\t\t<div class=\"row__col row__col--md-3\">\n\t\t\t\t\t\t<div class=\"editor-content\"><p>Vi har l\u00e5ng erfarenhet att tills\u00e4tta konsulter inom HR-omr\u00e5det som kan bist\u00e5 med ny v\u00e4rdefull kunskap och erfarenhet. En interimskonsult kan dessutom komma med nya perspektiv och insikter utan att vara p\u00e5verkad av det som skett tidigare i verksamheten.<\/p>\n<\/div>\t\t\t\t\t<\/div>\n\t\t\t\t\t\t\t\t\t<div class=\"row__col row__col--md-3\">\n\t\t\t\t\t\t<div class=\"editor-content\"><p>Vi arbetar alltid flexibelt och utifr\u00e5n dina behov och f\u00f6ruts\u00e4ttningar som kund och med oss kan du anlita en interimskonsult inom HR f\u00f6r s\u00e5 l\u00e5ng eller kort period du beh\u00f6ver.<\/p>\n<\/div>\t\t\t\t\t<\/div>\n\t\t\t\t\t\t\t\t\t<div class=\"row__col row__col--md-3\">\n\t\t\t\t\t\t<div class=\"editor-content\"><p>V\u00e5r expertis ligger i att kunna tills\u00e4tta en professionell kandidat p\u00e5 nyckelpositioner, \u00e4ven om det r\u00e5der kort varsel. Av erfarenhet vet vi vilken typ av kompetens och erfarenhet som efterfr\u00e5gas av v\u00e5ra kunder, samt att vi alltid kan leverera en l\u00f6sning d\u00e4refter.<\/p>\n<\/div>\t\t\t\t\t<\/div>\n\t\t\t\t\t\t\t<\/div>\t\n\t\t\t<\/div>\n<\/section>\n\n<section id=\"text-and-image-block_9f108cd3031297eebf63938685f66479\" class=\"block text-and-image  alignfull margin-bottom_block_margin--medium  align-text--left bg-color--gray block-style--float\">\n<div class=\"container\">\n    <div class=\"col-text\">\n                <h3 class=\"heading\">V\u00e4nd dig till oss n\u00e4r du beh\u00f6ver en interim HR-chef i Stockholm<\/h3>\n                        <p class=\"m-0\">V\u00e4nd dig till oss n\u00e4r du beh\u00f6ver en interim HR-chef i Stockholm\r\nDu \u00e4r hj\u00e4rtligt v\u00e4lkommen att h\u00f6ra av dig till oss om du \u00e4r intresserad av en interim HR-chef i Stockholm via oss p\u00e5 Interim Search. Vi ber\u00e4ttar g\u00e4rna mer om hur vi arbetar och vad vi kan erbjuda dig.\r\n\r\nDu n\u00e5r oss enklast via telefon eller genom att fylla i kontaktformul\u00e4ret h\u00e4r p\u00e5 v\u00e5r hemsida.<\/p>\n                <div class=\"buttons\">\n<a href=\"https:\/\/www.interimsearch.com\/nb\/kontakt\/\" \n        class=\"btn btn--primary\">\n    Kontakt oss<\/a>\n<\/div>\n    <\/div>\n        <div class=\"col-image\">\n        <img decoding=\"async\" loading=\"lazy\" src=\"https:\/\/www.interimsearch.com\/wp-content\/uploads\/2024\/09\/01120e534846ee1a57354edc0a80f622.jpeg\" alt=\"\" width=\"704\" height=\"490\">\n    <\/div>\n    <\/div>\n<\/section>\n\n<section id=\"form-block_dff24d2b58af39496958dfabf60f95c9\" class=\"block form  bg-color--\">\n    <div class=\"container display-form_image\">\n            <\/div>\n<\/section>\n\n<section id=\"form-block_dff24d2b58af39496958dfabf60f95c9\" class=\"block form  bg-color--\">\n    <div class=\"container display-form_image\">\n            <\/div>\n<\/section>","protected":false},"excerpt":{"rendered":"","protected":false},"author":1,"featured_media":0,"parent":0,"menu_order":159,"comment_status":"closed","ping_status":"closed","template":"tpl-awave-blocks.php","meta":{"_acf_changed":false,"footnotes":""},"class_list":["post-4641","page","type-page","status-publish","hentry"],"acf":[],"yoast_head":"<!-- This site is optimized with the Yoast SEO Premium plugin v25.9 (Yoast SEO v25.9) - https:\/\/yoast.com\/wordpress\/plugins\/seo\/ -->\n<title>Hyr Interim HR chef i Stockholm - Snabb tills\u00e4ttning - Interim Search<\/title>\n<meta name=\"description\" content=\"Med ett stort n\u00e4tverk har vi goda m\u00f6jligheter att med h\u00f6g precision matcha precis r\u00e4tt kandidat med den kompetens och kunskap som ni efterfr\u00e5gar f\u00f6r rollen som HR-chef. \u00b7 Snabb tills\u00e4ttning \u00b7 48 h leveransgaranti \u00b7 VLS enligt ISO 9001 \u00b7 N\u00f6jd-kund-garanti \u00b7 Branschoberoende \u00b7 Ring Interim Search!\" \/>\n<meta name=\"robots\" content=\"index, follow, max-snippet:-1, max-image-preview:large, max-video-preview:-1\" \/>\n<link rel=\"canonical\" href=\"https:\/\/www.interimsearch.com\/nb\/interim-hr-chef-stockholm\/\" \/>\n<meta property=\"og:locale\" content=\"nb_NO\" \/>\n<meta property=\"og:type\" content=\"article\" \/>\n<meta property=\"og:title\" content=\"Interim HR Chef Stockholm\" \/>\n<meta property=\"og:description\" content=\"Med ett stort n\u00e4tverk har vi goda m\u00f6jligheter att med h\u00f6g precision matcha precis r\u00e4tt kandidat med den kompetens och kunskap som ni efterfr\u00e5gar f\u00f6r rollen som HR-chef. \u00b7 Snabb tills\u00e4ttning \u00b7 48 h leveransgaranti \u00b7 VLS enligt ISO 9001 \u00b7 N\u00f6jd-kund-garanti \u00b7 Branschoberoende \u00b7 Ring Interim Search!\" \/>\n<meta property=\"og:url\" content=\"https:\/\/www.interimsearch.com\/nb\/interim-hr-chef-stockholm\/\" \/>\n<meta property=\"og:site_name\" content=\"Interim Search\" \/>\n<meta property=\"article:modified_time\" content=\"2024-09-25T13:32:36+00:00\" \/>\n<meta property=\"og:image\" content=\"https:\/\/www.interimsearch.com\/wp-content\/uploads\/2025\/07\/Social-image.jpg\" \/>\n\t<meta property=\"og:image:width\" content=\"1200\" \/>\n\t<meta property=\"og:image:height\" content=\"630\" \/>\n\t<meta property=\"og:image:type\" content=\"image\/jpeg\" \/>\n<meta name=\"twitter:card\" content=\"summary_large_image\" \/>\n<script type=\"application\/ld+json\" class=\"yoast-schema-graph\">{\"@context\":\"https:\/\/schema.org\",\"@graph\":[{\"@type\":\"WebPage\",\"@id\":\"https:\/\/www.interimsearch.com\/interim-hr-chef-stockholm\/\",\"url\":\"https:\/\/www.interimsearch.com\/interim-hr-chef-stockholm\/\",\"name\":\"Hyr Interim HR chef i Stockholm - Snabb tills\u00e4ttning - Interim Search\",\"isPartOf\":{\"@id\":\"https:\/\/www.interimsearch.com\/#website\"},\"datePublished\":\"2017-01-02T08:57:35+00:00\",\"dateModified\":\"2024-09-25T13:32:36+00:00\",\"description\":\"Med ett stort n\u00e4tverk har vi goda m\u00f6jligheter att med h\u00f6g precision matcha precis r\u00e4tt kandidat med den kompetens och kunskap som ni efterfr\u00e5gar f\u00f6r rollen som HR-chef. \u00b7 Snabb tills\u00e4ttning \u00b7 48 h leveransgaranti \u00b7 VLS enligt ISO 9001 \u00b7 N\u00f6jd-kund-garanti \u00b7 Branschoberoende \u00b7 Ring Interim Search!\",\"breadcrumb\":{\"@id\":\"https:\/\/www.interimsearch.com\/interim-hr-chef-stockholm\/#breadcrumb\"},\"inLanguage\":\"nb-NO\",\"potentialAction\":[{\"@type\":\"ReadAction\",\"target\":[\"https:\/\/www.interimsearch.com\/interim-hr-chef-stockholm\/\"]}]},{\"@type\":\"BreadcrumbList\",\"@id\":\"https:\/\/www.interimsearch.com\/interim-hr-chef-stockholm\/#breadcrumb\",\"itemListElement\":[{\"@type\":\"ListItem\",\"position\":1,\"name\":\"Hem\",\"item\":\"https:\/\/www.interimsearch.com\/\"},{\"@type\":\"ListItem\",\"position\":2,\"name\":\"Interim HR Chef Stockholm\"}]},{\"@type\":\"WebSite\",\"@id\":\"https:\/\/www.interimsearch.com\/#website\",\"url\":\"https:\/\/www.interimsearch.com\/\",\"name\":\"Interim Search\",\"description\":\"\",\"potentialAction\":[{\"@type\":\"SearchAction\",\"target\":{\"@type\":\"EntryPoint\",\"urlTemplate\":\"https:\/\/www.interimsearch.com\/?s={search_term_string}\"},\"query-input\":{\"@type\":\"PropertyValueSpecification\",\"valueRequired\":true,\"valueName\":\"search_term_string\"}}],\"inLanguage\":\"nb-NO\"}]}<\/script>\n<!-- \/ Yoast SEO Premium plugin. -->","yoast_head_json":{"title":"Hyr Interim HR chef i Stockholm - Snabb tills\u00e4ttning - Interim Search","description":"Med ett stort n\u00e4tverk har vi goda m\u00f6jligheter att med h\u00f6g precision matcha precis r\u00e4tt kandidat med den kompetens och kunskap som ni efterfr\u00e5gar f\u00f6r rollen som HR-chef. \u00b7 Snabb tills\u00e4ttning \u00b7 48 h leveransgaranti \u00b7 VLS enligt ISO 9001 \u00b7 N\u00f6jd-kund-garanti \u00b7 Branschoberoende \u00b7 Ring Interim Search!","robots":{"index":"index","follow":"follow","max-snippet":"max-snippet:-1","max-image-preview":"max-image-preview:large","max-video-preview":"max-video-preview:-1"},"canonical":"https:\/\/www.interimsearch.com\/nb\/interim-hr-chef-stockholm\/","og_locale":"nb_NO","og_type":"article","og_title":"Interim HR Chef Stockholm","og_description":"Med ett stort n\u00e4tverk har vi goda m\u00f6jligheter att med h\u00f6g precision matcha precis r\u00e4tt kandidat med den kompetens och kunskap som ni efterfr\u00e5gar f\u00f6r rollen som HR-chef. \u00b7 Snabb tills\u00e4ttning \u00b7 48 h leveransgaranti \u00b7 VLS enligt ISO 9001 \u00b7 N\u00f6jd-kund-garanti \u00b7 Branschoberoende \u00b7 Ring Interim Search!","og_url":"https:\/\/www.interimsearch.com\/nb\/interim-hr-chef-stockholm\/","og_site_name":"Interim Search","article_modified_time":"2024-09-25T13:32:36+00:00","og_image":[{"width":1200,"height":630,"url":"https:\/\/www.interimsearch.com\/wp-content\/uploads\/2025\/07\/Social-image.jpg","type":"image\/jpeg"}],"twitter_card":"summary_large_image","schema":{"@context":"https:\/\/schema.org","@graph":[{"@type":"WebPage","@id":"https:\/\/www.interimsearch.com\/interim-hr-chef-stockholm\/","url":"https:\/\/www.interimsearch.com\/interim-hr-chef-stockholm\/","name":"Hyr Interim HR chef i Stockholm - Snabb tills\u00e4ttning - Interim Search","isPartOf":{"@id":"https:\/\/www.interimsearch.com\/#website"},"datePublished":"2017-01-02T08:57:35+00:00","dateModified":"2024-09-25T13:32:36+00:00","description":"Med ett stort n\u00e4tverk har vi goda m\u00f6jligheter att med h\u00f6g precision matcha precis r\u00e4tt kandidat med den kompetens och kunskap som ni efterfr\u00e5gar f\u00f6r rollen som HR-chef. \u00b7 Snabb tills\u00e4ttning \u00b7 48 h leveransgaranti \u00b7 VLS enligt ISO 9001 \u00b7 N\u00f6jd-kund-garanti \u00b7 Branschoberoende \u00b7 Ring Interim Search!","breadcrumb":{"@id":"https:\/\/www.interimsearch.com\/interim-hr-chef-stockholm\/#breadcrumb"},"inLanguage":"nb-NO","potentialAction":[{"@type":"ReadAction","target":["https:\/\/www.interimsearch.com\/interim-hr-chef-stockholm\/"]}]},{"@type":"BreadcrumbList","@id":"https:\/\/www.interimsearch.com\/interim-hr-chef-stockholm\/#breadcrumb","itemListElement":[{"@type":"ListItem","position":1,"name":"Hem","item":"https:\/\/www.interimsearch.com\/"},{"@type":"ListItem","position":2,"name":"Interim HR Chef Stockholm"}]},{"@type":"WebSite","@id":"https:\/\/www.interimsearch.com\/#website","url":"https:\/\/www.interimsearch.com\/","name":"Midlertidig s\u00f8k","description":"","potentialAction":[{"@type":"SearchAction","target":{"@type":"EntryPoint","urlTemplate":"https:\/\/www.interimsearch.com\/?s={search_term_string}"},"query-input":{"@type":"PropertyValueSpecification","valueRequired":true,"valueName":"search_term_string"}}],"inLanguage":"nb-NO"}]}},"_links":{"self":[{"href":"https:\/\/www.interimsearch.com\/nb\/wp-json\/wp\/v2\/pages\/4641","targetHints":{"allow":["GET"]}}],"collection":[{"href":"https:\/\/www.interimsearch.com\/nb\/wp-json\/wp\/v2\/pages"}],"about":[{"href":"https:\/\/www.interimsearch.com\/nb\/wp-json\/wp\/v2\/types\/page"}],"author":[{"embeddable":true,"href":"https:\/\/www.interimsearch.com\/nb\/wp-json\/wp\/v2\/users\/1"}],"replies":[{"embeddable":true,"href":"https:\/\/www.interimsearch.com\/nb\/wp-json\/wp\/v2\/comments?post=4641"}],"version-history":[{"count":0,"href":"https:\/\/www.interimsearch.com\/nb\/wp-json\/wp\/v2\/pages\/4641\/revisions"}],"wp:attachment":[{"href":"https:\/\/www.interimsearch.com\/nb\/wp-json\/wp\/v2\/media?parent=4641"}],"curies":[{"name":"wp","href":"https:\/\/api.w.org\/{rel}","templated":true}]}}