{"id":4572,"date":"2016-12-21T09:04:11","date_gmt":"2016-12-21T08:04:11","guid":{"rendered":"https:\/\/www.interimsearch.com\/\/?page_id=4572"},"modified":"2024-09-24T13:59:29","modified_gmt":"2024-09-24T11:59:29","slug":"interim-cfo-stockholm","status":"publish","type":"page","link":"https:\/\/www.interimsearch.com\/nb\/interim-cfo-stockholm\/","title":{"rendered":"Hyr en Interim CFO i Stockholm"},"content":{"rendered":"<style>\n    :root {\n        --desktop-bg: url(https:\/\/www.interimsearch.com\/wp-content\/uploads\/2024\/09\/inter-119.jpg);\n        --mobile-bg: url(https:\/\/www.interimsearch.com\/wp-content\/uploads\/2024\/09\/inter-119.jpg);\n        --phone-bg: url(https:\/\/www.interimsearch.com\/wp-content\/uploads\/2024\/09\/inter-119.jpg);\n    }\n\t\n\t\t\n\tsection.block.hero .container .content {\n\t\tpadding-top: 100px;\n\t}\n\t\n\tsection.block.hero .inner {\n\t\talign-items: flex-start;\n\t\tmin-height: 700px;\n\t}\n\n    <\/style>\n\n<section id=\"hero-block_abbafef50627a153d7cc3bff6bdf188d\" class=\"block hero  alignfull margin-bottom_block_margin--medium  hero--small\">\n    <div class=\"inner has-background has-shadow\" style=\"background-image: url(https:\/\/www.interimsearch.com\/wp-content\/uploads\/2024\/09\/inter-119.jpg);\">\n        <div class=\"container\" style=\"\">\n            <div class=\"content\">\n                                    <h1>Hyr en Interim CFO i Stockholm<\/h1>\n                                                                                            <\/div>\n\n                    <\/div>\n\t\t              <\/div>\n    <\/section>\n\n<section id=\"text-block_0a292bdb13286cc3d755b78d25ebd3b2\" class=\"block text  margin-bottom_block_margin--medium  text--width-narrow text--align-left\">\n<div class=\"container\">\n    <div class=\"col\">\n        <div class=\"text\">\n            <div class=\"editor-content\"><p>Med \u00f6ver 15.000 intervjuade interimskonsulter i v\u00e5rt n\u00e4tverk har vi goda m\u00f6jligheter att med h\u00f6g precision matcha precis r\u00e4tt profil med de behov och \u00f6nskem\u00e5l som finns g\u00e4llande CFO till ditt f\u00f6retag.<\/p>\n<p>Tack vare v\u00e5rt breda kontaktn\u00e4t och n\u00e4ra relationer, kan vi dessutom hitta en l\u00f6sning snabbt f\u00f6r dig. Alltid med en leveransgaranti p\u00e5 48 timmar.<\/p>\n<p>Vi vet att l\u00e4get kan bli kritiskt n\u00e4r en person saknas f\u00f6r en nyckelroll varf\u00f6r det \u00e4r viktigt att kunna agera snabbt f\u00f6r att fylla platsen.<\/p>\n<\/div>        <\/div>\n    <\/div>\n<\/div>\n<\/section>\n\n<section id=\"title-and-text-block_5433bb72b690416c10670848ac0cb156\" class=\"block title-and-text  margin-bottom_block_margin--medium\">\n\t<div class=\"container_grid\">\n\t\t<div class=\"row_grid\">\n\t\t\t\t\t\t\t\t\t\t<div class=\"row__col row__col--lg-4 heading\">\n\t\t\t\t\t<h3 class=\"title\">L\u00e5ng erfarenhet av interimsl\u00f6sningar<\/h3>\n\t\t\t\t<\/div>\n\t\t\t\t\t\t\t\t\t\t<div class=\"row__col row__col--lg-8\">\n\t\t\t\t\t<div class=\"editor-content\"><p>Just kvalificerade ekonomiroller \u00e4r bland v\u00e5ra vanligaste tills\u00e4ttningar och efter v\u00e5ra m\u00e5nga \u00e5r i branschen har vi f\u00f6rst\u00e5tt vad v\u00e5ra kunder efterfr\u00e5gar sett till kompetens och erfarenhet f\u00f6r en person som ska passa i rollen som CFO.<\/p>\n<p>Inom Interim Search arbetar vi med h\u00f6g flexibilitet och anpassar alltid v\u00e5rt arbetss\u00e4tt utefter varje kunds specifika f\u00f6ruts\u00e4ttningar och behov.<\/p>\n<p>Att ta in en interim CFO sker ofta vid problemsituationer, s\u00e5som n\u00e4r en nyckelperson s\u00e4ger upp sig, vid ov\u00e4ntade sjukskrivningar, f\u00f6r tillf\u00e4lliga projekt med \u00f6kad arbetsbelastning eller vid en f\u00f6r\u00e4ldraledighet.<\/p>\n<p>En interimskonsult l\u00f6ser det tillf\u00e4lliga behovet av arbetskraft och kan dessutom komma med nya v\u00e4rdefulla insikter och perspektiv till verksamheten.<\/p>\n<\/div>\t\t\t\t<\/div>\n\t\t\t\t\t<\/div>\t\t\n\t<\/div>\n<\/section>\n\n<section id=\"text-and-image-block_381414bcf49d32f9a663a0a49d235679\" class=\"block text-and-image  alignfull margin-bottom_block_margin--medium  align-text--left bg-color--gray block-style--float\">\n<div class=\"container\">\n    <div class=\"col-text\">\n                <h3 class=\"heading\">Ta kontakt med oss n\u00e4r du beh\u00f6ver tills\u00e4tta en interim CFO i Stockholm<\/h3>\n                        <p class=\"m-0\">Tveka inte att h\u00f6ra av dig till oss p\u00e5 Interim Search om du har behov av en tillf\u00e4llig CFO i Stockholm. Vi kan snabbt ta fram en bra interimsl\u00f6sning f\u00f6r dig. Du n\u00e5r oss enklast p\u00e5 v\u00e5rt journummer 08-556 460 99 telefon eller genom att fylla i kontaktformul\u00e4ret h\u00e4r p\u00e5 webben. V\u00e4lkommen!<\/p>\n                <div class=\"buttons\">\n<a href=\"https:\/\/www.interimsearch.com\/nb\/kontakt\/\" \n        class=\"btn btn--primary\">\n    Kontakt oss p\u00e5<\/a>\n<a href=\"tel:+46855646099\" \n        class=\"btn btn--secondary\">\n    Ring oss<\/a>\n<\/div>\n    <\/div>\n        <div class=\"col-image\">\n        <img decoding=\"async\" loading=\"lazy\" src=\"https:\/\/www.interimsearch.com\/wp-content\/uploads\/2024\/09\/ele-171-1-1024x683.jpg\" alt=\"\" width=\"704\" height=\"490\">\n    <\/div>\n    <\/div>\n<\/section>","protected":false},"excerpt":{"rendered":"","protected":false},"author":1,"featured_media":0,"parent":0,"menu_order":153,"comment_status":"closed","ping_status":"closed","template":"tpl-awave-blocks.php","meta":{"_acf_changed":false,"footnotes":""},"class_list":["post-4572","page","type-page","status-publish","hentry"],"acf":[],"yoast_head":"<!-- This site is optimized with the Yoast SEO Premium plugin v25.9 (Yoast SEO v25.9) - https:\/\/yoast.com\/wordpress\/plugins\/seo\/ -->\n<title>Hyr Interim CFO i Stockholm - Leveransgaranti - Interim Search<\/title>\n<meta name=\"description\" content=\"Anpassad rekryteringsprocess av interim CFO, inom Interim Search arbetar vi med h\u00f6g flexibilitet och anpassar alltid v\u00e5rt arbetss\u00e4tt utefter varje kunds specifika f\u00f6ruts\u00e4ttningar och behov. \u00b7 48 h leveransgaranti \u00b7 VLS enligt ISO 9001 \u00b7 N\u00f6jd-kund-garanti \u00b7 Branschoberoende \u00b7 Ring oss idag!\" \/>\n<meta name=\"robots\" content=\"index, follow, max-snippet:-1, max-image-preview:large, max-video-preview:-1\" \/>\n<link rel=\"canonical\" href=\"https:\/\/www.interimsearch.com\/nb\/interim-cfo-stockholm\/\" \/>\n<meta property=\"og:locale\" content=\"nb_NO\" \/>\n<meta property=\"og:type\" content=\"article\" \/>\n<meta property=\"og:title\" content=\"Hyr en Interim CFO i Stockholm\" \/>\n<meta property=\"og:description\" content=\"Anpassad rekryteringsprocess av interim CFO, inom Interim Search arbetar vi med h\u00f6g flexibilitet och anpassar alltid v\u00e5rt arbetss\u00e4tt utefter varje kunds specifika f\u00f6ruts\u00e4ttningar och behov. \u00b7 48 h leveransgaranti \u00b7 VLS enligt ISO 9001 \u00b7 N\u00f6jd-kund-garanti \u00b7 Branschoberoende \u00b7 Ring oss idag!\" \/>\n<meta property=\"og:url\" content=\"https:\/\/www.interimsearch.com\/nb\/interim-cfo-stockholm\/\" \/>\n<meta property=\"og:site_name\" content=\"Interim Search\" \/>\n<meta property=\"article:modified_time\" content=\"2024-09-24T11:59:29+00:00\" \/>\n<meta property=\"og:image\" content=\"https:\/\/www.interimsearch.com\/wp-content\/uploads\/2025\/07\/Social-image.jpg\" \/>\n\t<meta property=\"og:image:width\" content=\"1200\" \/>\n\t<meta property=\"og:image:height\" content=\"630\" \/>\n\t<meta property=\"og:image:type\" content=\"image\/jpeg\" \/>\n<meta name=\"twitter:card\" content=\"summary_large_image\" \/>\n<script type=\"application\/ld+json\" class=\"yoast-schema-graph\">{\"@context\":\"https:\/\/schema.org\",\"@graph\":[{\"@type\":\"WebPage\",\"@id\":\"https:\/\/www.interimsearch.com\/interim-cfo-stockholm\/\",\"url\":\"https:\/\/www.interimsearch.com\/interim-cfo-stockholm\/\",\"name\":\"Hyr Interim CFO i Stockholm - Leveransgaranti - Interim Search\",\"isPartOf\":{\"@id\":\"https:\/\/www.interimsearch.com\/#website\"},\"datePublished\":\"2016-12-21T08:04:11+00:00\",\"dateModified\":\"2024-09-24T11:59:29+00:00\",\"description\":\"Anpassad rekryteringsprocess av interim CFO, inom Interim Search arbetar vi med h\u00f6g flexibilitet och anpassar alltid v\u00e5rt arbetss\u00e4tt utefter varje kunds specifika f\u00f6ruts\u00e4ttningar och behov. \u00b7 48 h leveransgaranti \u00b7 VLS enligt ISO 9001 \u00b7 N\u00f6jd-kund-garanti \u00b7 Branschoberoende \u00b7 Ring oss idag!\",\"breadcrumb\":{\"@id\":\"https:\/\/www.interimsearch.com\/interim-cfo-stockholm\/#breadcrumb\"},\"inLanguage\":\"nb-NO\",\"potentialAction\":[{\"@type\":\"ReadAction\",\"target\":[\"https:\/\/www.interimsearch.com\/interim-cfo-stockholm\/\"]}]},{\"@type\":\"BreadcrumbList\",\"@id\":\"https:\/\/www.interimsearch.com\/interim-cfo-stockholm\/#breadcrumb\",\"itemListElement\":[{\"@type\":\"ListItem\",\"position\":1,\"name\":\"Hem\",\"item\":\"https:\/\/www.interimsearch.com\/\"},{\"@type\":\"ListItem\",\"position\":2,\"name\":\"Hyr en Interim CFO i Stockholm\"}]},{\"@type\":\"WebSite\",\"@id\":\"https:\/\/www.interimsearch.com\/#website\",\"url\":\"https:\/\/www.interimsearch.com\/\",\"name\":\"Interim Search\",\"description\":\"\",\"potentialAction\":[{\"@type\":\"SearchAction\",\"target\":{\"@type\":\"EntryPoint\",\"urlTemplate\":\"https:\/\/www.interimsearch.com\/?s={search_term_string}\"},\"query-input\":{\"@type\":\"PropertyValueSpecification\",\"valueRequired\":true,\"valueName\":\"search_term_string\"}}],\"inLanguage\":\"nb-NO\"}]}<\/script>\n<!-- \/ Yoast SEO Premium plugin. -->","yoast_head_json":{"title":"Hyr Interim CFO i Stockholm - Leveransgaranti - Interim Search","description":"Anpassad rekryteringsprocess av interim CFO, inom Interim Search arbetar vi med h\u00f6g flexibilitet och anpassar alltid v\u00e5rt arbetss\u00e4tt utefter varje kunds specifika f\u00f6ruts\u00e4ttningar och behov. \u00b7 48 h leveransgaranti \u00b7 VLS enligt ISO 9001 \u00b7 N\u00f6jd-kund-garanti \u00b7 Branschoberoende \u00b7 Ring oss idag!","robots":{"index":"index","follow":"follow","max-snippet":"max-snippet:-1","max-image-preview":"max-image-preview:large","max-video-preview":"max-video-preview:-1"},"canonical":"https:\/\/www.interimsearch.com\/nb\/interim-cfo-stockholm\/","og_locale":"nb_NO","og_type":"article","og_title":"Hyr en Interim CFO i Stockholm","og_description":"Anpassad rekryteringsprocess av interim CFO, inom Interim Search arbetar vi med h\u00f6g flexibilitet och anpassar alltid v\u00e5rt arbetss\u00e4tt utefter varje kunds specifika f\u00f6ruts\u00e4ttningar och behov. \u00b7 48 h leveransgaranti \u00b7 VLS enligt ISO 9001 \u00b7 N\u00f6jd-kund-garanti \u00b7 Branschoberoende \u00b7 Ring oss idag!","og_url":"https:\/\/www.interimsearch.com\/nb\/interim-cfo-stockholm\/","og_site_name":"Interim Search","article_modified_time":"2024-09-24T11:59:29+00:00","og_image":[{"width":1200,"height":630,"url":"https:\/\/www.interimsearch.com\/wp-content\/uploads\/2025\/07\/Social-image.jpg","type":"image\/jpeg"}],"twitter_card":"summary_large_image","schema":{"@context":"https:\/\/schema.org","@graph":[{"@type":"WebPage","@id":"https:\/\/www.interimsearch.com\/interim-cfo-stockholm\/","url":"https:\/\/www.interimsearch.com\/interim-cfo-stockholm\/","name":"Hyr Interim CFO i Stockholm - Leveransgaranti - Interim Search","isPartOf":{"@id":"https:\/\/www.interimsearch.com\/#website"},"datePublished":"2016-12-21T08:04:11+00:00","dateModified":"2024-09-24T11:59:29+00:00","description":"Anpassad rekryteringsprocess av interim CFO, inom Interim Search arbetar vi med h\u00f6g flexibilitet och anpassar alltid v\u00e5rt arbetss\u00e4tt utefter varje kunds specifika f\u00f6ruts\u00e4ttningar och behov. \u00b7 48 h leveransgaranti \u00b7 VLS enligt ISO 9001 \u00b7 N\u00f6jd-kund-garanti \u00b7 Branschoberoende \u00b7 Ring oss idag!","breadcrumb":{"@id":"https:\/\/www.interimsearch.com\/interim-cfo-stockholm\/#breadcrumb"},"inLanguage":"nb-NO","potentialAction":[{"@type":"ReadAction","target":["https:\/\/www.interimsearch.com\/interim-cfo-stockholm\/"]}]},{"@type":"BreadcrumbList","@id":"https:\/\/www.interimsearch.com\/interim-cfo-stockholm\/#breadcrumb","itemListElement":[{"@type":"ListItem","position":1,"name":"Hem","item":"https:\/\/www.interimsearch.com\/"},{"@type":"ListItem","position":2,"name":"Hyr en Interim CFO i Stockholm"}]},{"@type":"WebSite","@id":"https:\/\/www.interimsearch.com\/#website","url":"https:\/\/www.interimsearch.com\/","name":"Midlertidig s\u00f8k","description":"","potentialAction":[{"@type":"SearchAction","target":{"@type":"EntryPoint","urlTemplate":"https:\/\/www.interimsearch.com\/?s={search_term_string}"},"query-input":{"@type":"PropertyValueSpecification","valueRequired":true,"valueName":"search_term_string"}}],"inLanguage":"nb-NO"}]}},"_links":{"self":[{"href":"https:\/\/www.interimsearch.com\/nb\/wp-json\/wp\/v2\/pages\/4572","targetHints":{"allow":["GET"]}}],"collection":[{"href":"https:\/\/www.interimsearch.com\/nb\/wp-json\/wp\/v2\/pages"}],"about":[{"href":"https:\/\/www.interimsearch.com\/nb\/wp-json\/wp\/v2\/types\/page"}],"author":[{"embeddable":true,"href":"https:\/\/www.interimsearch.com\/nb\/wp-json\/wp\/v2\/users\/1"}],"replies":[{"embeddable":true,"href":"https:\/\/www.interimsearch.com\/nb\/wp-json\/wp\/v2\/comments?post=4572"}],"version-history":[{"count":0,"href":"https:\/\/www.interimsearch.com\/nb\/wp-json\/wp\/v2\/pages\/4572\/revisions"}],"wp:attachment":[{"href":"https:\/\/www.interimsearch.com\/nb\/wp-json\/wp\/v2\/media?parent=4572"}],"curies":[{"name":"wp","href":"https:\/\/api.w.org\/{rel}","templated":true}]}}