{"id":4561,"date":"2016-12-21T09:04:30","date_gmt":"2016-12-21T08:04:30","guid":{"rendered":"https:\/\/www.interimsearch.com\/\/?page_id=4561"},"modified":"2024-09-25T03:03:26","modified_gmt":"2024-09-25T01:03:26","slug":"interimskonsult-stockholm","status":"publish","type":"page","link":"https:\/\/www.interimsearch.com\/nb\/interimskonsult-stockholm\/","title":{"rendered":"Interimskonsult Stockholm"},"content":{"rendered":"<style>\n    :root {\n        --desktop-bg: url(https:\/\/www.interimsearch.com\/wp-content\/uploads\/2024\/06\/inter-250-kopia.jpg);\n        --mobile-bg: url(https:\/\/www.interimsearch.com\/wp-content\/uploads\/2024\/06\/inter-250-kopia.jpg);\n        --phone-bg: url(https:\/\/www.interimsearch.com\/wp-content\/uploads\/2024\/06\/inter-250-kopia.jpg);\n    }\n\t\n\t\t\n\tsection.block.hero .container .content {\n\t\tpadding-top: 100px;\n\t}\n\t\n\tsection.block.hero .inner {\n\t\talign-items: flex-start;\n\t\tmin-height: 700px;\n\t}\n\n    <\/style>\n\n<section id=\"hero-block_91bdfa17baf179dc1f676e8ffaa9f536\" class=\"block hero  alignfull margin-bottom_block_margin--small  hero--small has-breadcrumbs\">\n    <div class=\"inner has-background\" style=\"background-image: url(https:\/\/www.interimsearch.com\/wp-content\/uploads\/2024\/06\/inter-250-kopia.jpg);\">\n        <div class=\"container\" style=\"\">\n            <div class=\"content\">\n                                    <h1>Interimskonsult Stockholm<\/h1>\n                                                                                            <\/div>\n\n                    <\/div>\n\t\t              <\/div>\n    <div id=\"breadcrumbs\"><span><span><a href=\"https:\/\/www.interimsearch.com\/nb\/\">Hjem<\/a><\/span><\/span><\/div><\/section>\n\n<section id=\"text-block_fc6af29eefdc6a09041c43d641a2e182\" class=\"block text  margin-bottom_block_margin--medium  text--width-narrow text--align-left\">\n<div class=\"container\">\n    <div class=\"col\">\n        <div class=\"text\">\n            <div class=\"editor-content\"><p>Har du s\u00f6kt efter \u201cinterimskonsult Stockholm\u201d? D\u00e5 har du hamnat helt r\u00e4tt! Vi arbetar med uthyrning av interimskonsulter och vi \u00e4r specialister p\u00e5 att tills\u00e4tta chefer f\u00f6r tidsbegr\u00e4nsade uppdrag. <!-- notionvc: e75f5c7c-4569-44eb-a5a1-16a7ad750b62 --><\/p>\n<\/div>        <\/div>\n    <\/div>\n<\/div>\n<\/section>\n\n<section id=\"title-and-text-block_a7ad5694ade7fb36011a0ad13ece46fe\" class=\"block title-and-text  margin-bottom_block_margin--small\">\n\t<div class=\"container_grid\">\n\t\t<div class=\"row_grid\">\n\t\t\t\t\t\t\t\t\t\t<div class=\"row__col row__col--lg-4 heading\">\n\t\t\t\t\t<h3 class=\"title\">Hyr interimskonsult i Stockholm<\/h3>\n\t\t\t\t<\/div>\n\t\t\t\t\t\t\t\t\t\t<div class=\"row__col row__col--lg-8\">\n\t\t\t\t\t<div class=\"editor-content\"><p class=\"p1\">Vi vet att det ofta \u00e4r br\u00e5ttom n\u00e4r en chef saknas p\u00e5 en viktig position och agerar d\u00e4rf\u00f6r alltid snabbt med 48 timmars leveransgaranti, vilket g\u00f6r att du alltid kan lita p\u00e5 en snabb rekrytering med oss.<\/p>\n<p class=\"p1\">Vi f\u00f6rst\u00e5r skillnaden mellan att anlita interimskonsulter j\u00e4mf\u00f6rt med att rekrytera personal permanent, d\u00e4rf\u00f6r har vi specialiserat oss p\u00e5 att hitta r\u00e4tt konsult f\u00f6r tillf\u00e4lliga uppdrag.<\/p>\n<\/div>\t\t\t\t<\/div>\n\t\t\t\t\t<\/div>\t\t\n\t<\/div>\n<\/section>\n\n<section id=\"title-and-text-block_23de8d3f1314baf10affca1d1630501b\" class=\"block title-and-text  margin-bottom_block_margin--small\">\n\t<div class=\"container_grid\">\n\t\t<div class=\"row_grid\">\n\t\t\t\t\t\t\t\t\t\t<div class=\"row__col row__col--lg-4 heading\">\n\t\t\t\t\t<h3 class=\"title\">Interimskonsulter f\u00f6r olika omr\u00e5den<\/h3>\n\t\t\t\t<\/div>\n\t\t\t\t\t\t\t\t\t\t<div class=\"row__col row__col--lg-8\">\n\t\t\t\t\t<div class=\"editor-content\"><p class=\"p1\">Tack vare v\u00e5rt stora n\u00e4tverk av interimskonsulter har vi inga problem att snabbt hitta en person med l\u00e4mplig profil utifr\u00e5n de behov som finns inom ditt f\u00f6retaget.<\/p>\n<p class=\"p1\">V\u00e5ra n\u00e4ra kontakter g\u00f6r ocks\u00e5 att vi kan matcha dina \u00f6nskem\u00e5l med h\u00f6g precision, oberoende av \u00e4ndam\u00e5l, med konsulter f\u00f6r tj\u00e4nster inom ekonomi, human resources och general management. V\u00e5ra l\u00f6sningar \u00e4r flexibla och anpassas alltid efter de behov som finns, vilket g\u00f6r att kan hyra en interimskonsult f\u00f6r s\u00e5 l\u00e5ng tid som beh\u00f6vs.<\/p>\n<p class=\"p1\">V\u00e5r l\u00e5nga erfarenhet har l\u00e4rt oss precis vad v\u00e5ra kunder efterfr\u00e5gar. Med det sagt kan vi alltid presentera en l\u00e4mplig kandidat med r\u00e4tt kompetens och erfarenhet f\u00f6r just den tj\u00e4nst som beh\u00f6ver fyllas hos dig.<\/p>\n<p class=\"p1\">Med konstant fokus p\u00e5 aff\u00e4rskritiska befattningar, g\u00f6r att vi leverera l\u00f6sningar som f\u00e5 andra akt\u00f6rer klarar av.<\/p>\n<\/div>\t\t\t\t<\/div>\n\t\t\t\t\t<\/div>\t\t\n\t<\/div>\n<\/section>\n\n<section id=\"text-and-image-block_778d98208f6ff2afc7446107876a7845\" class=\"block text-and-image  alignfull margin-bottom_block_margin--small  align-text--left bg-color--gray block-style--float\">\n<div class=\"container\">\n    <div class=\"col-text\">\n                <h3 class=\"heading\">Ta kontakt med oss f\u00f6r snabb tills\u00e4ttning av en interimskonsult i Stockholm<\/h3>\n                        <p class=\"m-0\">Om du beh\u00f6ver en interimskonsult i Stockholm \u00e4r du varmt v\u00e4lkommen att h\u00f6ra av dig till oss s\u00e5 hj\u00e4lper vi dig.\r\n\r\nDu n\u00e5r oss antingen p\u00e5 journummer 08-556 460 99 eller genom att fylla i kontaktformul\u00e4ret p\u00e5 hemsidan.<\/p>\n                    <\/div>\n        <div class=\"col-image\">\n        <img decoding=\"async\" loading=\"lazy\" src=\"https:\/\/www.interimsearch.com\/wp-content\/uploads\/2024\/09\/01120e534846ee1a57354edc0a80f622.jpeg\" alt=\"\" width=\"704\" height=\"490\">\n    <\/div>\n    <\/div>\n<\/section>","protected":false},"excerpt":{"rendered":"","protected":false},"author":1,"featured_media":0,"parent":0,"menu_order":155,"comment_status":"closed","ping_status":"closed","template":"tpl-awave-blocks.php","meta":{"_acf_changed":false,"footnotes":""},"class_list":["post-4561","page","type-page","status-publish","hentry"],"acf":[],"yoast_head":"<!-- This site is optimized with the Yoast SEO Premium plugin v25.9 (Yoast SEO v25.9) - https:\/\/yoast.com\/wordpress\/plugins\/seo\/ -->\n<title>Hyr interimskonsult i Stockholm - Branschoberoende - Interim Search<\/title>\n<meta name=\"description\" content=\"Interimskonsult i Stockholm med Interim Search \u00b7 R\u00e4tt person f\u00f6r r\u00e4tt tillf\u00e4lle \u00b7 48 h leveransgaranti \u00b7 VLS enligt ISO 9001 \u00b7 N\u00f6jdhetsgaranti \u00b7 Ring oss.\" \/>\n<meta name=\"robots\" content=\"index, follow, max-snippet:-1, max-image-preview:large, max-video-preview:-1\" \/>\n<link rel=\"canonical\" href=\"https:\/\/www.interimsearch.com\/nb\/interimskonsult-stockholm\/\" \/>\n<meta property=\"og:locale\" content=\"nb_NO\" \/>\n<meta property=\"og:type\" content=\"article\" \/>\n<meta property=\"og:title\" content=\"Interimskonsult Stockholm\" \/>\n<meta property=\"og:description\" content=\"Interimskonsult i Stockholm med Interim Search \u00b7 R\u00e4tt person f\u00f6r r\u00e4tt tillf\u00e4lle \u00b7 48 h leveransgaranti \u00b7 VLS enligt ISO 9001 \u00b7 N\u00f6jdhetsgaranti \u00b7 Ring oss.\" \/>\n<meta property=\"og:url\" content=\"https:\/\/www.interimsearch.com\/nb\/interimskonsult-stockholm\/\" \/>\n<meta property=\"og:site_name\" content=\"Interim Search\" \/>\n<meta property=\"article:modified_time\" content=\"2024-09-25T01:03:26+00:00\" \/>\n<meta property=\"og:image\" content=\"https:\/\/www.interimsearch.com\/wp-content\/uploads\/2025\/07\/Social-image.jpg\" \/>\n\t<meta property=\"og:image:width\" content=\"1200\" \/>\n\t<meta property=\"og:image:height\" content=\"630\" \/>\n\t<meta property=\"og:image:type\" content=\"image\/jpeg\" \/>\n<meta name=\"twitter:card\" content=\"summary_large_image\" \/>\n<script type=\"application\/ld+json\" class=\"yoast-schema-graph\">{\"@context\":\"https:\/\/schema.org\",\"@graph\":[{\"@type\":\"WebPage\",\"@id\":\"https:\/\/www.interimsearch.com\/interimskonsult-stockholm\/\",\"url\":\"https:\/\/www.interimsearch.com\/interimskonsult-stockholm\/\",\"name\":\"Hyr interimskonsult i Stockholm - Branschoberoende - Interim Search\",\"isPartOf\":{\"@id\":\"https:\/\/www.interimsearch.com\/#website\"},\"datePublished\":\"2016-12-21T08:04:30+00:00\",\"dateModified\":\"2024-09-25T01:03:26+00:00\",\"description\":\"Interimskonsult i Stockholm med Interim Search \u00b7 R\u00e4tt person f\u00f6r r\u00e4tt tillf\u00e4lle \u00b7 48 h leveransgaranti \u00b7 VLS enligt ISO 9001 \u00b7 N\u00f6jdhetsgaranti \u00b7 Ring oss.\",\"breadcrumb\":{\"@id\":\"https:\/\/www.interimsearch.com\/interimskonsult-stockholm\/#breadcrumb\"},\"inLanguage\":\"nb-NO\",\"potentialAction\":[{\"@type\":\"ReadAction\",\"target\":[\"https:\/\/www.interimsearch.com\/interimskonsult-stockholm\/\"]}]},{\"@type\":\"BreadcrumbList\",\"@id\":\"https:\/\/www.interimsearch.com\/interimskonsult-stockholm\/#breadcrumb\",\"itemListElement\":[{\"@type\":\"ListItem\",\"position\":1,\"name\":\"Hem\",\"item\":\"https:\/\/www.interimsearch.com\/\"},{\"@type\":\"ListItem\",\"position\":2,\"name\":\"Interimskonsult Stockholm\"}]},{\"@type\":\"WebSite\",\"@id\":\"https:\/\/www.interimsearch.com\/#website\",\"url\":\"https:\/\/www.interimsearch.com\/\",\"name\":\"Interim Search\",\"description\":\"\",\"potentialAction\":[{\"@type\":\"SearchAction\",\"target\":{\"@type\":\"EntryPoint\",\"urlTemplate\":\"https:\/\/www.interimsearch.com\/?s={search_term_string}\"},\"query-input\":{\"@type\":\"PropertyValueSpecification\",\"valueRequired\":true,\"valueName\":\"search_term_string\"}}],\"inLanguage\":\"nb-NO\"}]}<\/script>\n<!-- \/ Yoast SEO Premium plugin. -->","yoast_head_json":{"title":"Hyr interimskonsult i Stockholm - Branschoberoende - Interim Search","description":"Interimskonsult i Stockholm med Interim Search \u00b7 R\u00e4tt person f\u00f6r r\u00e4tt tillf\u00e4lle \u00b7 48 h leveransgaranti \u00b7 VLS enligt ISO 9001 \u00b7 N\u00f6jdhetsgaranti \u00b7 Ring oss.","robots":{"index":"index","follow":"follow","max-snippet":"max-snippet:-1","max-image-preview":"max-image-preview:large","max-video-preview":"max-video-preview:-1"},"canonical":"https:\/\/www.interimsearch.com\/nb\/interimskonsult-stockholm\/","og_locale":"nb_NO","og_type":"article","og_title":"Interimskonsult Stockholm","og_description":"Interimskonsult i Stockholm med Interim Search \u00b7 R\u00e4tt person f\u00f6r r\u00e4tt tillf\u00e4lle \u00b7 48 h leveransgaranti \u00b7 VLS enligt ISO 9001 \u00b7 N\u00f6jdhetsgaranti \u00b7 Ring oss.","og_url":"https:\/\/www.interimsearch.com\/nb\/interimskonsult-stockholm\/","og_site_name":"Interim Search","article_modified_time":"2024-09-25T01:03:26+00:00","og_image":[{"width":1200,"height":630,"url":"https:\/\/www.interimsearch.com\/wp-content\/uploads\/2025\/07\/Social-image.jpg","type":"image\/jpeg"}],"twitter_card":"summary_large_image","schema":{"@context":"https:\/\/schema.org","@graph":[{"@type":"WebPage","@id":"https:\/\/www.interimsearch.com\/interimskonsult-stockholm\/","url":"https:\/\/www.interimsearch.com\/interimskonsult-stockholm\/","name":"Hyr interimskonsult i Stockholm - Branschoberoende - Interim Search","isPartOf":{"@id":"https:\/\/www.interimsearch.com\/#website"},"datePublished":"2016-12-21T08:04:30+00:00","dateModified":"2024-09-25T01:03:26+00:00","description":"Interimskonsult i Stockholm med Interim Search \u00b7 R\u00e4tt person f\u00f6r r\u00e4tt tillf\u00e4lle \u00b7 48 h leveransgaranti \u00b7 VLS enligt ISO 9001 \u00b7 N\u00f6jdhetsgaranti \u00b7 Ring oss.","breadcrumb":{"@id":"https:\/\/www.interimsearch.com\/interimskonsult-stockholm\/#breadcrumb"},"inLanguage":"nb-NO","potentialAction":[{"@type":"ReadAction","target":["https:\/\/www.interimsearch.com\/interimskonsult-stockholm\/"]}]},{"@type":"BreadcrumbList","@id":"https:\/\/www.interimsearch.com\/interimskonsult-stockholm\/#breadcrumb","itemListElement":[{"@type":"ListItem","position":1,"name":"Hem","item":"https:\/\/www.interimsearch.com\/"},{"@type":"ListItem","position":2,"name":"Interimskonsult Stockholm"}]},{"@type":"WebSite","@id":"https:\/\/www.interimsearch.com\/#website","url":"https:\/\/www.interimsearch.com\/","name":"Midlertidig s\u00f8k","description":"","potentialAction":[{"@type":"SearchAction","target":{"@type":"EntryPoint","urlTemplate":"https:\/\/www.interimsearch.com\/?s={search_term_string}"},"query-input":{"@type":"PropertyValueSpecification","valueRequired":true,"valueName":"search_term_string"}}],"inLanguage":"nb-NO"}]}},"_links":{"self":[{"href":"https:\/\/www.interimsearch.com\/nb\/wp-json\/wp\/v2\/pages\/4561","targetHints":{"allow":["GET"]}}],"collection":[{"href":"https:\/\/www.interimsearch.com\/nb\/wp-json\/wp\/v2\/pages"}],"about":[{"href":"https:\/\/www.interimsearch.com\/nb\/wp-json\/wp\/v2\/types\/page"}],"author":[{"embeddable":true,"href":"https:\/\/www.interimsearch.com\/nb\/wp-json\/wp\/v2\/users\/1"}],"replies":[{"embeddable":true,"href":"https:\/\/www.interimsearch.com\/nb\/wp-json\/wp\/v2\/comments?post=4561"}],"version-history":[{"count":0,"href":"https:\/\/www.interimsearch.com\/nb\/wp-json\/wp\/v2\/pages\/4561\/revisions"}],"wp:attachment":[{"href":"https:\/\/www.interimsearch.com\/nb\/wp-json\/wp\/v2\/media?parent=4561"}],"curies":[{"name":"wp","href":"https:\/\/api.w.org\/{rel}","templated":true}]}}