{"id":29834,"date":"2020-11-18T06:59:07","date_gmt":"2020-11-18T05:59:07","guid":{"rendered":"https:\/\/www.interimsearch.com\/?page_id=29834"},"modified":"2025-11-21T13:39:18","modified_gmt":"2025-11-21T12:39:18","slug":"referenser","status":"publish","type":"page","link":"https:\/\/www.interimsearch.com\/nb\/referenser\/","title":{"rendered":"Kundeuttalelser"},"content":{"rendered":"<style>\n    :root {\n        --desktop-bg: url(https:\/\/www.interimsearch.com\/wp-content\/uploads\/2025\/02\/intehem-170-Forbattrat-BR.jpg);\n        --mobile-bg: url(https:\/\/www.interimsearch.com\/wp-content\/uploads\/2025\/02\/intehem-170-Forbattrat-BR.jpg);\n        --phone-bg: url(https:\/\/www.interimsearch.com\/wp-content\/uploads\/2025\/02\/intehem-170-Forbattrat-BR.jpg);\n    }\n\t\n\t\t\n\tsection.block.hero .container .content {\n\t\tpadding-top: 100px;\n\t}\n\t\n\tsection.block.hero .inner {\n\t\talign-items: flex-start;\n\t\tmin-height: 700px;\n\t}\n\n    <\/style>\n\n<section id=\"hero-block_d579b96dba4032b7d46a48cbfcdcf4cd\" class=\"block hero  alignfull margin-bottom_block_margin--small  hero--small has-breadcrumbs\">\n    <div class=\"inner has-background has-shadow\" style=\"background-image: url(https:\/\/www.interimsearch.com\/wp-content\/uploads\/2025\/02\/intehem-170-Forbattrat-BR.jpg);\">\n        <div class=\"container\" style=\"\">\n            <div class=\"content\">\n                                    <h1>Vad s\u00e4ger v\u00e5ra kunder?<\/h1>\n                                                    <p>Som Nordens ledande interimsbyr\u00e5 levererar vi med hastighet och precision. L\u00e4s v\u00e5ra referenser fr\u00e5n n\u00f6jda kunder som delar med sig av sina upplevelser. De visar varf\u00f6r vi \u00e4r den trygga leverant\u00f6ren som snabbt matchar era behov med r\u00e4tt kompetens.<\/p>\n                                                                            <\/div>\n\n                    <\/div>\n\t\t              <\/div>\n    <div id=\"breadcrumbs\"><span><span><a href=\"https:\/\/www.interimsearch.com\/nb\/\">Hjem<\/a><\/span><\/span><\/div><\/section>\n\n<section id=\"text-block_5d31667fc45da59514ae71c283eb7155\" class=\"block text  margin-bottom_block_margin--medium  text--width-narrow text--align-left\">\n<div class=\"container\">\n    <div class=\"col\">\n        <div class=\"text\">\n            <div class=\"editor-content\"><div>\n<div>M\u00e5let f\u00f6r oss \u00e4r att vara en trygg interimsleverant\u00f6r som levererar med hastighet s\u00e5v\u00e4l som precision i varje tills\u00e4ttning. Ta del av utl\u00e5tanden fr\u00e5n n\u00e5gra av v\u00e5ra n\u00f6jda kunder som delar med sig om hur det \u00e4r att samarbeta med oss.<\/div>\n<\/div>\n<\/div>        <\/div>\n    <\/div>\n<\/div>\n<\/section>\n\n<section id=\"testimonials-listing-block_c2d27b700ad0b854cd5db889772f096d\" class=\"block testimonials-listing  margin-bottom_block_margin--large\">\n\t<div class=\"container_grid\">\n\t\t<div class=\"row_grid\">\n\t\t\t<div class=\"row__col heading\">\n\t\t\t\t<h2 class=\"title\"><\/h2>\n\t\t\t<\/div>\n\n\t\t\t<div class=\"row__col\">\n\t\t\t\t<div class=\"testimonials-list\">\n\t\t\t\t\t\t\t\t\t\t\t\t\t\t\t\t\t\t<div class=\"testimonials-list--item\">\n\t<div class=\"icon\">\n\t\t<svg width=\"29\" height=\"22\" fill=\"none\" xmlns=\"http:\/\/www.w3.org\/2000\/svg\"><path d=\"M8.252.876a1.746 1.746 0 112.095 2.793c-2.73 2.048-4.295 4.04-5.19 5.778a6.11 6.11 0 11-4.586 6.019c-.223-2.144.081-4.31.887-6.309C2.5 6.528 4.538 3.662 8.252.876zm15.71 0a1.746 1.746 0 012.095 2.793c-2.73 2.048-4.294 4.04-5.19 5.778a6.11 6.11 0 11-4.585 6.019c-.224-2.144.08-4.31.886-6.309 1.044-2.629 3.08-5.495 6.794-8.281z\" fill=\"#A80538\"\/><\/svg>\t<\/div>\n\t<div class=\"content\">\n\t\t<p>\u201dEtt tryggt och snabbt agerande d\u00e4r konsulterna matchade v\u00e5rt bolags behov i den fas vi befinner oss i. Redan efter f\u00f6rsta veckan ser vi att resultatet motsvarar v\u00e5ra f\u00f6rv\u00e4ntningar.\u201d<\/p>\n\t<\/div>\n\t<div class=\"author\">\n\t\t<p class=\"name m-0\">Victor la Fleur<\/p>\n\t\t<p class=\"job-title m-0\">Site Director The Green Dairy<\/p>\n\t<\/div>\n<\/div>\t\t\t\t\t\t\t\t\t\t\t\t\t<div class=\"testimonials-list--item\">\n\t<div class=\"icon\">\n\t\t<svg width=\"29\" height=\"22\" fill=\"none\" xmlns=\"http:\/\/www.w3.org\/2000\/svg\"><path d=\"M8.252.876a1.746 1.746 0 112.095 2.793c-2.73 2.048-4.295 4.04-5.19 5.778a6.11 6.11 0 11-4.586 6.019c-.223-2.144.081-4.31.887-6.309C2.5 6.528 4.538 3.662 8.252.876zm15.71 0a1.746 1.746 0 012.095 2.793c-2.73 2.048-4.294 4.04-5.19 5.778a6.11 6.11 0 11-4.585 6.019c-.224-2.144.08-4.31.886-6.309 1.044-2.629 3.08-5.495 6.794-8.281z\" fill=\"#A80538\"\/><\/svg>\t<\/div>\n\t<div class=\"content\">\n\t\t<p>\u201dFr\u00e5n f\u00f6rsta kontakt tog det fem minuter till f\u00f6rsta m\u00f6tet \u2013 och en vecka senare hade vi en interimschef p\u00e5 plats. Samarbetet har pr\u00e4glats av h\u00f6g kompetens och extrem effektivitet.\u201d<\/p>\n\t<\/div>\n\t<div class=\"author\">\n\t\t<p class=\"name m-0\">Anders Persson<\/p>\n\t\t<p class=\"job-title m-0\">Kanslichef Svenska kyrkan<\/p>\n\t<\/div>\n<\/div>\t\t\t\t\t\t\t\t\t\t\t\t\t<div class=\"testimonials-list--item\">\n\t<div class=\"icon\">\n\t\t<svg width=\"29\" height=\"22\" fill=\"none\" xmlns=\"http:\/\/www.w3.org\/2000\/svg\"><path d=\"M8.252.876a1.746 1.746 0 112.095 2.793c-2.73 2.048-4.295 4.04-5.19 5.778a6.11 6.11 0 11-4.586 6.019c-.223-2.144.081-4.31.887-6.309C2.5 6.528 4.538 3.662 8.252.876zm15.71 0a1.746 1.746 0 012.095 2.793c-2.73 2.048-4.294 4.04-5.19 5.778a6.11 6.11 0 11-4.585 6.019c-.224-2.144.08-4.31.886-6.309 1.044-2.629 3.08-5.495 6.794-8.281z\" fill=\"#A80538\"\/><\/svg>\t<\/div>\n\t<div class=\"content\">\n\t\t<p>\u201dEn leverans i v\u00e4rldsklass! Med lyh\u00f6rdhet, stort engagemang och precision levererade Interim Search exakt det vi efterfr\u00e5gade inom utlovad tidplan. Jag kommer definitivt att v\u00e4nda mig till dem igen.\u201d<\/p>\n\t<\/div>\n\t<div class=\"author\">\n\t\t<p class=\"name m-0\">Gada Hanna<\/p>\n\t\t<p class=\"job-title m-0\">Chef f\u00f6r strategiskt ink\u00f6p Teracom<\/p>\n\t<\/div>\n<\/div>\t\t\t\t\t\t\t\t\t\t\t\t\t<div class=\"testimonials-list--item\">\n\t<div class=\"icon\">\n\t\t<svg width=\"29\" height=\"22\" fill=\"none\" xmlns=\"http:\/\/www.w3.org\/2000\/svg\"><path d=\"M8.252.876a1.746 1.746 0 112.095 2.793c-2.73 2.048-4.295 4.04-5.19 5.778a6.11 6.11 0 11-4.586 6.019c-.223-2.144.081-4.31.887-6.309C2.5 6.528 4.538 3.662 8.252.876zm15.71 0a1.746 1.746 0 012.095 2.793c-2.73 2.048-4.294 4.04-5.19 5.778a6.11 6.11 0 11-4.585 6.019c-.224-2.144.08-4.31.886-6.309 1.044-2.629 3.08-5.495 6.794-8.281z\" fill=\"#A80538\"\/><\/svg>\t<\/div>\n\t<div class=\"content\">\n\t\t<p>&#8220;En v\u00e4ldigt bra process d\u00e4r h\u00f6gt tempo kombinerades med h\u00f6gsta kvalitet. Vi \u00e4r mycket n\u00f6jda med resultatet och anlitar g\u00e4rna Interim Search igen n\u00e4r kompetensbehov uppst\u00e5r.&#8221;<\/p>\n\t<\/div>\n\t<div class=\"author\">\n\t\t<p class=\"name m-0\">Helena De Geer Sahlberg<\/p>\n\t\t<p class=\"job-title m-0\">Best\u00e4llande roll: Head of HR Heimstaden<\/p>\n\t<\/div>\n<\/div>\t\t\t\t\t\t\t\t\t\t\t\t\t<div class=\"testimonials-list--item\">\n\t<div class=\"icon\">\n\t\t<svg width=\"29\" height=\"22\" fill=\"none\" xmlns=\"http:\/\/www.w3.org\/2000\/svg\"><path d=\"M8.252.876a1.746 1.746 0 112.095 2.793c-2.73 2.048-4.295 4.04-5.19 5.778a6.11 6.11 0 11-4.586 6.019c-.223-2.144.081-4.31.887-6.309C2.5 6.528 4.538 3.662 8.252.876zm15.71 0a1.746 1.746 0 012.095 2.793c-2.73 2.048-4.294 4.04-5.19 5.778a6.11 6.11 0 11-4.585 6.019c-.224-2.144.08-4.31.886-6.309 1.044-2.629 3.08-5.495 6.794-8.281z\" fill=\"#A80538\"\/><\/svg>\t<\/div>\n\t<div class=\"content\">\n\t\t<div>&#8220;Interim Search levererade kandidater n\u00e5gon dag efter v\u00e5rt f\u00f6rsta samtal. Allt sk\u00f6ttes mycket smidigt under den korta processen och vi kunde tills\u00e4tta en interimskonsult som kommer att passa oss mycket bra.&#8221;<\/div>\n<div><\/div>\n\t<\/div>\n\t<div class=\"author\">\n\t\t<p class=\"name m-0\">Peter Ols<\/p>\n\t\t<p class=\"job-title m-0\">Bestillingsrolle: Viseadministrerende direkt\u00f8r i Tekniska verken<\/p>\n\t<\/div>\n<\/div>\t\t\t\t\t\t\t\t\t\t\t\t\t<div class=\"testimonials-list--item\">\n\t<div class=\"icon\">\n\t\t<svg width=\"29\" height=\"22\" fill=\"none\" xmlns=\"http:\/\/www.w3.org\/2000\/svg\"><path d=\"M8.252.876a1.746 1.746 0 112.095 2.793c-2.73 2.048-4.295 4.04-5.19 5.778a6.11 6.11 0 11-4.586 6.019c-.223-2.144.081-4.31.887-6.309C2.5 6.528 4.538 3.662 8.252.876zm15.71 0a1.746 1.746 0 012.095 2.793c-2.73 2.048-4.294 4.04-5.19 5.778a6.11 6.11 0 11-4.585 6.019c-.224-2.144.08-4.31.886-6.309 1.044-2.629 3.08-5.495 6.794-8.281z\" fill=\"#A80538\"\/><\/svg>\t<\/div>\n\t<div class=\"content\">\n\t\t<div dir=\"auto\">\u201cVeldig forn\u00f8yd med hele prosessen fra behov, rett kandidat, rask h\u00e5ndtering og oppf\u00f8lging etter avtale. Kommer selvf\u00f8lgelig til \u00e5 bruke Interim Search neste gang!\u201d<\/div>\n\t<\/div>\n\t<div class=\"author\">\n\t\t<p class=\"name m-0\">Anders Runberg<\/p>\n\t\t<p class=\"job-title m-0\">Best\u00e4llande roll: VD Bro &#038; V\u00e4g M\u00e4lardalen<\/p>\n\t<\/div>\n<\/div>\t\t\t\t\t\t\t\t\t\t\t\t\t<div class=\"testimonials-list--item\">\n\t<div class=\"icon\">\n\t\t<svg width=\"29\" height=\"22\" fill=\"none\" xmlns=\"http:\/\/www.w3.org\/2000\/svg\"><path d=\"M8.252.876a1.746 1.746 0 112.095 2.793c-2.73 2.048-4.295 4.04-5.19 5.778a6.11 6.11 0 11-4.586 6.019c-.223-2.144.081-4.31.887-6.309C2.5 6.528 4.538 3.662 8.252.876zm15.71 0a1.746 1.746 0 012.095 2.793c-2.73 2.048-4.294 4.04-5.19 5.778a6.11 6.11 0 11-4.585 6.019c-.224-2.144.08-4.31.886-6.309 1.044-2.629 3.08-5.495 6.794-8.281z\" fill=\"#A80538\"\/><\/svg>\t<\/div>\n\t<div class=\"content\">\n\t\t<p>&#8220;Snabbheten fr\u00e5n Interim Search l\u00f6ser problem \u00a0och ger oss n\u00f6dv\u00e4ndigt utrymme till att rekrytera r\u00e4tt.\u201d<\/p>\n\t<\/div>\n\t<div class=\"author\">\n\t\t<p class=\"name m-0\">Daniel Martinwall<\/p>\n\t\t<p class=\"job-title m-0\">Best\u00e4llande roll: CEO M Refine Group<\/p>\n\t<\/div>\n<\/div>\t\t\t\t\t\t\t\t\t\t\t\t\t<div class=\"testimonials-list--item\">\n\t<div class=\"icon\">\n\t\t<svg width=\"29\" height=\"22\" fill=\"none\" xmlns=\"http:\/\/www.w3.org\/2000\/svg\"><path d=\"M8.252.876a1.746 1.746 0 112.095 2.793c-2.73 2.048-4.295 4.04-5.19 5.778a6.11 6.11 0 11-4.586 6.019c-.223-2.144.081-4.31.887-6.309C2.5 6.528 4.538 3.662 8.252.876zm15.71 0a1.746 1.746 0 012.095 2.793c-2.73 2.048-4.294 4.04-5.19 5.778a6.11 6.11 0 11-4.585 6.019c-.224-2.144.08-4.31.886-6.309 1.044-2.629 3.08-5.495 6.794-8.281z\" fill=\"#A80538\"\/><\/svg>\t<\/div>\n\t<div class=\"content\">\n\t\t<p>\u201cTeamet i Interim Search har jobbet raskt og effektivt for \u00e5 finne kandidater av h\u00f8y kvalitet som passer n\u00f8yaktig til v\u00e5re behov.\u201d<\/p>\n\t<\/div>\n\t<div class=\"author\">\n\t\t<p class=\"name m-0\">Ryan Looysen<\/p>\n\t\t<p class=\"job-title m-0\">Bestillingsrolle: CEO Go North<\/p>\n\t<\/div>\n<\/div>\t\t\t\t\t\t\t\t\t\t\t\t\t<div class=\"testimonials-list--item\">\n\t<div class=\"icon\">\n\t\t<svg width=\"29\" height=\"22\" fill=\"none\" xmlns=\"http:\/\/www.w3.org\/2000\/svg\"><path d=\"M8.252.876a1.746 1.746 0 112.095 2.793c-2.73 2.048-4.295 4.04-5.19 5.778a6.11 6.11 0 11-4.586 6.019c-.223-2.144.081-4.31.887-6.309C2.5 6.528 4.538 3.662 8.252.876zm15.71 0a1.746 1.746 0 012.095 2.793c-2.73 2.048-4.294 4.04-5.19 5.778a6.11 6.11 0 11-4.585 6.019c-.224-2.144.08-4.31.886-6.309 1.044-2.629 3.08-5.495 6.794-8.281z\" fill=\"#A80538\"\/><\/svg>\t<\/div>\n\t<div class=\"content\">\n\t\t<p>\u201dSamtidig ble behovet for to seniorstillinger h\u00e5ndtert med stort engasjement og profesjonalitet av Interim Search. Engasjert i selskapets situasjon og hvilke effekter rekrutteringene ville f\u00f8re til.\u201d<\/p>\n\t<\/div>\n\t<div class=\"author\">\n\t\t<p class=\"name m-0\">Torgny Hellberg<\/p>\n\t\t<p class=\"job-title m-0\">Rolle som oppdragsgiver: CEO Modexa<\/p>\n\t<\/div>\n<\/div>\t\t\t\t\t\t\t\t\t\t\t\t\t<div class=\"testimonials-list--item\">\n\t<div class=\"icon\">\n\t\t<svg width=\"29\" height=\"22\" fill=\"none\" xmlns=\"http:\/\/www.w3.org\/2000\/svg\"><path d=\"M8.252.876a1.746 1.746 0 112.095 2.793c-2.73 2.048-4.295 4.04-5.19 5.778a6.11 6.11 0 11-4.586 6.019c-.223-2.144.081-4.31.887-6.309C2.5 6.528 4.538 3.662 8.252.876zm15.71 0a1.746 1.746 0 012.095 2.793c-2.73 2.048-4.294 4.04-5.19 5.778a6.11 6.11 0 11-4.585 6.019c-.224-2.144.08-4.31.886-6.309 1.044-2.629 3.08-5.495 6.794-8.281z\" fill=\"#A80538\"\/><\/svg>\t<\/div>\n\t<div class=\"content\">\n\t\t<p style=\"font-weight: 400;\">&#8220;Interim Search \u00e4r snabba och enkla i sina processer och mycket professionella i att f\u00f6rst\u00e5 kundens behov och vad som kan skapa nytta i f\u00f6retaget. Ett gott samarbete hela v\u00e4gen.&#8221;<\/p>\n\t<\/div>\n\t<div class=\"author\">\n\t\t<p class=\"name m-0\">Matilda Adriansson<\/p>\n\t\t<p class=\"job-title m-0\">Best\u00e4llande roll: CFO Rullpack<\/p>\n\t<\/div>\n<\/div>\t\t\t\t\t\t\t\t\t\t\t\t\t<div class=\"testimonials-list--item\">\n\t<div class=\"icon\">\n\t\t<svg width=\"29\" height=\"22\" fill=\"none\" xmlns=\"http:\/\/www.w3.org\/2000\/svg\"><path d=\"M8.252.876a1.746 1.746 0 112.095 2.793c-2.73 2.048-4.295 4.04-5.19 5.778a6.11 6.11 0 11-4.586 6.019c-.223-2.144.081-4.31.887-6.309C2.5 6.528 4.538 3.662 8.252.876zm15.71 0a1.746 1.746 0 012.095 2.793c-2.73 2.048-4.294 4.04-5.19 5.778a6.11 6.11 0 11-4.585 6.019c-.224-2.144.08-4.31.886-6.309 1.044-2.629 3.08-5.495 6.794-8.281z\" fill=\"#A80538\"\/><\/svg>\t<\/div>\n\t<div class=\"content\">\n\t\t<p>\u201dLynrask reaksjon i en vanskelig situasjon, ydmyk og profesjonell h\u00e5ndtering p\u00e5 veien og kandidats\u00f8k med millimeterpresisjon. Det samlede resultatet kan bare vurderes til 5 stjerner av 5 mulige.\u201d<\/p>\n\t<\/div>\n\t<div class=\"author\">\n\t\t<p class=\"name m-0\">Marcus Wigren<\/p>\n\t\t<p class=\"job-title m-0\">Best\u00e4llande roll: Managing Director Zander &#038; Ingestr\u00f6m<\/p>\n\t<\/div>\n<\/div>\t\t\t\t\t\t\t\t\t\t\t\t\t<div class=\"testimonials-list--item\">\n\t<div class=\"icon\">\n\t\t<svg width=\"29\" height=\"22\" fill=\"none\" xmlns=\"http:\/\/www.w3.org\/2000\/svg\"><path d=\"M8.252.876a1.746 1.746 0 112.095 2.793c-2.73 2.048-4.295 4.04-5.19 5.778a6.11 6.11 0 11-4.586 6.019c-.223-2.144.081-4.31.887-6.309C2.5 6.528 4.538 3.662 8.252.876zm15.71 0a1.746 1.746 0 012.095 2.793c-2.73 2.048-4.294 4.04-5.19 5.778a6.11 6.11 0 11-4.585 6.019c-.224-2.144.08-4.31.886-6.309 1.044-2.629 3.08-5.495 6.794-8.281z\" fill=\"#A80538\"\/><\/svg>\t<\/div>\n\t<div class=\"content\">\n\t\t<p style=\"font-weight: 400;\">\u201cInterim Search er b\u00e5de utrolig lydh\u00f8re og tydelige. De tar seg tid til \u00e5 forst\u00e5 mine behov ut fra oppdraget og hvor organisasjonen befinner seg akkurat n\u00e5.\u201d<\/p>\n\t<\/div>\n\t<div class=\"author\">\n\t\t<p class=\"name m-0\">Joakim Romanus<\/p>\n\t\t<p class=\"job-title m-0\">Oppdragsgiver: Chief People Officer Ework Group<\/p>\n\t<\/div>\n<\/div>\t\t\t\t\t\t\t\t\t\t\t\t\t<div class=\"testimonials-list--item\">\n\t<div class=\"icon\">\n\t\t<svg width=\"29\" height=\"22\" fill=\"none\" xmlns=\"http:\/\/www.w3.org\/2000\/svg\"><path d=\"M8.252.876a1.746 1.746 0 112.095 2.793c-2.73 2.048-4.295 4.04-5.19 5.778a6.11 6.11 0 11-4.586 6.019c-.223-2.144.081-4.31.887-6.309C2.5 6.528 4.538 3.662 8.252.876zm15.71 0a1.746 1.746 0 012.095 2.793c-2.73 2.048-4.294 4.04-5.19 5.778a6.11 6.11 0 11-4.585 6.019c-.224-2.144.08-4.31.886-6.309 1.044-2.629 3.08-5.495 6.794-8.281z\" fill=\"#A80538\"\/><\/svg>\t<\/div>\n\t<div class=\"content\">\n\t\t<p style=\"font-weight: 400;\">\u201cEt profesjonelt og enkelt samarbeid. Interim Search har med stort engasjement l\u00e6rt oss \u00e5 kjenne og levert interimkonsulenter som passer v\u00e5r organisasjon.\u201d<\/p>\n\t<\/div>\n\t<div class=\"author\">\n\t\t<p class=\"name m-0\">Susanne Bystr\u00f6m<\/p>\n\t\t<p class=\"job-title m-0\">Oppdragsgiverrolle: HR Manager Runsven Group<\/p>\n\t<\/div>\n<\/div>\t\t\t\t\t\t\t\t\t\t\t\t\t<div class=\"testimonials-list--item\">\n\t<div class=\"icon\">\n\t\t<svg width=\"29\" height=\"22\" fill=\"none\" xmlns=\"http:\/\/www.w3.org\/2000\/svg\"><path d=\"M8.252.876a1.746 1.746 0 112.095 2.793c-2.73 2.048-4.295 4.04-5.19 5.778a6.11 6.11 0 11-4.586 6.019c-.223-2.144.081-4.31.887-6.309C2.5 6.528 4.538 3.662 8.252.876zm15.71 0a1.746 1.746 0 012.095 2.793c-2.73 2.048-4.294 4.04-5.19 5.778a6.11 6.11 0 11-4.585 6.019c-.224-2.144.08-4.31.886-6.309 1.044-2.629 3.08-5.495 6.794-8.281z\" fill=\"#A80538\"\/><\/svg>\t<\/div>\n\t<div class=\"content\">\n\t\t<div dir=\"ltr\">\n<div>&#8220;Trots ett komplext kompetensbehov kunde Interim Search leverera r\u00e4tt konsult inom ett par dagar. Mycket n\u00f6jd med servicen!&#8221;<\/div>\n<div><\/div>\n<\/div>\n<div class=\"yj6qo ajU\"><\/div>\n\t<\/div>\n\t<div class=\"author\">\n\t\t<p class=\"name m-0\">Mikael Forslund<\/p>\n\t\t<p class=\"job-title m-0\">Best\u00e4llande roll: President &#038; CEO Elof Hansson Group<\/p>\n\t<\/div>\n<\/div>\t\t\t\t\t\t\t\t\t\t\t\t\t<div class=\"testimonials-list--item\">\n\t<div class=\"icon\">\n\t\t<svg width=\"29\" height=\"22\" fill=\"none\" xmlns=\"http:\/\/www.w3.org\/2000\/svg\"><path d=\"M8.252.876a1.746 1.746 0 112.095 2.793c-2.73 2.048-4.295 4.04-5.19 5.778a6.11 6.11 0 11-4.586 6.019c-.223-2.144.081-4.31.887-6.309C2.5 6.528 4.538 3.662 8.252.876zm15.71 0a1.746 1.746 0 012.095 2.793c-2.73 2.048-4.294 4.04-5.19 5.778a6.11 6.11 0 11-4.585 6.019c-.224-2.144.08-4.31.886-6.309 1.044-2.629 3.08-5.495 6.794-8.281z\" fill=\"#A80538\"\/><\/svg>\t<\/div>\n\t<div class=\"content\">\n\t\t<p style=\"font-weight: 400;\">\u201dEtt snabbt och professionellt hanterande genom hela processen. Vi kommer definitivt jobba vidare med Interim Search.\u201d<\/p>\n\t<\/div>\n\t<div class=\"author\">\n\t\t<p class=\"name m-0\">Carl Rosang<\/p>\n\t\t<p class=\"job-title m-0\">Best\u00e4llande roll: CEO Holistic<\/p>\n\t<\/div>\n<\/div>\t\t\t\t\t\t\t\t\t\t\t        \t\t<\/div>\n\t\t\t\t\t\t\t\t\t<div class=\"load-more buttons\">\n\t\t\t\t\t\t<a href=\"#\" class=\"btn btn--load-more\" data-page=\"2\" data-max-pages=\"6\">Visa fler<\/a> \n\t\t\t\t\t<\/div>\n\t\t\t\t  \n\t\t\t<\/div>\n\t\t<\/div>\n\t<\/div>\n<\/section>","protected":false},"excerpt":{"rendered":"","protected":false},"author":1,"featured_media":0,"parent":0,"menu_order":65,"comment_status":"closed","ping_status":"closed","template":"tpl-awave-blocks.php","meta":{"_acf_changed":false,"footnotes":""},"class_list":["post-29834","page","type-page","status-publish","hentry"],"acf":[],"yoast_head":"<!-- This site is optimized with the Yoast SEO Premium plugin v25.9 (Yoast SEO v25.9) - https:\/\/yoast.com\/wordpress\/plugins\/seo\/ -->\n<title>Kundutl\u00e5tanden - Interim Search<\/title>\n<meta name=\"robots\" content=\"index, follow, max-snippet:-1, max-image-preview:large, max-video-preview:-1\" \/>\n<link rel=\"canonical\" href=\"https:\/\/www.interimsearch.com\/nb\/referenser\/\" \/>\n<meta property=\"og:locale\" content=\"nb_NO\" \/>\n<meta property=\"og:type\" content=\"article\" \/>\n<meta property=\"og:title\" content=\"Kundutl\u00e5tanden\" \/>\n<meta property=\"og:url\" content=\"https:\/\/www.interimsearch.com\/nb\/referenser\/\" \/>\n<meta property=\"og:site_name\" content=\"Interim Search\" \/>\n<meta property=\"article:modified_time\" content=\"2025-11-21T12:39:18+00:00\" \/>\n<meta property=\"og:image\" content=\"https:\/\/www.interimsearch.com\/wp-content\/uploads\/2025\/07\/Social-image.jpg\" \/>\n\t<meta property=\"og:image:width\" content=\"1200\" \/>\n\t<meta property=\"og:image:height\" content=\"630\" \/>\n\t<meta property=\"og:image:type\" content=\"image\/jpeg\" \/>\n<meta name=\"twitter:card\" content=\"summary_large_image\" \/>\n<script type=\"application\/ld+json\" class=\"yoast-schema-graph\">{\"@context\":\"https:\/\/schema.org\",\"@graph\":[{\"@type\":\"WebPage\",\"@id\":\"https:\/\/www.interimsearch.com\/referenser\/\",\"url\":\"https:\/\/www.interimsearch.com\/referenser\/\",\"name\":\"Kundutl\u00e5tanden - Interim Search\",\"isPartOf\":{\"@id\":\"https:\/\/www.interimsearch.com\/#website\"},\"datePublished\":\"2020-11-18T05:59:07+00:00\",\"dateModified\":\"2025-11-21T12:39:18+00:00\",\"breadcrumb\":{\"@id\":\"https:\/\/www.interimsearch.com\/referenser\/#breadcrumb\"},\"inLanguage\":\"nb-NO\",\"potentialAction\":[{\"@type\":\"ReadAction\",\"target\":[\"https:\/\/www.interimsearch.com\/referenser\/\"]}]},{\"@type\":\"BreadcrumbList\",\"@id\":\"https:\/\/www.interimsearch.com\/referenser\/#breadcrumb\",\"itemListElement\":[{\"@type\":\"ListItem\",\"position\":1,\"name\":\"Hem\",\"item\":\"https:\/\/www.interimsearch.com\/\"},{\"@type\":\"ListItem\",\"position\":2,\"name\":\"Kundutl\u00e5tanden\"}]},{\"@type\":\"WebSite\",\"@id\":\"https:\/\/www.interimsearch.com\/#website\",\"url\":\"https:\/\/www.interimsearch.com\/\",\"name\":\"Interim Search\",\"description\":\"\",\"potentialAction\":[{\"@type\":\"SearchAction\",\"target\":{\"@type\":\"EntryPoint\",\"urlTemplate\":\"https:\/\/www.interimsearch.com\/?s={search_term_string}\"},\"query-input\":{\"@type\":\"PropertyValueSpecification\",\"valueRequired\":true,\"valueName\":\"search_term_string\"}}],\"inLanguage\":\"nb-NO\"}]}<\/script>\n<!-- \/ Yoast SEO Premium plugin. -->","yoast_head_json":{"title":"Kundutl\u00e5tanden - Interim Search","robots":{"index":"index","follow":"follow","max-snippet":"max-snippet:-1","max-image-preview":"max-image-preview:large","max-video-preview":"max-video-preview:-1"},"canonical":"https:\/\/www.interimsearch.com\/nb\/referenser\/","og_locale":"nb_NO","og_type":"article","og_title":"Kundutl\u00e5tanden","og_url":"https:\/\/www.interimsearch.com\/nb\/referenser\/","og_site_name":"Interim Search","article_modified_time":"2025-11-21T12:39:18+00:00","og_image":[{"width":1200,"height":630,"url":"https:\/\/www.interimsearch.com\/wp-content\/uploads\/2025\/07\/Social-image.jpg","type":"image\/jpeg"}],"twitter_card":"summary_large_image","schema":{"@context":"https:\/\/schema.org","@graph":[{"@type":"WebPage","@id":"https:\/\/www.interimsearch.com\/referenser\/","url":"https:\/\/www.interimsearch.com\/referenser\/","name":"Kundutl\u00e5tanden - Interim Search","isPartOf":{"@id":"https:\/\/www.interimsearch.com\/#website"},"datePublished":"2020-11-18T05:59:07+00:00","dateModified":"2025-11-21T12:39:18+00:00","breadcrumb":{"@id":"https:\/\/www.interimsearch.com\/referenser\/#breadcrumb"},"inLanguage":"nb-NO","potentialAction":[{"@type":"ReadAction","target":["https:\/\/www.interimsearch.com\/referenser\/"]}]},{"@type":"BreadcrumbList","@id":"https:\/\/www.interimsearch.com\/referenser\/#breadcrumb","itemListElement":[{"@type":"ListItem","position":1,"name":"Hem","item":"https:\/\/www.interimsearch.com\/"},{"@type":"ListItem","position":2,"name":"Kundutl\u00e5tanden"}]},{"@type":"WebSite","@id":"https:\/\/www.interimsearch.com\/#website","url":"https:\/\/www.interimsearch.com\/","name":"Midlertidig s\u00f8k","description":"","potentialAction":[{"@type":"SearchAction","target":{"@type":"EntryPoint","urlTemplate":"https:\/\/www.interimsearch.com\/?s={search_term_string}"},"query-input":{"@type":"PropertyValueSpecification","valueRequired":true,"valueName":"search_term_string"}}],"inLanguage":"nb-NO"}]}},"_links":{"self":[{"href":"https:\/\/www.interimsearch.com\/nb\/wp-json\/wp\/v2\/pages\/29834","targetHints":{"allow":["GET"]}}],"collection":[{"href":"https:\/\/www.interimsearch.com\/nb\/wp-json\/wp\/v2\/pages"}],"about":[{"href":"https:\/\/www.interimsearch.com\/nb\/wp-json\/wp\/v2\/types\/page"}],"author":[{"embeddable":true,"href":"https:\/\/www.interimsearch.com\/nb\/wp-json\/wp\/v2\/users\/1"}],"replies":[{"embeddable":true,"href":"https:\/\/www.interimsearch.com\/nb\/wp-json\/wp\/v2\/comments?post=29834"}],"version-history":[{"count":2,"href":"https:\/\/www.interimsearch.com\/nb\/wp-json\/wp\/v2\/pages\/29834\/revisions"}],"predecessor-version":[{"id":74792,"href":"https:\/\/www.interimsearch.com\/nb\/wp-json\/wp\/v2\/pages\/29834\/revisions\/74792"}],"wp:attachment":[{"href":"https:\/\/www.interimsearch.com\/nb\/wp-json\/wp\/v2\/media?parent=29834"}],"curies":[{"name":"wp","href":"https:\/\/api.w.org\/{rel}","templated":true}]}}