{"id":180,"date":"2016-03-08T09:17:02","date_gmt":"2016-03-08T08:17:02","guid":{"rendered":"https:\/\/www.interimsearch.com\/.preview.binero.se\/\/?page_id=180"},"modified":"2026-02-10T15:14:43","modified_gmt":"2026-02-10T14:14:43","slug":"om-oss","status":"publish","type":"page","link":"https:\/\/www.interimsearch.com\/nb\/om-oss\/","title":{"rendered":"Om Interim Search"},"content":{"rendered":"<style>\n    :root {\n        --desktop-bg: url(https:\/\/www.interimsearch.com\/wp-content\/uploads\/2025\/02\/intehem-187-Forbattrat-BR.jpg);\n        --mobile-bg: url(https:\/\/www.interimsearch.com\/wp-content\/uploads\/2025\/02\/intehem-187-Forbattrat-BR.jpg);\n        --phone-bg: url(https:\/\/www.interimsearch.com\/wp-content\/uploads\/2025\/02\/intehem-187-Forbattrat-BR.jpg);\n    }\n\t\n\t\t\n\tsection.block.hero .container .content {\n\t\tpadding-top: 100px;\n\t}\n\t\n\tsection.block.hero .inner {\n\t\talign-items: flex-start;\n\t\tmin-height: 700px;\n\t}\n\n    <\/style>\n\n<section id=\"hero-block_c8a548b067100741d79b183d077c320e\" class=\"block hero  alignfull margin-bottom_block_margin--small  hero--small has-breadcrumbs\">\n    <div class=\"inner has-background\" style=\"background-image: url(https:\/\/www.interimsearch.com\/wp-content\/uploads\/2025\/02\/intehem-187-Forbattrat-BR.jpg);\">\n        <div class=\"container\" style=\"\">\n            <div class=\"content\">\n                                    <h1>Det h\u00e4r \u00e4r Interim Search<\/h1>\n                                                    <p>Interim Search: Interimsrekrytering med datadriven precision \u2013 st\u00f6rst n\u00e4tverk av interimskonsulter f\u00f6r ledande Interim Management.<\/p>\n                                                                            <\/div>\n\n                    <\/div>\n\t\t              <\/div>\n    <div id=\"breadcrumbs\"><span><span><a href=\"https:\/\/www.interimsearch.com\/nb\/\">Hjem<\/a><\/span><\/span><\/div><\/section>\n\n<section id=\"text-block_966601a59059ba0f2132f790022094d0\" class=\"block text  margin-bottom_block_margin--extra-small  text--width-narrow text--align-left\">\n<div class=\"container\">\n    <div class=\"col\">\n        <div class=\"text\">\n            <div class=\"editor-content\"><p>Som specialist inom search tills\u00e4tter Interim Search kvalificerade chefer och specialister i tillf\u00e4lliga roller. V\u00e5r metodik s\u00e4kerst\u00e4ller att vi effektivt kan tills\u00e4tta alla typer av seniora interimsroller, som t\u00e4cker b\u00e5de den nationella och internationella uppdrag.<\/p>\n<\/div>        <\/div>\n    <\/div>\n<\/div>\n<\/section>\n\n<section id=\"text-block_7e3b2e8be779e560e52b44d6e77abe8a\" class=\"block text  margin-bottom_block_margin--medium  text--width-full text--align-left\">\n<div class=\"container\">\n    <div class=\"col\">\n        <div class=\"text\">\n            <div class=\"editor-content\"><p><script src=\"https:\/\/static.elfsight.com\/platform\/platform.js\" async><\/script><\/p>\n<div class=\"elfsight-app-f55530a6-cbbd-4e94-9cbf-9a16f43e7d80\" data-elfsight-app-lazy><\/div>\n<\/div>        <\/div>\n    <\/div>\n<\/div>\n<\/section>\n\n<section id=\"link-block-block_0533ab4f841d2675cd35df765db00d26\" class=\"block link-block  margin-bottom_block_margin--medium\">\n\t<div class=\"container_grid\">\n\t\t\n\t\t\t\t\t<div class=\"row_grid\">\n\t\t\t\t<div class=\"row__col\">\n\t\t\t\t\t<ul class=\"links--list cols-4\">\n\t\t\t\t\t\t\t\t\t\t\t\t\t<li class=\"linksk--item\">\n\t\t\t\t\t\t\t\t<a href=\"https:\/\/www.interimsearch.com\/nb\/om-oss\/ansatte\/\" target=\"\" class=\"links--link\">\n\t\t\t\t\t\t\t\t\t<span class=\"text\">Ansatte<\/span>\n\t\t\t\t\t\t\t\t\t<span class=\"icon\"><i class=\"fa-regular fa-arrow-right\"><\/i><\/span>\n\t\t\t\t\t\t\t\t<\/a>\n\t\t\t\t\t\t\t<\/li>\n\t\t\t\t\t\t\t\t\t\t\t\t\t<li class=\"linksk--item\">\n\t\t\t\t\t\t\t\t<a href=\"https:\/\/www.interimsearch.com\/nb\/om-oss\/vls\/\" target=\"\" class=\"links--link\">\n\t\t\t\t\t\t\t\t\t<span class=\"text\">System for virksomhetsstyring<\/span>\n\t\t\t\t\t\t\t\t\t<span class=\"icon\"><i class=\"fa-regular fa-arrow-right\"><\/i><\/span>\n\t\t\t\t\t\t\t\t<\/a>\n\t\t\t\t\t\t\t<\/li>\n\t\t\t\t\t\t\t\t\t\t\t\t\t<li class=\"linksk--item\">\n\t\t\t\t\t\t\t\t<a href=\"https:\/\/www.interimsearch.com\/nb\/om-oss\/riktlinjer\/\" target=\"\" class=\"links--link\">\n\t\t\t\t\t\t\t\t\t<span class=\"text\">Etiske retningslinjer<\/span>\n\t\t\t\t\t\t\t\t\t<span class=\"icon\"><i class=\"fa-regular fa-arrow-right\"><\/i><\/span>\n\t\t\t\t\t\t\t\t<\/a>\n\t\t\t\t\t\t\t<\/li>\n\t\t\t\t\t\t\t\t\t\t\t\t\t<li class=\"linksk--item\">\n\t\t\t\t\t\t\t\t<a href=\"https:\/\/www.interimsearch.com\/nb\/om-oss\/interim-search-data-sekretesspolicy\/\" target=\"\" class=\"links--link\">\n\t\t\t\t\t\t\t\t\t<span class=\"text\">Interim Search Data &amp; Sekretesspolicy<\/span>\n\t\t\t\t\t\t\t\t\t<span class=\"icon\"><i class=\"fa-regular fa-arrow-right\"><\/i><\/span>\n\t\t\t\t\t\t\t\t<\/a>\n\t\t\t\t\t\t\t<\/li>\n\t\t\t\t\t\t\t\t\t\t\t<\/ul>\n\t\t\t\t<\/div>\n\t\t\t<\/div>\n\t\t\t<\/div>\n<\/section>\n\n<section id=\"text-block_0dfec2dffadc8ffa17ca479885be8248\" class=\"block text  margin-bottom_block_margin--small  text--width-narrow text--align-left\">\n<div class=\"container\">\n    <div class=\"col\">\n        <div class=\"text\">\n            <div class=\"editor-content\"><h2>En fram\u00e5tlutad rekryteringsbyr\u00e5<\/h2>\n<p>V\u00e5rt koncept \u00e4r enkelt. Vi har valt att fokusera p\u00e5 att tills\u00e4tta chefer och specialister p\u00e5 tidsbegr\u00e4nsade uppdrag. Ett fokus som till\u00e5ter oss att leverera med b\u00e5de hastighet och precision.<\/p>\n<\/div>        <\/div>\n    <\/div>\n<\/div>\n<\/section>\n\n<section id=\"multi-column-text-block_86b9aa4f871eacc1363d7f0974d4c36d\" class=\"block multi-column-text  margin-bottom_block_margin--extra-small\">\n\t<div class=\"container_grid\">\n\t\t<div class=\"row_grid\">\n\t\t\t\t\t\t\t<div class=\"row__col heading\">\n\t\t\t\t\t<h2 class=\"title\">Hastighet<\/h2>\n\t\t\t\t<\/div>\n\t\t\t\t\t<\/div>\n\t\t\t\t\t\t\n\t\t\t<div class=\"row_grid text-columns\">\n\t\t\t\t\t\t\t\t\t<div class=\"row__col row__col--md-12\">\n\t\t\t\t\t\t<div class=\"editor-content\"><p>N\u00e4tverket best\u00e5r av \u00f6ver 20.000 associerade interimskonsulter, personer som p\u00e5 f\u00f6rhand personligen intervjuats och som det f\u00f6rs en kontinuerlig dialog med. Detta proaktiva arbete till\u00e5ter oss att agera med \u00f6verl\u00e4gsen hastighet n\u00e4r behovet av en interimschef uppst\u00e5r. L\u00e4s mer om v\u00e5ra processer <a href=\"https:\/\/www.interimsearch.com\/nb\/tjanster\/\" rel=\"nofollow\">her<\/a>.<\/p>\n<\/div>\t\t\t\t\t<\/div>\n\t\t\t\t\t\t\t<\/div>\t\n\t\t\t<\/div>\n<\/section>\n\n<section id=\"multi-column-text-block_9b2cb2ebfc3ffcdf3ecc004f3bc57922\" class=\"block multi-column-text  margin-bottom_block_margin--medium\">\n\t<div class=\"container_grid\">\n\t\t<div class=\"row_grid\">\n\t\t\t\t\t\t\t<div class=\"row__col heading\">\n\t\t\t\t\t<h2 class=\"title\">Precision <\/h2>\n\t\t\t\t<\/div>\n\t\t\t\t\t<\/div>\n\t\t\t\t\t\t\n\t\t\t<div class=\"row_grid text-columns\">\n\t\t\t\t\t\t\t\t\t<div class=\"row__col row__col--md-12\">\n\t\t\t\t\t\t<div class=\"editor-content\"><p>F\u00f6r att s\u00e4kerst\u00e4lla att tills\u00e4ttningarna sker med exakthet mot kundens behov har Interim Search utvecklat ett fullskaligt verksamhetsledningssystem. Systemet fungerar som ett nav i verksamheten och s\u00e4kerst\u00e4ller kontroll, trygghet och en j\u00e4mn och h\u00f6g leveransniv\u00e5. L\u00e4s mer om v\u00e5r kvalitetss\u00e4kring <a href=\"https:\/\/www.interimsearch.com\/nb\/om-oss\/vls\/\" rel=\"nofollow\">her<\/a>.<\/p>\n<\/div>\t\t\t\t\t<\/div>\n\t\t\t\t\t\t\t<\/div>\t\n\t\t\t<\/div>\n<\/section>\n\n<section id=\"text-block_fce831eea0bf7eb52e36507aa9a3e051\" class=\"block text  margin-bottom_block_margin--medium  text--width-narrow text--align-left\">\n<div class=\"container\">\n    <div class=\"col\">\n        <div class=\"text\">\n            <div class=\"editor-content\"><h2>G\u00f6r en spontanans\u00f6kan<\/h2>\n<p>Vanliga kundf\u00f6rfr\u00e5gningar hos oss \u00e4r interim VD, CFO, Controller, Redovisningsspecialist, Koncernredovisningsansvarig, IT-chef, HR-chef, HRBP och Produktionschef.<\/p>\n<p>Skicka in en <a href=\"https:\/\/www.interimsearch.com\/nb\/offentlige-oppdrag\/spontanansokan\/\">spontanans\u00f6kan<\/a> till oss f\u00f6r att kontinuerligt synas f\u00f6r oss och matchas med sp\u00e4nnande uppdrag som passar just din profil!<\/p>\n<\/div>        <\/div>\n    <\/div>\n<\/div>\n<\/section>\n\n<section id=\"text-block_6149fc8aff6b2c2811197420eb524c85\" class=\"block text  margin-bottom_block_margin--medium  text--width-narrow text--align-left\">\n<div class=\"container\">\n    <div class=\"col\">\n        <div class=\"text\">\n            <div class=\"editor-content\"><h2>Interim Management 2.0<\/h2>\n<p>Vi driver utvecklingen av n\u00e4sta generations rekryteringsbolag som fokuserar p\u00e5 tillf\u00e4lliga chef- och specialistroller. Vi har anpassat hela v\u00e5r verksamhet till <a href=\"https:\/\/www.interimsearch.com\/nb\/midlertidig-ledelse\/\">Interimledelse<\/a> med fokus p\u00e5 f\u00f6ljande i v\u00e5ra kundleveranser:<\/p>\n<h3 class=\"leitura marginBottom15\"><i class=\"bts bt-check greentext\"><\/i> R\u00e4tt profiler<\/h3>\n<p>Vi s\u00e4kerst\u00e4ller att vi f\u00f6rst\u00e5r vad kunden beh\u00f6ver d\u00e5 vi som arbetar p\u00e5 Interim Search sj\u00e4lva har gedigen erfarenhet fr\u00e5n rekrytering och linjeroller s\u00e5 som CFO, HR Direkt\u00f6r, F\u00f6rs\u00e4ljningschef och VD. F\u00f6r att kunna leverera r\u00e4tt profiler g\u00e4ller \u00e4ven att utv\u00e4rdera kandidater utifr\u00e5n perspektivet att de ska bidra med en trygghet och stabilitet, att man hanterat motsvarande utmaningar framg\u00e5ngsrikt tidigare och att man med kort startstr\u00e4cka kan b\u00f6rja bidra med resultat. Detta fokus, att kandidaterna kortsiktigt ska kunna leverera best\u00e5ende resultat, genomsyrar hela utv\u00e4rderingsprocessen.<\/p>\n<h3 class=\"leitura marginBottom15\"><i class=\"bts bt-check greentext\"><\/i> R\u00e4tt pris<\/h3>\n<p>V\u00e5r tumregel \u00e4r att vi ska konkurrensuts\u00e4tta v\u00e5ra interimskandidater s\u00e5 att ni som kund f\u00e5r samma pris, eller l\u00e4gre, som om ni hade kontaktat personen utan v\u00e5r inblandning. En annan tumregel \u00e4r att vi ska ha en priss\u00e4ttning som t\u00e5l transparens och att vi i varje enskild aff\u00e4r str\u00e4var efter att hitta balansen d\u00e4r kunden och kandidaten \u00e4r n\u00f6jda med ers\u00e4ttningen samtidigt som v\u00e5rt arbete l\u00f6nar sig.<\/p>\n<h3 class=\"leitura marginBottom15\"><i class=\"bts bt-check greentext\"><\/i> R\u00e4tt\u00a0tid<\/h3>\n<p>N\u00e4r man saknar en medarbetare p\u00e5 en vital funktion i f\u00f6retaget \u00e4r det ofta br\u00e5ttom. Uppgiften att hitta den mest l\u00e4mpliga kandidaten \u00e4r prioriterad av bolaget, man vill inte v\u00e4nta p\u00e5 att f\u00e5 kontroll \u00f6ver situationen och man vill se vad det finns f\u00f6r kandidater p\u00e5 marknaden. Nu. D\u00e4rf\u00f6r har vi utvecklat en metodik som till\u00e5ter oss att leverera r\u00e4tt kandidater, till r\u00e4tt pris inom 48 timmar.<\/p>\n<\/div>        <\/div>\n    <\/div>\n<\/div>\n<\/section>\n\n<section id=\"text-block_763d6abb2080a9ddcbdef3419b37ca4a\" class=\"block text  margin-bottom_block_margin--large  text--width-narrow text--align-left\">\n<div class=\"container\">\n    <div class=\"col\">\n        <div class=\"text\">\n            <div class=\"editor-content\"><p>Interim Search \u00e4r den firma som med st\u00f6rst tillv\u00e4xt etablerat sig som en ledande akt\u00f6r bland rekryteringsbyr\u00e5er som fokuserar p\u00e5 Interim Management. Anledningen \u00e4r ganska enkel, vi har anpassat hela verksamheten utifr\u00e5n kundens behov n\u00e4r behovet av en tillf\u00e4llig chef eller specialist uppst\u00e5r.<\/p>\n<\/div>        <\/div>\n    <\/div>\n<\/div>\n<\/section>","protected":false},"excerpt":{"rendered":"","protected":false},"author":10,"featured_media":0,"parent":0,"menu_order":121,"comment_status":"closed","ping_status":"closed","template":"tpl-awave-blocks.php","meta":{"_acf_changed":false,"footnotes":""},"class_list":["post-180","page","type-page","status-publish","hentry"],"acf":[],"yoast_head":"<!-- This site is optimized with the Yoast SEO Premium plugin v25.9 (Yoast SEO v25.9) - https:\/\/yoast.com\/wordpress\/plugins\/seo\/ -->\n<title>Om Interim Search - Interim Search<\/title>\n<meta name=\"robots\" content=\"index, follow, max-snippet:-1, max-image-preview:large, max-video-preview:-1\" \/>\n<link rel=\"canonical\" href=\"https:\/\/www.interimsearch.com\/nb\/om-oss\/\" \/>\n<meta property=\"og:locale\" content=\"nb_NO\" \/>\n<meta property=\"og:type\" content=\"article\" \/>\n<meta property=\"og:title\" content=\"Om Interim Search\" \/>\n<meta property=\"og:url\" content=\"https:\/\/www.interimsearch.com\/nb\/om-oss\/\" \/>\n<meta property=\"og:site_name\" content=\"Interim Search\" \/>\n<meta property=\"article:modified_time\" content=\"2026-02-10T14:14:43+00:00\" \/>\n<meta property=\"og:image\" content=\"https:\/\/www.interimsearch.com\/wp-content\/uploads\/2025\/07\/Social-image.jpg\" \/>\n\t<meta property=\"og:image:width\" content=\"1200\" \/>\n\t<meta property=\"og:image:height\" content=\"630\" \/>\n\t<meta property=\"og:image:type\" content=\"image\/jpeg\" \/>\n<meta name=\"twitter:card\" content=\"summary_large_image\" \/>\n<script type=\"application\/ld+json\" class=\"yoast-schema-graph\">{\"@context\":\"https:\/\/schema.org\",\"@graph\":[{\"@type\":\"WebPage\",\"@id\":\"https:\/\/www.interimsearch.com\/om-oss\/\",\"url\":\"https:\/\/www.interimsearch.com\/om-oss\/\",\"name\":\"Om Interim Search - Interim Search\",\"isPartOf\":{\"@id\":\"https:\/\/www.interimsearch.com\/#website\"},\"datePublished\":\"2016-03-08T08:17:02+00:00\",\"dateModified\":\"2026-02-10T14:14:43+00:00\",\"breadcrumb\":{\"@id\":\"https:\/\/www.interimsearch.com\/om-oss\/#breadcrumb\"},\"inLanguage\":\"nb-NO\",\"potentialAction\":[{\"@type\":\"ReadAction\",\"target\":[\"https:\/\/www.interimsearch.com\/om-oss\/\"]}]},{\"@type\":\"BreadcrumbList\",\"@id\":\"https:\/\/www.interimsearch.com\/om-oss\/#breadcrumb\",\"itemListElement\":[{\"@type\":\"ListItem\",\"position\":1,\"name\":\"Hem\",\"item\":\"https:\/\/www.interimsearch.com\/\"},{\"@type\":\"ListItem\",\"position\":2,\"name\":\"Om Interim Search\"}]},{\"@type\":\"WebSite\",\"@id\":\"https:\/\/www.interimsearch.com\/#website\",\"url\":\"https:\/\/www.interimsearch.com\/\",\"name\":\"Interim Search\",\"description\":\"\",\"potentialAction\":[{\"@type\":\"SearchAction\",\"target\":{\"@type\":\"EntryPoint\",\"urlTemplate\":\"https:\/\/www.interimsearch.com\/?s={search_term_string}\"},\"query-input\":{\"@type\":\"PropertyValueSpecification\",\"valueRequired\":true,\"valueName\":\"search_term_string\"}}],\"inLanguage\":\"nb-NO\"}]}<\/script>\n<!-- \/ Yoast SEO Premium plugin. -->","yoast_head_json":{"title":"Om Interim Search - Interim Search","robots":{"index":"index","follow":"follow","max-snippet":"max-snippet:-1","max-image-preview":"max-image-preview:large","max-video-preview":"max-video-preview:-1"},"canonical":"https:\/\/www.interimsearch.com\/nb\/om-oss\/","og_locale":"nb_NO","og_type":"article","og_title":"Om Interim Search","og_url":"https:\/\/www.interimsearch.com\/nb\/om-oss\/","og_site_name":"Interim Search","article_modified_time":"2026-02-10T14:14:43+00:00","og_image":[{"width":1200,"height":630,"url":"https:\/\/www.interimsearch.com\/wp-content\/uploads\/2025\/07\/Social-image.jpg","type":"image\/jpeg"}],"twitter_card":"summary_large_image","schema":{"@context":"https:\/\/schema.org","@graph":[{"@type":"WebPage","@id":"https:\/\/www.interimsearch.com\/om-oss\/","url":"https:\/\/www.interimsearch.com\/om-oss\/","name":"Om Interim Search - Interim Search","isPartOf":{"@id":"https:\/\/www.interimsearch.com\/#website"},"datePublished":"2016-03-08T08:17:02+00:00","dateModified":"2026-02-10T14:14:43+00:00","breadcrumb":{"@id":"https:\/\/www.interimsearch.com\/om-oss\/#breadcrumb"},"inLanguage":"nb-NO","potentialAction":[{"@type":"ReadAction","target":["https:\/\/www.interimsearch.com\/om-oss\/"]}]},{"@type":"BreadcrumbList","@id":"https:\/\/www.interimsearch.com\/om-oss\/#breadcrumb","itemListElement":[{"@type":"ListItem","position":1,"name":"Hem","item":"https:\/\/www.interimsearch.com\/"},{"@type":"ListItem","position":2,"name":"Om Interim Search"}]},{"@type":"WebSite","@id":"https:\/\/www.interimsearch.com\/#website","url":"https:\/\/www.interimsearch.com\/","name":"Midlertidig s\u00f8k","description":"","potentialAction":[{"@type":"SearchAction","target":{"@type":"EntryPoint","urlTemplate":"https:\/\/www.interimsearch.com\/?s={search_term_string}"},"query-input":{"@type":"PropertyValueSpecification","valueRequired":true,"valueName":"search_term_string"}}],"inLanguage":"nb-NO"}]}},"_links":{"self":[{"href":"https:\/\/www.interimsearch.com\/nb\/wp-json\/wp\/v2\/pages\/180","targetHints":{"allow":["GET"]}}],"collection":[{"href":"https:\/\/www.interimsearch.com\/nb\/wp-json\/wp\/v2\/pages"}],"about":[{"href":"https:\/\/www.interimsearch.com\/nb\/wp-json\/wp\/v2\/types\/page"}],"author":[{"embeddable":true,"href":"https:\/\/www.interimsearch.com\/nb\/wp-json\/wp\/v2\/users\/10"}],"replies":[{"embeddable":true,"href":"https:\/\/www.interimsearch.com\/nb\/wp-json\/wp\/v2\/comments?post=180"}],"version-history":[{"count":4,"href":"https:\/\/www.interimsearch.com\/nb\/wp-json\/wp\/v2\/pages\/180\/revisions"}],"predecessor-version":[{"id":75483,"href":"https:\/\/www.interimsearch.com\/nb\/wp-json\/wp\/v2\/pages\/180\/revisions\/75483"}],"wp:attachment":[{"href":"https:\/\/www.interimsearch.com\/nb\/wp-json\/wp\/v2\/media?parent=180"}],"curies":[{"name":"wp","href":"https:\/\/api.w.org\/{rel}","templated":true}]}}