{"id":76102,"date":"2026-04-01T15:24:06","date_gmt":"2026-04-01T13:24:06","guid":{"rendered":"https:\/\/www.interimsearch.com\/?page_id=76102"},"modified":"2026-04-07T15:36:45","modified_gmt":"2026-04-07T13:36:45","slug":"interim-management-anmalan","status":"publish","type":"page","link":"https:\/\/www.interimsearch.com\/en\/interim-management-anmalan\/","title":{"rendered":"Event: Management: Insikter fr\u00e5n Handels och frukostevent"},"content":{"rendered":"<section id=\"text-and-image-wide-block_06c9ce6b539761167bca637fef105fab\" class=\"block text-and-image-wide  alignfull margin-bottom_block_margin--none  bg-color--blue block-style--float align-text--left\">\n        \n        <div class=\"container_grid container_grid--100\">\n            <div class=\"row_grid\">\n                <div class=\"row__col                    left-side                     has-text                    no-image blue\" \n                                    >\n                                            <div class=\"content\">\n    <div class=\"editor-content\">\n                    <h3 class=\"heading m-0\">Interim Management: Insikter fr\u00e5n Handels och frukostevent<\/h3>\n                            <p class=\"m-0\">Tack till alla som deltog p\u00e5 v\u00e5rt frukostevent p\u00e5 Handelsh\u00f6gskolan i G\u00f6teborg! Tillsammans med experterna bakom Interim Management Professional Programme diskuterade vi ledarskap och strategisk f\u00f6r\u00e4ndring.<\/p>\n        \n                    <div class=\"buttons\">\n<\/div>\n            <\/div>\n    \n<\/div>                        \n                <\/div>\n\n                <div class=\"row__col                     right-side                     no-text                    has-image\" \n                    style=\"background-image: url(https:\/\/www.interimsearch.com\/wp-content\/uploads\/2026\/04\/IMG_0747-scaled-e1775552965793.jpeg)\"                >\n                        \n                <\/div>\n            <\/div>\n        <\/div>\n        \n<\/section>\n\n<section id=\"text-block_a3619102d0913ed73516935cb4e230d2\" class=\"block text  margin-bottom_block_margin--none  text--width-narrow text--align-left\">\n<div class=\"container\">\n    <div class=\"col\">\n        <div class=\"text\">\n            <div class=\"editor-content\"><p>&nbsp;<\/p>\n<div style=\"font-size: 1.1em;\">\n<p data-path-to-node=\"4\">H\u00e4r kan du ta del av intervjuerna vi gjorde p\u00e5 plats med bland annat f\u00f6rel\u00e4sarna:<\/p>\n<ul data-path-to-node=\"5\">\n<li>\n<p data-path-to-node=\"5,0,0\"><b data-path-to-node=\"5,0,0\" data-index-in-node=\"0\">Jonas Fasth, Ekonomie doktor och expert p\u00e5 tillv\u00e4xtdynamik <\/b>\u2013 om f\u00f6r\u00e4ndringsledning och tillv\u00e4xt.<\/p>\n<\/li>\n<li>\n<p data-path-to-node=\"5,1,0\"><b data-path-to-node=\"5,1,0\" data-index-in-node=\"0\">Fredrik Mannheimer, Strategikonsult<\/b> \u2013 om strategisk verksamhetsstyrning.<\/p>\n<\/li>\n<\/ul>\n<p>&nbsp;<\/p>\n<div class=\"panel-grid\">\n<div class=\"panel-card\">\n<h3>Jonas Fasth, Forskare &amp; f\u00f6rel\u00e4sare<\/h3>\n<div class=\"youtube-embed-wrapper\"><iframe src=\"https:\/\/www.youtube.com\/embed\/3xcaQb6gQZ4\" allowfullscreen=\"allowfullscreen\"><\/iframe><\/div>\n<\/div>\n<div class=\"panel-card\">\n<h3>Sven \u00d6quist, Director Interim Search<\/h3>\n<div class=\"youtube-embed-wrapper\"><iframe src=\"https:\/\/www.youtube.com\/embed\/nVyOrCqa9FI?controls=0\" allowfullscreen=\"allowfullscreen\"><\/iframe><\/div>\n<\/div>\n<div class=\"panel-card\">\n<h3>Fredrik Mannheimer, Strategikonsult<\/h3>\n<div class=\"youtube-embed-wrapper\"><iframe src=\"https:\/\/www.youtube.com\/embed\/Ov_Vvm8dg3c?controls=0\" allowfullscreen=\"allowfullscreen\"><\/iframe><\/div>\n<\/div>\n<div class=\"panel-card\">\n<h3>Anette Andersson, interimschef<\/h3>\n<div class=\"youtube-embed-wrapper\"><iframe src=\"https:\/\/www.youtube.com\/embed\/WGQ4NhYCh_o?controls=0\" allowfullscreen=\"allowfullscreen\"><\/iframe><\/div>\n<\/div>\n<\/div>\n<h3>Om v\u00e5rens akademiska spetsutbildning f\u00f6r interimschefer<\/h3>\n<p data-path-to-node=\"8\"><b data-path-to-node=\"8\" data-index-in-node=\"0\">S\u00e4kra din plats 18\u201322 maj<\/b><\/p>\n<p>Vill du professionalisera din roll som interimskonsult? I maj genomf\u00f6r vi n\u00e4sta utbildningsomg\u00e5ng i G\u00f6teborg. Programmet kombinerar akademisk tyngd med praktiska verktyg f\u00f6r dig som leder i f\u00f6r\u00e4ndring.<br \/>\n<a href=\"https:\/\/guexed.com\/sv\/interim-management-professional-programme\" target=\"_blank\" rel=\"noopener\"><br \/>\nS\u00f6k utbildningen<br \/>\n<\/a><\/p>\n<\/div>\n<p>&nbsp;<\/p>\n<\/div>        <\/div>\n    <\/div>\n<\/div>\n<\/section>","protected":false},"excerpt":{"rendered":"","protected":false},"author":15,"featured_media":0,"parent":0,"menu_order":11,"comment_status":"closed","ping_status":"closed","template":"tpl-awave-blocks.php","meta":{"_acf_changed":false,"footnotes":""},"class_list":["post-76102","page","type-page","status-publish","hentry"],"acf":[],"yoast_head":"<!-- This site is optimized with the Yoast SEO Premium plugin v25.9 (Yoast SEO v25.9) - https:\/\/yoast.com\/wordpress\/plugins\/seo\/ -->\n<title>Interim Search \u2014 N\u00e4sta generation interimsf\u00f6retag.<\/title>\n<meta name=\"description\" content=\"Sveriges st\u00f6rsta interimsleverant\u00f6r Interim Search \u00e4r specialiserade p\u00e5 Interim Management. Vi anlitas n\u00e4r ett f\u00f6retag beh\u00f6ver tills\u00e4tta en aff\u00e4rskritisk position tillf\u00e4lligt och levererar kandidater p\u00e5 s\u00e5 kort som 48 timmar.\" \/>\n<meta name=\"robots\" content=\"index, follow, max-snippet:-1, max-image-preview:large, max-video-preview:-1\" \/>\n<link rel=\"canonical\" href=\"https:\/\/www.interimsearch.com\/en\/interim-management-anmalan\/\" \/>\n<meta property=\"og:locale\" content=\"en_US\" \/>\n<meta property=\"og:type\" content=\"article\" \/>\n<meta property=\"og:title\" content=\"Event: Management: Insikter fr\u00e5n Handels och frukostevent\" \/>\n<meta property=\"og:description\" content=\"Sveriges st\u00f6rsta interimsleverant\u00f6r Interim Search \u00e4r specialiserade p\u00e5 Interim Management. Vi anlitas n\u00e4r ett f\u00f6retag beh\u00f6ver tills\u00e4tta en aff\u00e4rskritisk position tillf\u00e4lligt och levererar kandidater p\u00e5 s\u00e5 kort som 48 timmar.\" \/>\n<meta property=\"og:url\" content=\"https:\/\/www.interimsearch.com\/en\/interim-management-anmalan\/\" \/>\n<meta property=\"og:site_name\" content=\"Interim Search\" \/>\n<meta property=\"article:modified_time\" content=\"2026-04-07T13:36:45+00:00\" \/>\n<meta property=\"og:image\" content=\"https:\/\/www.interimsearch.com\/wp-content\/uploads\/2025\/07\/Social-image.jpg\" \/>\n\t<meta property=\"og:image:width\" content=\"1200\" \/>\n\t<meta property=\"og:image:height\" content=\"630\" \/>\n\t<meta property=\"og:image:type\" content=\"image\/jpeg\" \/>\n<meta name=\"twitter:card\" content=\"summary_large_image\" \/>\n<script type=\"application\/ld+json\" class=\"yoast-schema-graph\">{\"@context\":\"https:\/\/schema.org\",\"@graph\":[{\"@type\":\"WebPage\",\"@id\":\"https:\/\/www.interimsearch.com\/interim-management-anmalan\/\",\"url\":\"https:\/\/www.interimsearch.com\/interim-management-anmalan\/\",\"name\":\"Interim Search \u2014 N\u00e4sta generation interimsf\u00f6retag.\",\"isPartOf\":{\"@id\":\"https:\/\/www.interimsearch.com\/#website\"},\"datePublished\":\"2026-04-01T13:24:06+00:00\",\"dateModified\":\"2026-04-07T13:36:45+00:00\",\"description\":\"Sveriges st\u00f6rsta interimsleverant\u00f6r Interim Search \u00e4r specialiserade p\u00e5 Interim Management. Vi anlitas n\u00e4r ett f\u00f6retag beh\u00f6ver tills\u00e4tta en aff\u00e4rskritisk position tillf\u00e4lligt och levererar kandidater p\u00e5 s\u00e5 kort som 48 timmar.\",\"breadcrumb\":{\"@id\":\"https:\/\/www.interimsearch.com\/interim-management-anmalan\/#breadcrumb\"},\"inLanguage\":\"en-US\",\"potentialAction\":[{\"@type\":\"ReadAction\",\"target\":[\"https:\/\/www.interimsearch.com\/interim-management-anmalan\/\"]}]},{\"@type\":\"BreadcrumbList\",\"@id\":\"https:\/\/www.interimsearch.com\/interim-management-anmalan\/#breadcrumb\",\"itemListElement\":[{\"@type\":\"ListItem\",\"position\":1,\"name\":\"Hem\",\"item\":\"https:\/\/www.interimsearch.com\/\"},{\"@type\":\"ListItem\",\"position\":2,\"name\":\"Event: Management: Insikter fr\u00e5n Handels och frukostevent\"}]},{\"@type\":\"WebSite\",\"@id\":\"https:\/\/www.interimsearch.com\/#website\",\"url\":\"https:\/\/www.interimsearch.com\/\",\"name\":\"Interim Search\",\"description\":\"\",\"potentialAction\":[{\"@type\":\"SearchAction\",\"target\":{\"@type\":\"EntryPoint\",\"urlTemplate\":\"https:\/\/www.interimsearch.com\/?s={search_term_string}\"},\"query-input\":{\"@type\":\"PropertyValueSpecification\",\"valueRequired\":true,\"valueName\":\"search_term_string\"}}],\"inLanguage\":\"en-US\"}]}<\/script>\n<!-- \/ Yoast SEO Premium plugin. -->","yoast_head_json":{"title":"Interim Search \u2014 The Next Generation of Interim Firms","description":"A leading European interim provider - Interim Search \u2713 We guarantee the right interim manager in 48 hours. \u27a4 Across Sweden &amp; internationally!","robots":{"index":"index","follow":"follow","max-snippet":"max-snippet:-1","max-image-preview":"max-image-preview:large","max-video-preview":"max-video-preview:-1"},"canonical":"https:\/\/www.interimsearch.com\/en\/interim-management-anmalan\/","og_locale":"en_US","og_type":"article","og_title":"Event: Management: Insikter fr\u00e5n Handels och frukostevent","og_description":"Sveriges st\u00f6rsta interimsleverant\u00f6r Interim Search \u00e4r specialiserade p\u00e5 Interim Management. Vi anlitas n\u00e4r ett f\u00f6retag beh\u00f6ver tills\u00e4tta en aff\u00e4rskritisk position tillf\u00e4lligt och levererar kandidater p\u00e5 s\u00e5 kort som 48 timmar.","og_url":"https:\/\/www.interimsearch.com\/en\/interim-management-anmalan\/","og_site_name":"Interim Search","article_modified_time":"2026-04-07T13:36:45+00:00","og_image":[{"width":1200,"height":630,"url":"https:\/\/www.interimsearch.com\/wp-content\/uploads\/2025\/07\/Social-image.jpg","type":"image\/jpeg"}],"twitter_card":"summary_large_image","schema":{"@context":"https:\/\/schema.org","@graph":[{"@type":"WebPage","@id":"https:\/\/www.interimsearch.com\/interim-management-anmalan\/","url":"https:\/\/www.interimsearch.com\/interim-management-anmalan\/","name":"Interim Search \u2014 The Next Generation of Interim Firms","isPartOf":{"@id":"https:\/\/www.interimsearch.com\/#website"},"datePublished":"2026-04-01T13:24:06+00:00","dateModified":"2026-04-07T13:36:45+00:00","description":"A leading European interim provider - Interim Search \u2713 We guarantee the right interim manager in 48 hours. \u27a4 Across Sweden &amp; internationally!","breadcrumb":{"@id":"https:\/\/www.interimsearch.com\/interim-management-anmalan\/#breadcrumb"},"inLanguage":"en-US","potentialAction":[{"@type":"ReadAction","target":["https:\/\/www.interimsearch.com\/interim-management-anmalan\/"]}]},{"@type":"BreadcrumbList","@id":"https:\/\/www.interimsearch.com\/interim-management-anmalan\/#breadcrumb","itemListElement":[{"@type":"ListItem","position":1,"name":"Hem","item":"https:\/\/www.interimsearch.com\/"},{"@type":"ListItem","position":2,"name":"Event: Management: Insikter fr\u00e5n Handels och frukostevent"}]},{"@type":"WebSite","@id":"https:\/\/www.interimsearch.com\/#website","url":"https:\/\/www.interimsearch.com\/","name":"Interim Search","description":"","potentialAction":[{"@type":"SearchAction","target":{"@type":"EntryPoint","urlTemplate":"https:\/\/www.interimsearch.com\/?s={search_term_string}"},"query-input":{"@type":"PropertyValueSpecification","valueRequired":true,"valueName":"search_term_string"}}],"inLanguage":"en-US"}]}},"_links":{"self":[{"href":"https:\/\/www.interimsearch.com\/en\/wp-json\/wp\/v2\/pages\/76102","targetHints":{"allow":["GET"]}}],"collection":[{"href":"https:\/\/www.interimsearch.com\/en\/wp-json\/wp\/v2\/pages"}],"about":[{"href":"https:\/\/www.interimsearch.com\/en\/wp-json\/wp\/v2\/types\/page"}],"author":[{"embeddable":true,"href":"https:\/\/www.interimsearch.com\/en\/wp-json\/wp\/v2\/users\/15"}],"replies":[{"embeddable":true,"href":"https:\/\/www.interimsearch.com\/en\/wp-json\/wp\/v2\/comments?post=76102"}],"version-history":[{"count":26,"href":"https:\/\/www.interimsearch.com\/en\/wp-json\/wp\/v2\/pages\/76102\/revisions"}],"predecessor-version":[{"id":76197,"href":"https:\/\/www.interimsearch.com\/en\/wp-json\/wp\/v2\/pages\/76102\/revisions\/76197"}],"wp:attachment":[{"href":"https:\/\/www.interimsearch.com\/en\/wp-json\/wp\/v2\/media?parent=76102"}],"curies":[{"name":"wp","href":"https:\/\/api.w.org\/{rel}","templated":true}]}}