{"id":4874,"date":"2017-06-09T10:43:58","date_gmt":"2017-06-09T08:43:58","guid":{"rendered":"https:\/\/www.interimsearch.com\/\/?page_id=4874"},"modified":"2024-11-08T08:32:59","modified_gmt":"2024-11-08T07:32:59","slug":"interim-recruitment","status":"publish","type":"page","link":"https:\/\/www.interimsearch.com\/en\/interim-recruitment\/","title":{"rendered":"Interim Recruitment"},"content":{"rendered":"<style>\n    :root {\n        --desktop-bg: url(https:\/\/www.interimsearch.com\/wp-content\/uploads\/2024\/06\/inter-250-kopia.jpg);\n        --mobile-bg: url(https:\/\/www.interimsearch.com\/wp-content\/uploads\/2024\/06\/inter-250-kopia.jpg);\n        --phone-bg: url(https:\/\/www.interimsearch.com\/wp-content\/uploads\/2024\/06\/inter-250-kopia.jpg);\n    }\n\t\n\t\t\n\tsection.block.hero .container .content {\n\t\tpadding-top: 100px;\n\t}\n\t\n\tsection.block.hero .inner {\n\t\talign-items: flex-start;\n\t\tmin-height: 700px;\n\t}\n\n    <\/style>\n\n<section id=\"hero-block_b9017892826328f5fbf38c5dffb3565e\" class=\"block hero  alignfull margin-bottom_block_margin--small  hero--small has-breadcrumbs\">\n    <div class=\"inner has-background\" style=\"background-image: url(https:\/\/www.interimsearch.com\/wp-content\/uploads\/2024\/06\/inter-250-kopia.jpg);\">\n        <div class=\"container\" style=\"\">\n            <div class=\"content\">\n                                    <h1>Interim Recruitment<\/h1>\n                                                                <div class=\"buttons\">\n<a href=\"https:\/\/www.interimsearch.com\/en\/interim-consultants\/\" \n        class=\"btn btn--primary\">\n    Interim consultants<\/a>\n<\/div>\n                            <\/div>\n\n                    <\/div>\n\t\t              <\/div>\n    <div id=\"breadcrumbs\"><span><span><a href=\"https:\/\/www.interimsearch.com\/en\/\">Home<\/a><\/span><\/span><\/div><\/section>\n\n<section id=\"text-block_559a3f87173886657642922768d0489d\" class=\"block text  margin-bottom_block_margin--medium  text--width-narrow text--align-left\">\n<div class=\"container\">\n    <div class=\"col\">\n        <div class=\"text\">\n            <div class=\"editor-content\"><p>We have a deep understanding of interim recruitment and how the process differs from more traditional methods of hiring staff. Interim Search delivers quickly and accurately, often succeeding where other recruitment companies have failed before us.<!-- notionvc: fb749c27-f34f-465d-ab82-7db5a2c435d6 --><\/p>\n<\/div>        <\/div>\n    <\/div>\n<\/div>\n<\/section>\n\n<section id=\"title-and-text-block_7435ea98238b86e70cbd3d98b412c666\" class=\"block title-and-text  margin-bottom_block_margin--small\">\n\t<div class=\"container_grid\">\n\t\t<div class=\"row_grid\">\n\t\t\t\t\t\t\t\t\t\t<div class=\"row__col row__col--lg-4 heading\">\n\t\t\t\t\t<h3 class=\"title\">Interim recruitment for fast and accurate cutting-edge expertise<\/h3>\n\t\t\t\t<\/div>\n\t\t\t\t\t\t\t\t\t\t<div class=\"row__col row__col--lg-8\">\n\t\t\t\t\t<div class=\"editor-content\"><p class=\"p2\">Many companies today use interim recruitment as a complement to the traditional way of hiring staff. There are several reasons for this. It can be difficult to know how long you will need staff.<\/p>\n<p class=\"p2\">You know that the need exists right now, but you have no idea what it will look like in six months, which is a common situation in today's fast-moving labor market. It can also be beneficial to bring in outside expertise sometimes when the company needs someone external to streamline an operation or develop staff who are not performing well. A competent consultant with an outside perspective and solid work experience can offer new perspectives and solutions.<\/p>\n<p class=\"p2\">There are also situations that should be handled by someone from outside the organization, as the person in question will leave the organization after implementing the necessary changes. With the person's departure, any negative associations that may have arisen among staff in connection with a major change will also disappear.<\/p>\n<\/div>\t\t\t\t<\/div>\n\t\t\t\t\t<\/div>\t\t\n\t<\/div>\n<\/section>\n\n<section id=\"title-and-text-block_6e2dcb7a4d106d5fb240ca53de12129b\" class=\"block title-and-text  margin-bottom_block_margin--medium\">\n\t<div class=\"container_grid\">\n\t\t<div class=\"row_grid\">\n\t\t\t\t\t\t\t\t\t\t<div class=\"row__col row__col--lg-4 heading\">\n\t\t\t\t\t<h3 class=\"title\">Why hire an interim consultant from us?<\/h3>\n\t\t\t\t<\/div>\n\t\t\t\t\t\t\t\t\t\t<div class=\"row__col row__col--lg-8\">\n\t\t\t\t\t<div class=\"editor-content\"><p class=\"p1\">In addition to extensive work experience, a good interim consultant should also be flexible and humble, with the ability to quickly adapt to new projects and conditions. External personnel often have access to a network that can benefit the company. Thanks to the consultant's expertise, the results are effective and lasting.<\/p>\n<p class=\"p1\">We have a deep understanding of interim recruitment and how the process differs from more traditional methods of hiring staff. Interim Search delivers quickly and accurately, often succeeding where other recruitment companies have failed before us. We offer a 48-hour delivery guarantee and have consultants across the country, for all types of organizations, large and small.<\/p>\n<\/div>\t\t\t\t<\/div>\n\t\t\t\t\t<\/div>\t\t\n\t<\/div>\n<\/section>\n\n<section id=\"text-and-image-block_e8c3ec83154c5cf689706a7765d2f18f\" class=\"block text-and-image  alignfull margin-bottom_block_margin--large  align-text--left bg-color--gray block-style--float\">\n<div class=\"container\">\n    <div class=\"col-text\">\n                        <p class=\"m-0\">If you would like to hire an interim consultant from us, please feel free to call us on our hotline at 08-556 460 99 or fill out the contact form here on our website.<\/p>\n                    <\/div>\n        <div class=\"col-image\">\n        <img decoding=\"async\" loading=\"lazy\" src=\"https:\/\/www.interimsearch.com\/wp-content\/uploads\/2024\/09\/ele-171-1-1024x683.jpg\" alt=\"\" width=\"704\" height=\"490\">\n    <\/div>\n    <\/div>\n<\/section>","protected":false},"excerpt":{"rendered":"","protected":false},"author":1,"featured_media":0,"parent":0,"menu_order":156,"comment_status":"closed","ping_status":"closed","template":"tpl-awave-blocks.php","meta":{"_acf_changed":false,"footnotes":""},"class_list":["post-4874","page","type-page","status-publish","hentry"],"acf":[],"yoast_head":"<!-- This site is optimized with the Yoast SEO Premium plugin v25.9 (Yoast SEO v25.9) - https:\/\/yoast.com\/wordpress\/plugins\/seo\/ -->\n<title>Interim Rekrytering - 48 Leveransgaranti - Interim Search<\/title>\n<meta name=\"description\" content=\"En bra interim konsult b\u00f6r f\u00f6rutom att ha stor arbetslivserfarenhet ocks\u00e5 besitta flexibilitet och \u00f6dmjukhet och en f\u00f6rm\u00e5ga att snabbt s\u00e4tta sig i nya projekt och f\u00f6ruts\u00e4ttningar. Anpassad rekrytering \u2713 Branschoberoende \u2713 Kvalitetss\u00e4krade \u2713 48h leveransgaranti \u2713 Kontakta oss!\" \/>\n<meta name=\"robots\" content=\"index, follow, max-snippet:-1, max-image-preview:large, max-video-preview:-1\" \/>\n<link rel=\"canonical\" href=\"https:\/\/www.interimsearch.com\/en\/interim-recruitment\/\" \/>\n<meta property=\"og:locale\" content=\"en_US\" \/>\n<meta property=\"og:type\" content=\"article\" \/>\n<meta property=\"og:title\" content=\"Interim Rekrytering\" \/>\n<meta property=\"og:description\" content=\"En bra interim konsult b\u00f6r f\u00f6rutom att ha stor arbetslivserfarenhet ocks\u00e5 besitta flexibilitet och \u00f6dmjukhet och en f\u00f6rm\u00e5ga att snabbt s\u00e4tta sig i nya projekt och f\u00f6ruts\u00e4ttningar. Anpassad rekrytering \u2713 Branschoberoende \u2713 Kvalitetss\u00e4krade \u2713 48h leveransgaranti \u2713 Kontakta oss!\" \/>\n<meta property=\"og:url\" content=\"https:\/\/www.interimsearch.com\/en\/interim-recruitment\/\" \/>\n<meta property=\"og:site_name\" content=\"Interim Search\" \/>\n<meta property=\"article:modified_time\" content=\"2024-11-08T07:32:59+00:00\" \/>\n<meta property=\"og:image\" content=\"https:\/\/www.interimsearch.com\/wp-content\/uploads\/2025\/07\/Social-image.jpg\" \/>\n\t<meta property=\"og:image:width\" content=\"1200\" \/>\n\t<meta property=\"og:image:height\" content=\"630\" \/>\n\t<meta property=\"og:image:type\" content=\"image\/jpeg\" \/>\n<meta name=\"twitter:card\" content=\"summary_large_image\" \/>\n<script type=\"application\/ld+json\" class=\"yoast-schema-graph\">{\"@context\":\"https:\/\/schema.org\",\"@graph\":[{\"@type\":\"WebPage\",\"@id\":\"https:\/\/www.interimsearch.com\/interim-rekrytering\/\",\"url\":\"https:\/\/www.interimsearch.com\/interim-rekrytering\/\",\"name\":\"Interim Rekrytering - 48 Leveransgaranti - Interim Search\",\"isPartOf\":{\"@id\":\"https:\/\/www.interimsearch.com\/#website\"},\"datePublished\":\"2017-06-09T08:43:58+00:00\",\"dateModified\":\"2024-11-08T07:32:59+00:00\",\"description\":\"En bra interim konsult b\u00f6r f\u00f6rutom att ha stor arbetslivserfarenhet ocks\u00e5 besitta flexibilitet och \u00f6dmjukhet och en f\u00f6rm\u00e5ga att snabbt s\u00e4tta sig i nya projekt och f\u00f6ruts\u00e4ttningar. Anpassad rekrytering \u2713 Branschoberoende \u2713 Kvalitetss\u00e4krade \u2713 48h leveransgaranti \u2713 Kontakta oss!\",\"breadcrumb\":{\"@id\":\"https:\/\/www.interimsearch.com\/interim-rekrytering\/#breadcrumb\"},\"inLanguage\":\"en-US\",\"potentialAction\":[{\"@type\":\"ReadAction\",\"target\":[\"https:\/\/www.interimsearch.com\/interim-rekrytering\/\"]}]},{\"@type\":\"BreadcrumbList\",\"@id\":\"https:\/\/www.interimsearch.com\/interim-rekrytering\/#breadcrumb\",\"itemListElement\":[{\"@type\":\"ListItem\",\"position\":1,\"name\":\"Hem\",\"item\":\"https:\/\/www.interimsearch.com\/\"},{\"@type\":\"ListItem\",\"position\":2,\"name\":\"Interim Rekrytering\"}]},{\"@type\":\"WebSite\",\"@id\":\"https:\/\/www.interimsearch.com\/#website\",\"url\":\"https:\/\/www.interimsearch.com\/\",\"name\":\"Interim Search\",\"description\":\"\",\"potentialAction\":[{\"@type\":\"SearchAction\",\"target\":{\"@type\":\"EntryPoint\",\"urlTemplate\":\"https:\/\/www.interimsearch.com\/?s={search_term_string}\"},\"query-input\":{\"@type\":\"PropertyValueSpecification\",\"valueRequired\":true,\"valueName\":\"search_term_string\"}}],\"inLanguage\":\"en-US\"}]}<\/script>\n<!-- \/ Yoast SEO Premium plugin. -->","yoast_head_json":{"title":"Interim Recruitment - 48 Delivery Guarantee - Interim Search","description":"In addition to having extensive work experience, a good interim consultant should also possess flexibility and humility and an ability to quickly adapt to new projects and conditions. Customized recruitment \u2713 Industry independent \u2713 Quality assured \u2713 48h delivery guarantee \u2713 Contact us!","robots":{"index":"index","follow":"follow","max-snippet":"max-snippet:-1","max-image-preview":"max-image-preview:large","max-video-preview":"max-video-preview:-1"},"canonical":"https:\/\/www.interimsearch.com\/en\/interim-recruitment\/","og_locale":"en_US","og_type":"article","og_title":"Interim Rekrytering","og_description":"En bra interim konsult b\u00f6r f\u00f6rutom att ha stor arbetslivserfarenhet ocks\u00e5 besitta flexibilitet och \u00f6dmjukhet och en f\u00f6rm\u00e5ga att snabbt s\u00e4tta sig i nya projekt och f\u00f6ruts\u00e4ttningar. Anpassad rekrytering \u2713 Branschoberoende \u2713 Kvalitetss\u00e4krade \u2713 48h leveransgaranti \u2713 Kontakta oss!","og_url":"https:\/\/www.interimsearch.com\/en\/interim-recruitment\/","og_site_name":"Interim Search","article_modified_time":"2024-11-08T07:32:59+00:00","og_image":[{"width":1200,"height":630,"url":"https:\/\/www.interimsearch.com\/wp-content\/uploads\/2025\/07\/Social-image.jpg","type":"image\/jpeg"}],"twitter_card":"summary_large_image","schema":{"@context":"https:\/\/schema.org","@graph":[{"@type":"WebPage","@id":"https:\/\/www.interimsearch.com\/interim-rekrytering\/","url":"https:\/\/www.interimsearch.com\/interim-rekrytering\/","name":"Interim Recruitment - 48 Delivery Guarantee - Interim Search","isPartOf":{"@id":"https:\/\/www.interimsearch.com\/#website"},"datePublished":"2017-06-09T08:43:58+00:00","dateModified":"2024-11-08T07:32:59+00:00","description":"In addition to having extensive work experience, a good interim consultant should also possess flexibility and humility and an ability to quickly adapt to new projects and conditions. Customized recruitment \u2713 Industry independent \u2713 Quality assured \u2713 48h delivery guarantee \u2713 Contact us!","breadcrumb":{"@id":"https:\/\/www.interimsearch.com\/interim-rekrytering\/#breadcrumb"},"inLanguage":"en-US","potentialAction":[{"@type":"ReadAction","target":["https:\/\/www.interimsearch.com\/interim-rekrytering\/"]}]},{"@type":"BreadcrumbList","@id":"https:\/\/www.interimsearch.com\/interim-rekrytering\/#breadcrumb","itemListElement":[{"@type":"ListItem","position":1,"name":"Hem","item":"https:\/\/www.interimsearch.com\/"},{"@type":"ListItem","position":2,"name":"Interim Rekrytering"}]},{"@type":"WebSite","@id":"https:\/\/www.interimsearch.com\/#website","url":"https:\/\/www.interimsearch.com\/","name":"Interim Search","description":"","potentialAction":[{"@type":"SearchAction","target":{"@type":"EntryPoint","urlTemplate":"https:\/\/www.interimsearch.com\/?s={search_term_string}"},"query-input":{"@type":"PropertyValueSpecification","valueRequired":true,"valueName":"search_term_string"}}],"inLanguage":"en-US"}]}},"_links":{"self":[{"href":"https:\/\/www.interimsearch.com\/en\/wp-json\/wp\/v2\/pages\/4874","targetHints":{"allow":["GET"]}}],"collection":[{"href":"https:\/\/www.interimsearch.com\/en\/wp-json\/wp\/v2\/pages"}],"about":[{"href":"https:\/\/www.interimsearch.com\/en\/wp-json\/wp\/v2\/types\/page"}],"author":[{"embeddable":true,"href":"https:\/\/www.interimsearch.com\/en\/wp-json\/wp\/v2\/users\/1"}],"replies":[{"embeddable":true,"href":"https:\/\/www.interimsearch.com\/en\/wp-json\/wp\/v2\/comments?post=4874"}],"version-history":[{"count":0,"href":"https:\/\/www.interimsearch.com\/en\/wp-json\/wp\/v2\/pages\/4874\/revisions"}],"wp:attachment":[{"href":"https:\/\/www.interimsearch.com\/en\/wp-json\/wp\/v2\/media?parent=4874"}],"curies":[{"name":"wp","href":"https:\/\/api.w.org\/{rel}","templated":true}]}}