{"id":4641,"date":"2017-01-02T09:57:35","date_gmt":"2017-01-02T08:57:35","guid":{"rendered":"https:\/\/www.interimsearch.com\/\/?page_id=4641"},"modified":"2024-09-25T15:32:36","modified_gmt":"2024-09-25T13:32:36","slug":"interim-hr-manager-stockholm-2","status":"publish","type":"page","link":"https:\/\/www.interimsearch.com\/en\/interim-hr-manager-stockholm-2\/","title":{"rendered":"Interim HR Manager Stockholm"},"content":{"rendered":"<style>\n    :root {\n        --desktop-bg: url(https:\/\/www.interimsearch.com\/wp-content\/uploads\/2024\/09\/inter-250-2-e1744287486536.jpg);\n        --mobile-bg: url(https:\/\/www.interimsearch.com\/wp-content\/uploads\/2024\/09\/inter-250-2-e1744287486536.jpg);\n        --phone-bg: url(https:\/\/www.interimsearch.com\/wp-content\/uploads\/2024\/09\/inter-250-2-e1744287486536.jpg);\n    }\n\t\n\t\t\n\tsection.block.hero .container .content {\n\t\tpadding-top: 100px;\n\t}\n\t\n\tsection.block.hero .inner {\n\t\talign-items: flex-start;\n\t\tmin-height: 700px;\n\t}\n\n    <\/style>\n\n<section id=\"hero-block_2670dc4c179a5e68e565cf3939c38153\" class=\"block hero  alignfull margin-bottom_block_margin--small  hero--small has-breadcrumbs\">\n    <div class=\"inner has-background has-shadow\" style=\"background-image: url(https:\/\/www.interimsearch.com\/wp-content\/uploads\/2024\/09\/inter-250-2-e1744287486536.jpg);\">\n        <div class=\"container\" style=\"\">\n            <div class=\"content\">\n                                    <h1>Interim HR Manager Stockholm<\/h1>\n                                                                                            <\/div>\n\n                    <\/div>\n\t\t              <\/div>\n    <div id=\"breadcrumbs\"><span><span><a href=\"https:\/\/www.interimsearch.com\/en\/\">Home<\/a><\/span><\/span><\/div><\/section>\n\n<section id=\"text-block_c35e2a74aec740d2fe2f8a99291a5850\" class=\"block text  margin-bottom_block_margin--medium  text--width-narrow text--align-left\">\n<div class=\"container\">\n    <div class=\"col\">\n        <div class=\"text\">\n            <div class=\"editor-content\"><p>Welcome to Interim Search when you need an interim HR manager in Stockholm. We are a company that hires out consultants, and we specialize in finding candidates for business-critical positions and specific positions. <!-- notionvc: d80f5235-7e29-489d-9758-a9056448611c --><\/p>\n<\/div>        <\/div>\n    <\/div>\n<\/div>\n<\/section>\n\n<section id=\"multi-column-text-block_5f7d64d79e7a7797c8bc65f63bd0194a\" class=\"block multi-column-text  margin-bottom_block_margin--small\">\n\t<div class=\"container_grid\">\n\t\t<div class=\"row_grid\">\n\t\t\t\t\t<\/div>\n\t\t\t\t\t\t\n\t\t\t<div class=\"row_grid text-columns\">\n\t\t\t\t\t\t\t\t\t<div class=\"row__col row__col--md-6\">\n\t\t\t\t\t\t<div class=\"editor-content\"><p><strong>With a large network of over 15,000 interviewed interim consultants, we are well placed to match exactly the right candidate with the skills and knowledge you require for the role of HR manager.<\/strong><\/p>\n<\/div>\t\t\t\t\t<\/div>\n\t\t\t\t\t\t\t\t\t<div class=\"row__col row__col--md-6\">\n\t\t\t\t\t\t<div class=\"editor-content\"><p>We know that there is often a rush to fill the right position and with us you always have a 48-hour delivery guarantee, so the solution is never far away.<\/p>\n<\/div>\t\t\t\t\t<\/div>\n\t\t\t\t\t\t\t<\/div>\t\n\t\t\t<\/div>\n<\/section>\n\n<section id=\"text-block_227435329d15e2a32b37640b754ff4c6\" class=\"block text  margin-bottom_block_margin--medium  text--width-narrow text--align-left\">\n<div class=\"container\">\n    <div class=\"col\">\n        <div class=\"text\">\n                    <\/div>\n    <\/div>\n<\/div>\n<\/section>\n\n<section id=\"multi-column-text-block_7f9b1972b42005fb89998c56b149afc5\" class=\"block multi-column-text  margin-bottom_block_margin--small\">\n\t<div class=\"container_grid\">\n\t\t<div class=\"row_grid\">\n\t\t\t\t\t\t\t<div class=\"row__col heading\">\n\t\t\t\t\t<h2 class=\"title\">Why an interim HR manager?<\/h2>\n\t\t\t\t<\/div>\n\t\t\t\t\t<\/div>\n\t\t\t\t\t\t\n\t\t\t<div class=\"row_grid text-columns\">\n\t\t\t\t\t\t\t\t\t<div class=\"row__col row__col--md-3\">\n\t\t\t\t\t\t<div class=\"editor-content\"><p>There are many occasions when you may need to bring an interim consultant into your company, for example during parental leave, long-term sick leave or redundancies.<\/p>\n<\/div>\t\t\t\t\t<\/div>\n\t\t\t\t\t\t\t\t\t<div class=\"row__col row__col--md-3\">\n\t\t\t\t\t\t<div class=\"editor-content\"><p>We have extensive experience of appointing consultants in the HR field who can provide valuable new knowledge and experience. An interim consultant can also bring new perspectives and insights without being influenced by what has gone before in the organization.<\/p>\n<\/div>\t\t\t\t\t<\/div>\n\t\t\t\t\t\t\t\t\t<div class=\"row__col row__col--md-3\">\n\t\t\t\t\t\t<div class=\"editor-content\"><p>We always work flexibly and based on your needs and conditions as a customer and with us you can hire an interim HR consultant for as long or short a period as you need.<\/p>\n<\/div>\t\t\t\t\t<\/div>\n\t\t\t\t\t\t\t\t\t<div class=\"row__col row__col--md-3\">\n\t\t\t\t\t\t<div class=\"editor-content\"><p>Our expertise lies in being able to fill key positions with a professional candidate, even at short notice. From experience, we know what kind of skills and experience our clients are looking for, and we can always deliver a solution accordingly.<\/p>\n<\/div>\t\t\t\t\t<\/div>\n\t\t\t\t\t\t\t<\/div>\t\n\t\t\t<\/div>\n<\/section>\n\n<section id=\"text-and-image-block_9f108cd3031297eebf63938685f66479\" class=\"block text-and-image  alignfull margin-bottom_block_margin--medium  align-text--left bg-color--gray block-style--float\">\n<div class=\"container\">\n    <div class=\"col-text\">\n                <h3 class=\"heading\">Turn to us when you need an interim HR manager in Stockholm<\/h3>\n                        <p class=\"m-0\">Turn to us when you need an interim HR manager in Stockholm\r\nIf you are interested in an interim HR manager in Stockholm, you are welcome to contact us at Interim Search. We would be happy to tell you more about how we work and what we can offer you.\r\n\r\nThe easiest way to reach us is by phone or by filling out the contact form here on our website.<\/p>\n                <div class=\"buttons\">\n<a href=\"https:\/\/www.interimsearch.com\/en\/kontakt\/\" \n        class=\"btn btn--primary\">\n    Contact<\/a>\n<\/div>\n    <\/div>\n        <div class=\"col-image\">\n        <img decoding=\"async\" loading=\"lazy\" src=\"https:\/\/www.interimsearch.com\/wp-content\/uploads\/2024\/09\/01120e534846ee1a57354edc0a80f622.jpeg\" alt=\"\" width=\"704\" height=\"490\">\n    <\/div>\n    <\/div>\n<\/section>\n\n<section id=\"form-block_dff24d2b58af39496958dfabf60f95c9\" class=\"block form  bg-color--\">\n    <div class=\"container display-form_image\">\n            <\/div>\n<\/section>\n\n<section id=\"form-block_dff24d2b58af39496958dfabf60f95c9\" class=\"block form  bg-color--\">\n    <div class=\"container display-form_image\">\n            <\/div>\n<\/section>","protected":false},"excerpt":{"rendered":"","protected":false},"author":1,"featured_media":0,"parent":0,"menu_order":159,"comment_status":"closed","ping_status":"closed","template":"tpl-awave-blocks.php","meta":{"_acf_changed":false,"footnotes":""},"class_list":["post-4641","page","type-page","status-publish","hentry"],"acf":[],"yoast_head":"<!-- This site is optimized with the Yoast SEO Premium plugin v25.9 (Yoast SEO v25.9) - https:\/\/yoast.com\/wordpress\/plugins\/seo\/ -->\n<title>Hyr Interim HR chef i Stockholm - Snabb tills\u00e4ttning - Interim Search<\/title>\n<meta name=\"description\" content=\"Med ett stort n\u00e4tverk har vi goda m\u00f6jligheter att med h\u00f6g precision matcha precis r\u00e4tt kandidat med den kompetens och kunskap som ni efterfr\u00e5gar f\u00f6r rollen som HR-chef. \u00b7 Snabb tills\u00e4ttning \u00b7 48 h leveransgaranti \u00b7 VLS enligt ISO 9001 \u00b7 N\u00f6jd-kund-garanti \u00b7 Branschoberoende \u00b7 Ring Interim Search!\" \/>\n<meta name=\"robots\" content=\"index, follow, max-snippet:-1, max-image-preview:large, max-video-preview:-1\" \/>\n<link rel=\"canonical\" href=\"https:\/\/www.interimsearch.com\/en\/interim-hr-manager-stockholm-2\/\" \/>\n<meta property=\"og:locale\" content=\"en_US\" \/>\n<meta property=\"og:type\" content=\"article\" \/>\n<meta property=\"og:title\" content=\"Interim HR Chef Stockholm\" \/>\n<meta property=\"og:description\" content=\"Med ett stort n\u00e4tverk har vi goda m\u00f6jligheter att med h\u00f6g precision matcha precis r\u00e4tt kandidat med den kompetens och kunskap som ni efterfr\u00e5gar f\u00f6r rollen som HR-chef. \u00b7 Snabb tills\u00e4ttning \u00b7 48 h leveransgaranti \u00b7 VLS enligt ISO 9001 \u00b7 N\u00f6jd-kund-garanti \u00b7 Branschoberoende \u00b7 Ring Interim Search!\" \/>\n<meta property=\"og:url\" content=\"https:\/\/www.interimsearch.com\/en\/interim-hr-manager-stockholm-2\/\" \/>\n<meta property=\"og:site_name\" content=\"Interim Search\" \/>\n<meta property=\"article:modified_time\" content=\"2024-09-25T13:32:36+00:00\" \/>\n<meta property=\"og:image\" content=\"https:\/\/www.interimsearch.com\/wp-content\/uploads\/2025\/07\/Social-image.jpg\" \/>\n\t<meta property=\"og:image:width\" content=\"1200\" \/>\n\t<meta property=\"og:image:height\" content=\"630\" \/>\n\t<meta property=\"og:image:type\" content=\"image\/jpeg\" \/>\n<meta name=\"twitter:card\" content=\"summary_large_image\" \/>\n<script type=\"application\/ld+json\" class=\"yoast-schema-graph\">{\"@context\":\"https:\/\/schema.org\",\"@graph\":[{\"@type\":\"WebPage\",\"@id\":\"https:\/\/www.interimsearch.com\/interim-hr-chef-stockholm\/\",\"url\":\"https:\/\/www.interimsearch.com\/interim-hr-chef-stockholm\/\",\"name\":\"Hyr Interim HR chef i Stockholm - Snabb tills\u00e4ttning - Interim Search\",\"isPartOf\":{\"@id\":\"https:\/\/www.interimsearch.com\/#website\"},\"datePublished\":\"2017-01-02T08:57:35+00:00\",\"dateModified\":\"2024-09-25T13:32:36+00:00\",\"description\":\"Med ett stort n\u00e4tverk har vi goda m\u00f6jligheter att med h\u00f6g precision matcha precis r\u00e4tt kandidat med den kompetens och kunskap som ni efterfr\u00e5gar f\u00f6r rollen som HR-chef. \u00b7 Snabb tills\u00e4ttning \u00b7 48 h leveransgaranti \u00b7 VLS enligt ISO 9001 \u00b7 N\u00f6jd-kund-garanti \u00b7 Branschoberoende \u00b7 Ring Interim Search!\",\"breadcrumb\":{\"@id\":\"https:\/\/www.interimsearch.com\/interim-hr-chef-stockholm\/#breadcrumb\"},\"inLanguage\":\"en-US\",\"potentialAction\":[{\"@type\":\"ReadAction\",\"target\":[\"https:\/\/www.interimsearch.com\/interim-hr-chef-stockholm\/\"]}]},{\"@type\":\"BreadcrumbList\",\"@id\":\"https:\/\/www.interimsearch.com\/interim-hr-chef-stockholm\/#breadcrumb\",\"itemListElement\":[{\"@type\":\"ListItem\",\"position\":1,\"name\":\"Hem\",\"item\":\"https:\/\/www.interimsearch.com\/\"},{\"@type\":\"ListItem\",\"position\":2,\"name\":\"Interim HR Chef Stockholm\"}]},{\"@type\":\"WebSite\",\"@id\":\"https:\/\/www.interimsearch.com\/#website\",\"url\":\"https:\/\/www.interimsearch.com\/\",\"name\":\"Interim Search\",\"description\":\"\",\"potentialAction\":[{\"@type\":\"SearchAction\",\"target\":{\"@type\":\"EntryPoint\",\"urlTemplate\":\"https:\/\/www.interimsearch.com\/?s={search_term_string}\"},\"query-input\":{\"@type\":\"PropertyValueSpecification\",\"valueRequired\":true,\"valueName\":\"search_term_string\"}}],\"inLanguage\":\"en-US\"}]}<\/script>\n<!-- \/ Yoast SEO Premium plugin. -->","yoast_head_json":{"title":"Hire Interim HR manager in Stockholm - Quick appointment - Interim Search","description":"With a large network, we have good opportunities to match exactly the right candidate with the skills and knowledge you require for the role of HR manager with high precision. - Quick appointment - 48 h delivery guarantee - VLS according to ISO 9001 - Customer satisfaction guarantee - Industry independent - Call Interim Search!","robots":{"index":"index","follow":"follow","max-snippet":"max-snippet:-1","max-image-preview":"max-image-preview:large","max-video-preview":"max-video-preview:-1"},"canonical":"https:\/\/www.interimsearch.com\/en\/interim-hr-manager-stockholm-2\/","og_locale":"en_US","og_type":"article","og_title":"Interim HR Chef Stockholm","og_description":"Med ett stort n\u00e4tverk har vi goda m\u00f6jligheter att med h\u00f6g precision matcha precis r\u00e4tt kandidat med den kompetens och kunskap som ni efterfr\u00e5gar f\u00f6r rollen som HR-chef. \u00b7 Snabb tills\u00e4ttning \u00b7 48 h leveransgaranti \u00b7 VLS enligt ISO 9001 \u00b7 N\u00f6jd-kund-garanti \u00b7 Branschoberoende \u00b7 Ring Interim Search!","og_url":"https:\/\/www.interimsearch.com\/en\/interim-hr-manager-stockholm-2\/","og_site_name":"Interim Search","article_modified_time":"2024-09-25T13:32:36+00:00","og_image":[{"width":1200,"height":630,"url":"https:\/\/www.interimsearch.com\/wp-content\/uploads\/2025\/07\/Social-image.jpg","type":"image\/jpeg"}],"twitter_card":"summary_large_image","schema":{"@context":"https:\/\/schema.org","@graph":[{"@type":"WebPage","@id":"https:\/\/www.interimsearch.com\/interim-hr-chef-stockholm\/","url":"https:\/\/www.interimsearch.com\/interim-hr-chef-stockholm\/","name":"Hire Interim HR manager in Stockholm - Quick appointment - Interim Search","isPartOf":{"@id":"https:\/\/www.interimsearch.com\/#website"},"datePublished":"2017-01-02T08:57:35+00:00","dateModified":"2024-09-25T13:32:36+00:00","description":"With a large network, we have good opportunities to match exactly the right candidate with the skills and knowledge you require for the role of HR manager with high precision. - Quick appointment - 48 h delivery guarantee - VLS according to ISO 9001 - Customer satisfaction guarantee - Industry independent - Call Interim Search!","breadcrumb":{"@id":"https:\/\/www.interimsearch.com\/interim-hr-chef-stockholm\/#breadcrumb"},"inLanguage":"en-US","potentialAction":[{"@type":"ReadAction","target":["https:\/\/www.interimsearch.com\/interim-hr-chef-stockholm\/"]}]},{"@type":"BreadcrumbList","@id":"https:\/\/www.interimsearch.com\/interim-hr-chef-stockholm\/#breadcrumb","itemListElement":[{"@type":"ListItem","position":1,"name":"Hem","item":"https:\/\/www.interimsearch.com\/"},{"@type":"ListItem","position":2,"name":"Interim HR Chef Stockholm"}]},{"@type":"WebSite","@id":"https:\/\/www.interimsearch.com\/#website","url":"https:\/\/www.interimsearch.com\/","name":"Interim Search","description":"","potentialAction":[{"@type":"SearchAction","target":{"@type":"EntryPoint","urlTemplate":"https:\/\/www.interimsearch.com\/?s={search_term_string}"},"query-input":{"@type":"PropertyValueSpecification","valueRequired":true,"valueName":"search_term_string"}}],"inLanguage":"en-US"}]}},"_links":{"self":[{"href":"https:\/\/www.interimsearch.com\/en\/wp-json\/wp\/v2\/pages\/4641","targetHints":{"allow":["GET"]}}],"collection":[{"href":"https:\/\/www.interimsearch.com\/en\/wp-json\/wp\/v2\/pages"}],"about":[{"href":"https:\/\/www.interimsearch.com\/en\/wp-json\/wp\/v2\/types\/page"}],"author":[{"embeddable":true,"href":"https:\/\/www.interimsearch.com\/en\/wp-json\/wp\/v2\/users\/1"}],"replies":[{"embeddable":true,"href":"https:\/\/www.interimsearch.com\/en\/wp-json\/wp\/v2\/comments?post=4641"}],"version-history":[{"count":0,"href":"https:\/\/www.interimsearch.com\/en\/wp-json\/wp\/v2\/pages\/4641\/revisions"}],"wp:attachment":[{"href":"https:\/\/www.interimsearch.com\/en\/wp-json\/wp\/v2\/media?parent=4641"}],"curies":[{"name":"wp","href":"https:\/\/api.w.org\/{rel}","templated":true}]}}