{"id":4572,"date":"2016-12-21T09:04:11","date_gmt":"2016-12-21T08:04:11","guid":{"rendered":"https:\/\/www.interimsearch.com\/\/?page_id=4572"},"modified":"2024-09-24T13:59:29","modified_gmt":"2024-09-24T11:59:29","slug":"interim-cfo-stockholm","status":"publish","type":"page","link":"https:\/\/www.interimsearch.com\/en\/interim-cfo-stockholm\/","title":{"rendered":"Hire an Interim CFO in Stockholm"},"content":{"rendered":"<style>\n    :root {\n        --desktop-bg: url(https:\/\/www.interimsearch.com\/wp-content\/uploads\/2024\/09\/inter-119.jpg);\n        --mobile-bg: url(https:\/\/www.interimsearch.com\/wp-content\/uploads\/2024\/09\/inter-119.jpg);\n        --phone-bg: url(https:\/\/www.interimsearch.com\/wp-content\/uploads\/2024\/09\/inter-119.jpg);\n    }\n\t\n\t\t\n\tsection.block.hero .container .content {\n\t\tpadding-top: 100px;\n\t}\n\t\n\tsection.block.hero .inner {\n\t\talign-items: flex-start;\n\t\tmin-height: 700px;\n\t}\n\n    <\/style>\n\n<section id=\"hero-block_abbafef50627a153d7cc3bff6bdf188d\" class=\"block hero  alignfull margin-bottom_block_margin--medium  hero--small\">\n    <div class=\"inner has-background has-shadow\" style=\"background-image: url(https:\/\/www.interimsearch.com\/wp-content\/uploads\/2024\/09\/inter-119.jpg);\">\n        <div class=\"container\" style=\"\">\n            <div class=\"content\">\n                                    <h1>Hire an Interim CFO in Stockholm<\/h1>\n                                                                                            <\/div>\n\n                    <\/div>\n\t\t              <\/div>\n    <\/section>\n\n<section id=\"text-block_0a292bdb13286cc3d755b78d25ebd3b2\" class=\"block text  margin-bottom_block_margin--medium  text--width-narrow text--align-left\">\n<div class=\"container\">\n    <div class=\"col\">\n        <div class=\"text\">\n            <div class=\"editor-content\"><p>With over 15,000 interviewed interim consultants in our network, we have good opportunities to accurately match just the right profile with the needs and wishes of the CFO for your company.<\/p>\n<p>Thanks to our wide network of contacts and close relationships, we can also find a solution for you quickly. Always with a 48-hour delivery guarantee.<\/p>\n<p>We know that the situation can become critical when a person is missing for a key role, so it is important to be able to act quickly to fill the vacancy.<\/p>\n<\/div>        <\/div>\n    <\/div>\n<\/div>\n<\/section>\n\n<section id=\"title-and-text-block_5433bb72b690416c10670848ac0cb156\" class=\"block title-and-text  margin-bottom_block_margin--medium\">\n\t<div class=\"container_grid\">\n\t\t<div class=\"row_grid\">\n\t\t\t\t\t\t\t\t\t\t<div class=\"row__col row__col--lg-4 heading\">\n\t\t\t\t\t<h3 class=\"title\">Long experience in interim solutions<\/h3>\n\t\t\t\t<\/div>\n\t\t\t\t\t\t\t\t\t\t<div class=\"row__col row__col--lg-8\">\n\t\t\t\t\t<div class=\"editor-content\"><p>Qualified finance roles are among our most common appointments and after our many years in the industry, we understand what our clients are looking for in terms of skills and experience for a person to fit the role of CFO.<\/p>\n<p>At Interim Search, we work with a high degree of flexibility and always adapt our approach to each client's specific conditions and needs.<\/p>\n<p>Bringing in an interim CFO often occurs in problem situations, such as when a key person resigns, in case of unexpected sick leave, for temporary projects with increased workload or in case of parental leave.<\/p>\n<p>An interim consultant solves the temporary need for manpower and can also bring valuable new insights and perspectives to the business.<\/p>\n<\/div>\t\t\t\t<\/div>\n\t\t\t\t\t<\/div>\t\t\n\t<\/div>\n<\/section>\n\n<section id=\"text-and-image-block_381414bcf49d32f9a663a0a49d235679\" class=\"block text-and-image  alignfull margin-bottom_block_margin--medium  align-text--left bg-color--gray block-style--float\">\n<div class=\"container\">\n    <div class=\"col-text\">\n                <h3 class=\"heading\">Contact us when you need to hire an interim CFO in Stockholm<\/h3>\n                        <p class=\"m-0\">Don't hesitate to contact us at Interim Search if you need a temporary CFO in Stockholm. We can quickly find a good interim solution for you. The easiest way to reach us is to call our hotline number 08-556 460 99 or by filling out the contact form here on the web. We look forward to hearing from you!<\/p>\n                <div class=\"buttons\">\n<a href=\"https:\/\/www.interimsearch.com\/en\/kontakt\/\" \n        class=\"btn btn--primary\">\n    Contact us<\/a>\n<a href=\"tel:+46855646099\" \n        class=\"btn btn--secondary\">\n    Call us<\/a>\n<\/div>\n    <\/div>\n        <div class=\"col-image\">\n        <img decoding=\"async\" loading=\"lazy\" src=\"https:\/\/www.interimsearch.com\/wp-content\/uploads\/2024\/09\/ele-171-1-1024x683.jpg\" alt=\"\" width=\"704\" height=\"490\">\n    <\/div>\n    <\/div>\n<\/section>","protected":false},"excerpt":{"rendered":"","protected":false},"author":1,"featured_media":0,"parent":0,"menu_order":153,"comment_status":"closed","ping_status":"closed","template":"tpl-awave-blocks.php","meta":{"_acf_changed":false,"footnotes":""},"class_list":["post-4572","page","type-page","status-publish","hentry"],"acf":[],"yoast_head":"<!-- This site is optimized with the Yoast SEO Premium plugin v25.9 (Yoast SEO v25.9) - https:\/\/yoast.com\/wordpress\/plugins\/seo\/ -->\n<title>Hyr Interim CFO i Stockholm - Leveransgaranti - Interim Search<\/title>\n<meta name=\"description\" content=\"Anpassad rekryteringsprocess av interim CFO, inom Interim Search arbetar vi med h\u00f6g flexibilitet och anpassar alltid v\u00e5rt arbetss\u00e4tt utefter varje kunds specifika f\u00f6ruts\u00e4ttningar och behov. \u00b7 48 h leveransgaranti \u00b7 VLS enligt ISO 9001 \u00b7 N\u00f6jd-kund-garanti \u00b7 Branschoberoende \u00b7 Ring oss idag!\" \/>\n<meta name=\"robots\" content=\"index, follow, max-snippet:-1, max-image-preview:large, max-video-preview:-1\" \/>\n<link rel=\"canonical\" href=\"https:\/\/www.interimsearch.com\/en\/interim-cfo-stockholm\/\" \/>\n<meta property=\"og:locale\" content=\"en_US\" \/>\n<meta property=\"og:type\" content=\"article\" \/>\n<meta property=\"og:title\" content=\"Hyr en Interim CFO i Stockholm\" \/>\n<meta property=\"og:description\" content=\"Anpassad rekryteringsprocess av interim CFO, inom Interim Search arbetar vi med h\u00f6g flexibilitet och anpassar alltid v\u00e5rt arbetss\u00e4tt utefter varje kunds specifika f\u00f6ruts\u00e4ttningar och behov. \u00b7 48 h leveransgaranti \u00b7 VLS enligt ISO 9001 \u00b7 N\u00f6jd-kund-garanti \u00b7 Branschoberoende \u00b7 Ring oss idag!\" \/>\n<meta property=\"og:url\" content=\"https:\/\/www.interimsearch.com\/en\/interim-cfo-stockholm\/\" \/>\n<meta property=\"og:site_name\" content=\"Interim Search\" \/>\n<meta property=\"article:modified_time\" content=\"2024-09-24T11:59:29+00:00\" \/>\n<meta property=\"og:image\" content=\"https:\/\/www.interimsearch.com\/wp-content\/uploads\/2025\/07\/Social-image.jpg\" \/>\n\t<meta property=\"og:image:width\" content=\"1200\" \/>\n\t<meta property=\"og:image:height\" content=\"630\" \/>\n\t<meta property=\"og:image:type\" content=\"image\/jpeg\" \/>\n<meta name=\"twitter:card\" content=\"summary_large_image\" \/>\n<script type=\"application\/ld+json\" class=\"yoast-schema-graph\">{\"@context\":\"https:\/\/schema.org\",\"@graph\":[{\"@type\":\"WebPage\",\"@id\":\"https:\/\/www.interimsearch.com\/interim-cfo-stockholm\/\",\"url\":\"https:\/\/www.interimsearch.com\/interim-cfo-stockholm\/\",\"name\":\"Hyr Interim CFO i Stockholm - Leveransgaranti - Interim Search\",\"isPartOf\":{\"@id\":\"https:\/\/www.interimsearch.com\/#website\"},\"datePublished\":\"2016-12-21T08:04:11+00:00\",\"dateModified\":\"2024-09-24T11:59:29+00:00\",\"description\":\"Anpassad rekryteringsprocess av interim CFO, inom Interim Search arbetar vi med h\u00f6g flexibilitet och anpassar alltid v\u00e5rt arbetss\u00e4tt utefter varje kunds specifika f\u00f6ruts\u00e4ttningar och behov. \u00b7 48 h leveransgaranti \u00b7 VLS enligt ISO 9001 \u00b7 N\u00f6jd-kund-garanti \u00b7 Branschoberoende \u00b7 Ring oss idag!\",\"breadcrumb\":{\"@id\":\"https:\/\/www.interimsearch.com\/interim-cfo-stockholm\/#breadcrumb\"},\"inLanguage\":\"en-US\",\"potentialAction\":[{\"@type\":\"ReadAction\",\"target\":[\"https:\/\/www.interimsearch.com\/interim-cfo-stockholm\/\"]}]},{\"@type\":\"BreadcrumbList\",\"@id\":\"https:\/\/www.interimsearch.com\/interim-cfo-stockholm\/#breadcrumb\",\"itemListElement\":[{\"@type\":\"ListItem\",\"position\":1,\"name\":\"Hem\",\"item\":\"https:\/\/www.interimsearch.com\/\"},{\"@type\":\"ListItem\",\"position\":2,\"name\":\"Hyr en Interim CFO i Stockholm\"}]},{\"@type\":\"WebSite\",\"@id\":\"https:\/\/www.interimsearch.com\/#website\",\"url\":\"https:\/\/www.interimsearch.com\/\",\"name\":\"Interim Search\",\"description\":\"\",\"potentialAction\":[{\"@type\":\"SearchAction\",\"target\":{\"@type\":\"EntryPoint\",\"urlTemplate\":\"https:\/\/www.interimsearch.com\/?s={search_term_string}\"},\"query-input\":{\"@type\":\"PropertyValueSpecification\",\"valueRequired\":true,\"valueName\":\"search_term_string\"}}],\"inLanguage\":\"en-US\"}]}<\/script>\n<!-- \/ Yoast SEO Premium plugin. -->","yoast_head_json":{"title":"Hire Interim CFO in Stockholm - Delivery guarantee - Interim Search","description":"Customized recruitment process of interim CFO, in Interim Search we work with high flexibility and always adapt our approach to each client's specific conditions and needs. - 48 h delivery guarantee - VLS according to ISO 9001 - Customer satisfaction guarantee - Industry independent - Call us today!","robots":{"index":"index","follow":"follow","max-snippet":"max-snippet:-1","max-image-preview":"max-image-preview:large","max-video-preview":"max-video-preview:-1"},"canonical":"https:\/\/www.interimsearch.com\/en\/interim-cfo-stockholm\/","og_locale":"en_US","og_type":"article","og_title":"Hyr en Interim CFO i Stockholm","og_description":"Anpassad rekryteringsprocess av interim CFO, inom Interim Search arbetar vi med h\u00f6g flexibilitet och anpassar alltid v\u00e5rt arbetss\u00e4tt utefter varje kunds specifika f\u00f6ruts\u00e4ttningar och behov. \u00b7 48 h leveransgaranti \u00b7 VLS enligt ISO 9001 \u00b7 N\u00f6jd-kund-garanti \u00b7 Branschoberoende \u00b7 Ring oss idag!","og_url":"https:\/\/www.interimsearch.com\/en\/interim-cfo-stockholm\/","og_site_name":"Interim Search","article_modified_time":"2024-09-24T11:59:29+00:00","og_image":[{"width":1200,"height":630,"url":"https:\/\/www.interimsearch.com\/wp-content\/uploads\/2025\/07\/Social-image.jpg","type":"image\/jpeg"}],"twitter_card":"summary_large_image","schema":{"@context":"https:\/\/schema.org","@graph":[{"@type":"WebPage","@id":"https:\/\/www.interimsearch.com\/interim-cfo-stockholm\/","url":"https:\/\/www.interimsearch.com\/interim-cfo-stockholm\/","name":"Hire Interim CFO in Stockholm - Delivery guarantee - Interim Search","isPartOf":{"@id":"https:\/\/www.interimsearch.com\/#website"},"datePublished":"2016-12-21T08:04:11+00:00","dateModified":"2024-09-24T11:59:29+00:00","description":"Customized recruitment process of interim CFO, in Interim Search we work with high flexibility and always adapt our approach to each client's specific conditions and needs. - 48 h delivery guarantee - VLS according to ISO 9001 - Customer satisfaction guarantee - Industry independent - Call us today!","breadcrumb":{"@id":"https:\/\/www.interimsearch.com\/interim-cfo-stockholm\/#breadcrumb"},"inLanguage":"en-US","potentialAction":[{"@type":"ReadAction","target":["https:\/\/www.interimsearch.com\/interim-cfo-stockholm\/"]}]},{"@type":"BreadcrumbList","@id":"https:\/\/www.interimsearch.com\/interim-cfo-stockholm\/#breadcrumb","itemListElement":[{"@type":"ListItem","position":1,"name":"Hem","item":"https:\/\/www.interimsearch.com\/"},{"@type":"ListItem","position":2,"name":"Hyr en Interim CFO i Stockholm"}]},{"@type":"WebSite","@id":"https:\/\/www.interimsearch.com\/#website","url":"https:\/\/www.interimsearch.com\/","name":"Interim Search","description":"","potentialAction":[{"@type":"SearchAction","target":{"@type":"EntryPoint","urlTemplate":"https:\/\/www.interimsearch.com\/?s={search_term_string}"},"query-input":{"@type":"PropertyValueSpecification","valueRequired":true,"valueName":"search_term_string"}}],"inLanguage":"en-US"}]}},"_links":{"self":[{"href":"https:\/\/www.interimsearch.com\/en\/wp-json\/wp\/v2\/pages\/4572","targetHints":{"allow":["GET"]}}],"collection":[{"href":"https:\/\/www.interimsearch.com\/en\/wp-json\/wp\/v2\/pages"}],"about":[{"href":"https:\/\/www.interimsearch.com\/en\/wp-json\/wp\/v2\/types\/page"}],"author":[{"embeddable":true,"href":"https:\/\/www.interimsearch.com\/en\/wp-json\/wp\/v2\/users\/1"}],"replies":[{"embeddable":true,"href":"https:\/\/www.interimsearch.com\/en\/wp-json\/wp\/v2\/comments?post=4572"}],"version-history":[{"count":0,"href":"https:\/\/www.interimsearch.com\/en\/wp-json\/wp\/v2\/pages\/4572\/revisions"}],"wp:attachment":[{"href":"https:\/\/www.interimsearch.com\/en\/wp-json\/wp\/v2\/media?parent=4572"}],"curies":[{"name":"wp","href":"https:\/\/api.w.org\/{rel}","templated":true}]}}