{"id":4561,"date":"2016-12-21T09:04:30","date_gmt":"2016-12-21T08:04:30","guid":{"rendered":"https:\/\/www.interimsearch.com\/\/?page_id=4561"},"modified":"2024-09-25T03:03:26","modified_gmt":"2024-09-25T01:03:26","slug":"interim-consultant-stockholm","status":"publish","type":"page","link":"https:\/\/www.interimsearch.com\/en\/interim-consultant-stockholm\/","title":{"rendered":"Interim consultant Stockholm"},"content":{"rendered":"<style>\n    :root {\n        --desktop-bg: url(https:\/\/www.interimsearch.com\/wp-content\/uploads\/2024\/06\/inter-250-kopia.jpg);\n        --mobile-bg: url(https:\/\/www.interimsearch.com\/wp-content\/uploads\/2024\/06\/inter-250-kopia.jpg);\n        --phone-bg: url(https:\/\/www.interimsearch.com\/wp-content\/uploads\/2024\/06\/inter-250-kopia.jpg);\n    }\n\t\n\t\t\n\tsection.block.hero .container .content {\n\t\tpadding-top: 100px;\n\t}\n\t\n\tsection.block.hero .inner {\n\t\talign-items: flex-start;\n\t\tmin-height: 700px;\n\t}\n\n    <\/style>\n\n<section id=\"hero-block_91bdfa17baf179dc1f676e8ffaa9f536\" class=\"block hero  alignfull margin-bottom_block_margin--small  hero--small has-breadcrumbs\">\n    <div class=\"inner has-background\" style=\"background-image: url(https:\/\/www.interimsearch.com\/wp-content\/uploads\/2024\/06\/inter-250-kopia.jpg);\">\n        <div class=\"container\" style=\"\">\n            <div class=\"content\">\n                                    <h1>Interim consultant Stockholm<\/h1>\n                                                                                            <\/div>\n\n                    <\/div>\n\t\t              <\/div>\n    <div id=\"breadcrumbs\"><span><span><a href=\"https:\/\/www.interimsearch.com\/en\/\">Home<\/a><\/span><\/span><\/div><\/section>\n\n<section id=\"text-block_fc6af29eefdc6a09041c43d641a2e182\" class=\"block text  margin-bottom_block_margin--medium  text--width-narrow text--align-left\">\n<div class=\"container\">\n    <div class=\"col\">\n        <div class=\"text\">\n            <div class=\"editor-content\"><p>Have you searched for \u201cinterim consultant Stockholm\u201d? Then you have come to the right place! We work with the hiring of interim consultants and we specialize in appointing managers for temporary assignments. <!-- notionvc: e75f5c7c-4569-44eb-a5a1-16a7ad750b62 --><\/p>\n<\/div>        <\/div>\n    <\/div>\n<\/div>\n<\/section>\n\n<section id=\"title-and-text-block_a7ad5694ade7fb36011a0ad13ece46fe\" class=\"block title-and-text  margin-bottom_block_margin--small\">\n\t<div class=\"container_grid\">\n\t\t<div class=\"row_grid\">\n\t\t\t\t\t\t\t\t\t\t<div class=\"row__col row__col--lg-4 heading\">\n\t\t\t\t\t<h3 class=\"title\">Hire interim consultant in Stockholm<\/h3>\n\t\t\t\t<\/div>\n\t\t\t\t\t\t\t\t\t\t<div class=\"row__col row__col--lg-8\">\n\t\t\t\t\t<div class=\"editor-content\"><p class=\"p1\">We know that it is often urgent when a manager is missing in an important position and therefore always act quickly with a 48-hour delivery guarantee, which means that you can always rely on a fast recruitment with us.<\/p>\n<p class=\"p1\">We understand the difference between hiring interim consultants and recruiting permanent staff, which is why we specialize in finding the right consultant for temporary assignments.<\/p>\n<\/div>\t\t\t\t<\/div>\n\t\t\t\t\t<\/div>\t\t\n\t<\/div>\n<\/section>\n\n<section id=\"title-and-text-block_23de8d3f1314baf10affca1d1630501b\" class=\"block title-and-text  margin-bottom_block_margin--small\">\n\t<div class=\"container_grid\">\n\t\t<div class=\"row_grid\">\n\t\t\t\t\t\t\t\t\t\t<div class=\"row__col row__col--lg-4 heading\">\n\t\t\t\t\t<h3 class=\"title\">Interim consultants for different areas<\/h3>\n\t\t\t\t<\/div>\n\t\t\t\t\t\t\t\t\t\t<div class=\"row__col row__col--lg-8\">\n\t\t\t\t\t<div class=\"editor-content\"><p class=\"p1\">Thanks to our large network of interim consultants, we have no problem finding a person with the right profile for your company's needs quickly.<\/p>\n<p class=\"p1\">Our close contacts also allow us to match your requirements with high precision, whatever the purpose, with consultants for financial, human resources and general management services. Our solutions are flexible and always adapted to the needs at hand, allowing you to hire an interim consultant for as long as needed.<\/p>\n<p class=\"p1\">Our long experience has taught us exactly what our customers are looking for. That said, we can always present a suitable candidate with the right skills and experience for the particular position you need filled.<\/p>\n<p class=\"p1\">With a constant focus on business-critical positions, we deliver solutions that few other players can match.<\/p>\n<\/div>\t\t\t\t<\/div>\n\t\t\t\t\t<\/div>\t\t\n\t<\/div>\n<\/section>\n\n<section id=\"text-and-image-block_778d98208f6ff2afc7446107876a7845\" class=\"block text-and-image  alignfull margin-bottom_block_margin--small  align-text--left bg-color--gray block-style--float\">\n<div class=\"container\">\n    <div class=\"col-text\">\n                <h3 class=\"heading\">Get in touch with us for a quick hire of an interim consultant in Stockholm<\/h3>\n                        <p class=\"m-0\">If you need an interim consultant in Stockholm, you are very welcome to contact us and we will help you.\r\n\r\nYou can reach us either on the emergency number 08-556 460 99 or by filling out the contact form on the website.<\/p>\n                    <\/div>\n        <div class=\"col-image\">\n        <img decoding=\"async\" loading=\"lazy\" src=\"https:\/\/www.interimsearch.com\/wp-content\/uploads\/2024\/09\/01120e534846ee1a57354edc0a80f622.jpeg\" alt=\"\" width=\"704\" height=\"490\">\n    <\/div>\n    <\/div>\n<\/section>","protected":false},"excerpt":{"rendered":"","protected":false},"author":1,"featured_media":0,"parent":0,"menu_order":156,"comment_status":"closed","ping_status":"closed","template":"tpl-awave-blocks.php","meta":{"_acf_changed":false,"footnotes":""},"class_list":["post-4561","page","type-page","status-publish","hentry"],"acf":[],"yoast_head":"<!-- This site is optimized with the Yoast SEO Premium plugin v25.9 (Yoast SEO v25.9) - https:\/\/yoast.com\/wordpress\/plugins\/seo\/ -->\n<title>Hyr interimskonsult i Stockholm - Branschoberoende - Interim Search<\/title>\n<meta name=\"description\" content=\"Interimskonsult i Stockholm med Interim Search \u00b7 R\u00e4tt person f\u00f6r r\u00e4tt tillf\u00e4lle \u00b7 48 h leveransgaranti \u00b7 VLS enligt ISO 9001 \u00b7 N\u00f6jdhetsgaranti \u00b7 Ring oss.\" \/>\n<meta name=\"robots\" content=\"index, follow, max-snippet:-1, max-image-preview:large, max-video-preview:-1\" \/>\n<link rel=\"canonical\" href=\"https:\/\/www.interimsearch.com\/en\/interim-consultant-stockholm\/\" \/>\n<meta property=\"og:locale\" content=\"en_US\" \/>\n<meta property=\"og:type\" content=\"article\" \/>\n<meta property=\"og:title\" content=\"Interimskonsult Stockholm\" \/>\n<meta property=\"og:description\" content=\"Interimskonsult i Stockholm med Interim Search \u00b7 R\u00e4tt person f\u00f6r r\u00e4tt tillf\u00e4lle \u00b7 48 h leveransgaranti \u00b7 VLS enligt ISO 9001 \u00b7 N\u00f6jdhetsgaranti \u00b7 Ring oss.\" \/>\n<meta property=\"og:url\" content=\"https:\/\/www.interimsearch.com\/en\/interim-consultant-stockholm\/\" \/>\n<meta property=\"og:site_name\" content=\"Interim Search\" \/>\n<meta property=\"article:modified_time\" content=\"2024-09-25T01:03:26+00:00\" \/>\n<meta property=\"og:image\" content=\"https:\/\/www.interimsearch.com\/wp-content\/uploads\/2025\/07\/Social-image.jpg\" \/>\n\t<meta property=\"og:image:width\" content=\"1200\" \/>\n\t<meta property=\"og:image:height\" content=\"630\" \/>\n\t<meta property=\"og:image:type\" content=\"image\/jpeg\" \/>\n<meta name=\"twitter:card\" content=\"summary_large_image\" \/>\n<script type=\"application\/ld+json\" class=\"yoast-schema-graph\">{\"@context\":\"https:\/\/schema.org\",\"@graph\":[{\"@type\":\"WebPage\",\"@id\":\"https:\/\/www.interimsearch.com\/interimskonsult-stockholm\/\",\"url\":\"https:\/\/www.interimsearch.com\/interimskonsult-stockholm\/\",\"name\":\"Hyr interimskonsult i Stockholm - Branschoberoende - Interim Search\",\"isPartOf\":{\"@id\":\"https:\/\/www.interimsearch.com\/#website\"},\"datePublished\":\"2016-12-21T08:04:30+00:00\",\"dateModified\":\"2024-09-25T01:03:26+00:00\",\"description\":\"Interimskonsult i Stockholm med Interim Search \u00b7 R\u00e4tt person f\u00f6r r\u00e4tt tillf\u00e4lle \u00b7 48 h leveransgaranti \u00b7 VLS enligt ISO 9001 \u00b7 N\u00f6jdhetsgaranti \u00b7 Ring oss.\",\"breadcrumb\":{\"@id\":\"https:\/\/www.interimsearch.com\/interimskonsult-stockholm\/#breadcrumb\"},\"inLanguage\":\"en-US\",\"potentialAction\":[{\"@type\":\"ReadAction\",\"target\":[\"https:\/\/www.interimsearch.com\/interimskonsult-stockholm\/\"]}]},{\"@type\":\"BreadcrumbList\",\"@id\":\"https:\/\/www.interimsearch.com\/interimskonsult-stockholm\/#breadcrumb\",\"itemListElement\":[{\"@type\":\"ListItem\",\"position\":1,\"name\":\"Hem\",\"item\":\"https:\/\/www.interimsearch.com\/\"},{\"@type\":\"ListItem\",\"position\":2,\"name\":\"Interimskonsult Stockholm\"}]},{\"@type\":\"WebSite\",\"@id\":\"https:\/\/www.interimsearch.com\/#website\",\"url\":\"https:\/\/www.interimsearch.com\/\",\"name\":\"Interim Search\",\"description\":\"\",\"potentialAction\":[{\"@type\":\"SearchAction\",\"target\":{\"@type\":\"EntryPoint\",\"urlTemplate\":\"https:\/\/www.interimsearch.com\/?s={search_term_string}\"},\"query-input\":{\"@type\":\"PropertyValueSpecification\",\"valueRequired\":true,\"valueName\":\"search_term_string\"}}],\"inLanguage\":\"en-US\"}]}<\/script>\n<!-- \/ Yoast SEO Premium plugin. -->","yoast_head_json":{"title":"Hire an interim consultant in Stockholm - Industry independent - Interim Search","description":"Interim consultant in Stockholm with Interim Search - The right person for the right opportunity - 48 h delivery guarantee - VLS according to ISO 9001 - Satisfaction guarantee - Call us.","robots":{"index":"index","follow":"follow","max-snippet":"max-snippet:-1","max-image-preview":"max-image-preview:large","max-video-preview":"max-video-preview:-1"},"canonical":"https:\/\/www.interimsearch.com\/en\/interim-consultant-stockholm\/","og_locale":"en_US","og_type":"article","og_title":"Interimskonsult Stockholm","og_description":"Interimskonsult i Stockholm med Interim Search \u00b7 R\u00e4tt person f\u00f6r r\u00e4tt tillf\u00e4lle \u00b7 48 h leveransgaranti \u00b7 VLS enligt ISO 9001 \u00b7 N\u00f6jdhetsgaranti \u00b7 Ring oss.","og_url":"https:\/\/www.interimsearch.com\/en\/interim-consultant-stockholm\/","og_site_name":"Interim Search","article_modified_time":"2024-09-25T01:03:26+00:00","og_image":[{"width":1200,"height":630,"url":"https:\/\/www.interimsearch.com\/wp-content\/uploads\/2025\/07\/Social-image.jpg","type":"image\/jpeg"}],"twitter_card":"summary_large_image","schema":{"@context":"https:\/\/schema.org","@graph":[{"@type":"WebPage","@id":"https:\/\/www.interimsearch.com\/interimskonsult-stockholm\/","url":"https:\/\/www.interimsearch.com\/interimskonsult-stockholm\/","name":"Hire an interim consultant in Stockholm - Industry independent - Interim Search","isPartOf":{"@id":"https:\/\/www.interimsearch.com\/#website"},"datePublished":"2016-12-21T08:04:30+00:00","dateModified":"2024-09-25T01:03:26+00:00","description":"Interim consultant in Stockholm with Interim Search - The right person for the right opportunity - 48 h delivery guarantee - VLS according to ISO 9001 - Satisfaction guarantee - Call us.","breadcrumb":{"@id":"https:\/\/www.interimsearch.com\/interimskonsult-stockholm\/#breadcrumb"},"inLanguage":"en-US","potentialAction":[{"@type":"ReadAction","target":["https:\/\/www.interimsearch.com\/interimskonsult-stockholm\/"]}]},{"@type":"BreadcrumbList","@id":"https:\/\/www.interimsearch.com\/interimskonsult-stockholm\/#breadcrumb","itemListElement":[{"@type":"ListItem","position":1,"name":"Hem","item":"https:\/\/www.interimsearch.com\/"},{"@type":"ListItem","position":2,"name":"Interimskonsult Stockholm"}]},{"@type":"WebSite","@id":"https:\/\/www.interimsearch.com\/#website","url":"https:\/\/www.interimsearch.com\/","name":"Interim Search","description":"","potentialAction":[{"@type":"SearchAction","target":{"@type":"EntryPoint","urlTemplate":"https:\/\/www.interimsearch.com\/?s={search_term_string}"},"query-input":{"@type":"PropertyValueSpecification","valueRequired":true,"valueName":"search_term_string"}}],"inLanguage":"en-US"}]}},"_links":{"self":[{"href":"https:\/\/www.interimsearch.com\/en\/wp-json\/wp\/v2\/pages\/4561","targetHints":{"allow":["GET"]}}],"collection":[{"href":"https:\/\/www.interimsearch.com\/en\/wp-json\/wp\/v2\/pages"}],"about":[{"href":"https:\/\/www.interimsearch.com\/en\/wp-json\/wp\/v2\/types\/page"}],"author":[{"embeddable":true,"href":"https:\/\/www.interimsearch.com\/en\/wp-json\/wp\/v2\/users\/1"}],"replies":[{"embeddable":true,"href":"https:\/\/www.interimsearch.com\/en\/wp-json\/wp\/v2\/comments?post=4561"}],"version-history":[{"count":0,"href":"https:\/\/www.interimsearch.com\/en\/wp-json\/wp\/v2\/pages\/4561\/revisions"}],"wp:attachment":[{"href":"https:\/\/www.interimsearch.com\/en\/wp-json\/wp\/v2\/media?parent=4561"}],"curies":[{"name":"wp","href":"https:\/\/api.w.org\/{rel}","templated":true}]}}