{"id":4537,"date":"2016-12-21T08:37:09","date_gmt":"2016-12-21T07:37:09","guid":{"rendered":"https:\/\/www.interimsearch.com\/\/?page_id=4537"},"modified":"2024-09-25T03:16:32","modified_gmt":"2024-09-25T01:16:32","slug":"hire-manager-stockholm","status":"publish","type":"page","link":"https:\/\/www.interimsearch.com\/en\/hire-manager-stockholm\/","title":{"rendered":"Hire manager for company in Stockholm"},"content":{"rendered":"<style>\n    :root {\n        --desktop-bg: url(https:\/\/www.interimsearch.com\/wp-content\/uploads\/2024\/06\/inter-250-kopia.jpg);\n        --mobile-bg: url(https:\/\/www.interimsearch.com\/wp-content\/uploads\/2024\/06\/inter-250-kopia.jpg);\n        --phone-bg: url(https:\/\/www.interimsearch.com\/wp-content\/uploads\/2024\/06\/inter-250-kopia.jpg);\n    }\n\t\n\t\t\n\tsection.block.hero .container .content {\n\t\tpadding-top: 100px;\n\t}\n\t\n\tsection.block.hero .inner {\n\t\talign-items: flex-start;\n\t\tmin-height: 700px;\n\t}\n\n    <\/style>\n\n<section id=\"hero-block_4adb6276175fbf0eca3e61a75200fa29\" class=\"block hero  alignfull margin-bottom_block_margin--small  hero--small has-breadcrumbs\">\n    <div class=\"inner has-background\" style=\"background-image: url(https:\/\/www.interimsearch.com\/wp-content\/uploads\/2024\/06\/inter-250-kopia.jpg);\">\n        <div class=\"container\" style=\"\">\n            <div class=\"content\">\n                                    <h1>Hire manager for company in Stockholm<\/h1>\n                                                                <div class=\"buttons\">\n<a href=\"https:\/\/www.interimsearch.com\/en\/interim-consultants\/\" \n        class=\"btn btn--primary\">\n    Interim consultants<\/a>\n<\/div>\n                            <\/div>\n\n                    <\/div>\n\t\t              <\/div>\n    <div id=\"breadcrumbs\"><span><span><a href=\"https:\/\/www.interimsearch.com\/en\/\">Home<\/a><\/span><\/span><\/div><\/section>\n\n<section id=\"text-block_eb14f0286a912a3a02238a595ca10835\" class=\"block text  margin-bottom_block_margin--medium  text--width-narrow text--align-left\">\n<div class=\"container\">\n    <div class=\"col\">\n        <div class=\"text\">\n            <div class=\"editor-content\"><p>If you are looking to hire a manager in Stockholm, you have come to the right place. We at Interim Search hire out managers and leaders throughout the Stockholm area and can quickly find the right person with the right skills.<!-- notionvc: a2b11d6f-dacf-4783-9dba-65ca7f7d99fa --><\/p>\n<\/div>        <\/div>\n    <\/div>\n<\/div>\n<\/section>\n\n<section id=\"title-and-text-block_c64ce1710dc6778d26a3cb5fc9e36291\" class=\"block title-and-text  margin-bottom_block_margin--small\">\n\t<div class=\"container_grid\">\n\t\t<div class=\"row_grid\">\n\t\t\t\t\t\t\t\t\t\t<div class=\"row__col row__col--lg-4 heading\">\n\t\t\t\t\t<h3 class=\"title\">Hire manager in Stockholm<\/h3>\n\t\t\t\t<\/div>\n\t\t\t\t\t\t\t\t\t\t<div class=\"row__col row__col--lg-8\">\n\t\t\t\t\t<div class=\"editor-content\"><p class=\"p1\">If you are looking to hire a manager in Stockholm, you have come to the right place. We at Interim Search hire out managers and leaders throughout the Stockholm area and can quickly find just the right person with the right skills for your company.<\/p>\n<p class=\"p1\">We have a 48-hour delivery guarantee which means a solution is never far away when you need to hire a manager quickly, even if it's at short notice.<\/p>\n<p class=\"p1\">Thanks to our large network of skilled consultants, we can quickly find a suitable candidate based on your needs and wishes. Our wide network of contacts also allows us to match a consultant with your wishes with high precision.<\/p>\n<\/div>\t\t\t\t<\/div>\n\t\t\t\t\t<\/div>\t\t\n\t<\/div>\n<\/section>\n\n<section id=\"title-and-text-block_e94b4e642455d1edbae94b148750ec70\" class=\"block title-and-text  margin-bottom_block_margin--small\">\n\t<div class=\"container_grid\">\n\t\t<div class=\"row_grid\">\n\t\t\t\t\t\t\t\t\t\t<div class=\"row__col row__col--lg-4 heading\">\n\t\t\t\t\t<h3 class=\"title\">We have extensive experience in executive hiring<\/h3>\n\t\t\t\t<\/div>\n\t\t\t\t\t\t\t\t\t\t<div class=\"row__col row__col--lg-8\">\n\t\t\t\t\t<div class=\"editor-content\"><p class=\"p1\">We are experts in interim solutions and our main strength is always being able to act quickly. We know that when a person in a vital position is missing, there is no time to wait.<\/p>\n<p class=\"p1\">At Interim Search, we work accordingly and can always present a suitable manager for you to hire at short notice. Our solutions are flexible and you can hire a consultant for as long as you need, no matter how long or short the period.<\/p>\n<p class=\"p1\">With solid experience in recruitment and our years in the industry, we have learned what customers need. This means that we always have a good chance of presenting a candidate with exactly the right profile in terms of skills, knowledge and experience.<\/p>\n<\/div>\t\t\t\t<\/div>\n\t\t\t\t\t<\/div>\t\t\n\t<\/div>\n<\/section>\n\n<section id=\"text-and-image-block_564f9848c6f6aa8db876f26ce5441890\" class=\"block text-and-image  alignfull margin-bottom_block_margin--small  align-text--left bg-color--gray block-style--float\">\n<div class=\"container\">\n    <div class=\"col-text\">\n                <h3 class=\"heading\">Contact us when you need to hire a manager in Stockholm<\/h3>\n                        <p class=\"m-0\">If you are interested in hiring a manager in Stockholm through us, please don't hesitate to contact us at Interim Search and we will be happy to tell you more about how we work and what we can do for you.\r\nCall us on 08-556 460 99 or fill out the contact form here on the web. Welcome to Interim Search.\r\n<\/p>\n                    <\/div>\n        <div class=\"col-image\">\n        <img decoding=\"async\" loading=\"lazy\" src=\"https:\/\/www.interimsearch.com\/wp-content\/uploads\/2024\/09\/ele-109-1-1024x852.jpg\" alt=\"\" width=\"704\" height=\"490\">\n    <\/div>\n    <\/div>\n<\/section>","protected":false},"excerpt":{"rendered":"","protected":false},"author":1,"featured_media":0,"parent":0,"menu_order":157,"comment_status":"closed","ping_status":"closed","template":"tpl-awave-blocks.php","meta":{"_acf_changed":false,"footnotes":""},"class_list":["post-4537","page","type-page","status-publish","hentry"],"acf":[],"yoast_head":"<!-- This site is optimized with the Yoast SEO Premium plugin v25.9 (Yoast SEO v25.9) - https:\/\/yoast.com\/wordpress\/plugins\/seo\/ -->\n<title>Hyr Chef i Stockholm till f\u00f6retaget - Jourtelefon 24\/7 - Interim Search<\/title>\n<meta name=\"description\" content=\"Hyr chef till f\u00f6retaget med Interim Search! Vi har 48 timmars leveransgaranti vilket inneb\u00e4r att en l\u00f6sning aldrig \u00e4r l\u00e5ngt borta n\u00e4r du snabbt beh\u00f6ver hyra en chef, \u00e4ven om det \u00e4r med kort varsel. \u00b7 VLS enligt ISO 9001 \u00b7 N\u00f6jdhetsgaranti \u00b7 Ring oss!\" \/>\n<meta name=\"robots\" content=\"index, follow, max-snippet:-1, max-image-preview:large, max-video-preview:-1\" \/>\n<link rel=\"canonical\" href=\"https:\/\/www.interimsearch.com\/en\/hire-manager-stockholm\/\" \/>\n<meta property=\"og:locale\" content=\"en_US\" \/>\n<meta property=\"og:type\" content=\"article\" \/>\n<meta property=\"og:title\" content=\"Hyr chef till f\u00f6retaget i Stockholm\" \/>\n<meta property=\"og:description\" content=\"Hyr chef till f\u00f6retaget med Interim Search! Vi har 48 timmars leveransgaranti vilket inneb\u00e4r att en l\u00f6sning aldrig \u00e4r l\u00e5ngt borta n\u00e4r du snabbt beh\u00f6ver hyra en chef, \u00e4ven om det \u00e4r med kort varsel. \u00b7 VLS enligt ISO 9001 \u00b7 N\u00f6jdhetsgaranti \u00b7 Ring oss!\" \/>\n<meta property=\"og:url\" content=\"https:\/\/www.interimsearch.com\/en\/hire-manager-stockholm\/\" \/>\n<meta property=\"og:site_name\" content=\"Interim Search\" \/>\n<meta property=\"article:modified_time\" content=\"2024-09-25T01:16:32+00:00\" \/>\n<meta property=\"og:image\" content=\"https:\/\/www.interimsearch.com\/wp-content\/uploads\/2025\/07\/Social-image.jpg\" \/>\n\t<meta property=\"og:image:width\" content=\"1200\" \/>\n\t<meta property=\"og:image:height\" content=\"630\" \/>\n\t<meta property=\"og:image:type\" content=\"image\/jpeg\" \/>\n<meta name=\"twitter:card\" content=\"summary_large_image\" \/>\n<script type=\"application\/ld+json\" class=\"yoast-schema-graph\">{\"@context\":\"https:\/\/schema.org\",\"@graph\":[{\"@type\":\"WebPage\",\"@id\":\"https:\/\/www.interimsearch.com\/hyra-chef-stockholm\/\",\"url\":\"https:\/\/www.interimsearch.com\/hyra-chef-stockholm\/\",\"name\":\"Hyr Chef i Stockholm till f\u00f6retaget - Jourtelefon 24\/7 - Interim Search\",\"isPartOf\":{\"@id\":\"https:\/\/www.interimsearch.com\/#website\"},\"datePublished\":\"2016-12-21T07:37:09+00:00\",\"dateModified\":\"2024-09-25T01:16:32+00:00\",\"description\":\"Hyr chef till f\u00f6retaget med Interim Search! Vi har 48 timmars leveransgaranti vilket inneb\u00e4r att en l\u00f6sning aldrig \u00e4r l\u00e5ngt borta n\u00e4r du snabbt beh\u00f6ver hyra en chef, \u00e4ven om det \u00e4r med kort varsel. \u00b7 VLS enligt ISO 9001 \u00b7 N\u00f6jdhetsgaranti \u00b7 Ring oss!\",\"breadcrumb\":{\"@id\":\"https:\/\/www.interimsearch.com\/hyra-chef-stockholm\/#breadcrumb\"},\"inLanguage\":\"en-US\",\"potentialAction\":[{\"@type\":\"ReadAction\",\"target\":[\"https:\/\/www.interimsearch.com\/hyra-chef-stockholm\/\"]}]},{\"@type\":\"BreadcrumbList\",\"@id\":\"https:\/\/www.interimsearch.com\/hyra-chef-stockholm\/#breadcrumb\",\"itemListElement\":[{\"@type\":\"ListItem\",\"position\":1,\"name\":\"Hem\",\"item\":\"https:\/\/www.interimsearch.com\/\"},{\"@type\":\"ListItem\",\"position\":2,\"name\":\"Hyr chef till f\u00f6retaget i Stockholm\"}]},{\"@type\":\"WebSite\",\"@id\":\"https:\/\/www.interimsearch.com\/#website\",\"url\":\"https:\/\/www.interimsearch.com\/\",\"name\":\"Interim Search\",\"description\":\"\",\"potentialAction\":[{\"@type\":\"SearchAction\",\"target\":{\"@type\":\"EntryPoint\",\"urlTemplate\":\"https:\/\/www.interimsearch.com\/?s={search_term_string}\"},\"query-input\":{\"@type\":\"PropertyValueSpecification\",\"valueRequired\":true,\"valueName\":\"search_term_string\"}}],\"inLanguage\":\"en-US\"}]}<\/script>\n<!-- \/ Yoast SEO Premium plugin. -->","yoast_head_json":{"title":"Hire Manager in Stockholm for your company - 24\/7 hotline - Interim Search","description":"Hire a manager for your company with Interim Search! We have a 48-hour delivery guarantee, which means that a solution is never far away when you need to hire a manager quickly, even if it is at short notice. - VLS according to ISO 9001 - Satisfaction guarantee - Call us!","robots":{"index":"index","follow":"follow","max-snippet":"max-snippet:-1","max-image-preview":"max-image-preview:large","max-video-preview":"max-video-preview:-1"},"canonical":"https:\/\/www.interimsearch.com\/en\/hire-manager-stockholm\/","og_locale":"en_US","og_type":"article","og_title":"Hyr chef till f\u00f6retaget i Stockholm","og_description":"Hyr chef till f\u00f6retaget med Interim Search! Vi har 48 timmars leveransgaranti vilket inneb\u00e4r att en l\u00f6sning aldrig \u00e4r l\u00e5ngt borta n\u00e4r du snabbt beh\u00f6ver hyra en chef, \u00e4ven om det \u00e4r med kort varsel. \u00b7 VLS enligt ISO 9001 \u00b7 N\u00f6jdhetsgaranti \u00b7 Ring oss!","og_url":"https:\/\/www.interimsearch.com\/en\/hire-manager-stockholm\/","og_site_name":"Interim Search","article_modified_time":"2024-09-25T01:16:32+00:00","og_image":[{"width":1200,"height":630,"url":"https:\/\/www.interimsearch.com\/wp-content\/uploads\/2025\/07\/Social-image.jpg","type":"image\/jpeg"}],"twitter_card":"summary_large_image","schema":{"@context":"https:\/\/schema.org","@graph":[{"@type":"WebPage","@id":"https:\/\/www.interimsearch.com\/hyra-chef-stockholm\/","url":"https:\/\/www.interimsearch.com\/hyra-chef-stockholm\/","name":"Hire Manager in Stockholm for your company - 24\/7 hotline - Interim Search","isPartOf":{"@id":"https:\/\/www.interimsearch.com\/#website"},"datePublished":"2016-12-21T07:37:09+00:00","dateModified":"2024-09-25T01:16:32+00:00","description":"Hire a manager for your company with Interim Search! We have a 48-hour delivery guarantee, which means that a solution is never far away when you need to hire a manager quickly, even if it is at short notice. - VLS according to ISO 9001 - Satisfaction guarantee - Call us!","breadcrumb":{"@id":"https:\/\/www.interimsearch.com\/hyra-chef-stockholm\/#breadcrumb"},"inLanguage":"en-US","potentialAction":[{"@type":"ReadAction","target":["https:\/\/www.interimsearch.com\/hyra-chef-stockholm\/"]}]},{"@type":"BreadcrumbList","@id":"https:\/\/www.interimsearch.com\/hyra-chef-stockholm\/#breadcrumb","itemListElement":[{"@type":"ListItem","position":1,"name":"Hem","item":"https:\/\/www.interimsearch.com\/"},{"@type":"ListItem","position":2,"name":"Hyr chef till f\u00f6retaget i Stockholm"}]},{"@type":"WebSite","@id":"https:\/\/www.interimsearch.com\/#website","url":"https:\/\/www.interimsearch.com\/","name":"Interim Search","description":"","potentialAction":[{"@type":"SearchAction","target":{"@type":"EntryPoint","urlTemplate":"https:\/\/www.interimsearch.com\/?s={search_term_string}"},"query-input":{"@type":"PropertyValueSpecification","valueRequired":true,"valueName":"search_term_string"}}],"inLanguage":"en-US"}]}},"_links":{"self":[{"href":"https:\/\/www.interimsearch.com\/en\/wp-json\/wp\/v2\/pages\/4537","targetHints":{"allow":["GET"]}}],"collection":[{"href":"https:\/\/www.interimsearch.com\/en\/wp-json\/wp\/v2\/pages"}],"about":[{"href":"https:\/\/www.interimsearch.com\/en\/wp-json\/wp\/v2\/types\/page"}],"author":[{"embeddable":true,"href":"https:\/\/www.interimsearch.com\/en\/wp-json\/wp\/v2\/users\/1"}],"replies":[{"embeddable":true,"href":"https:\/\/www.interimsearch.com\/en\/wp-json\/wp\/v2\/comments?post=4537"}],"version-history":[{"count":0,"href":"https:\/\/www.interimsearch.com\/en\/wp-json\/wp\/v2\/pages\/4537\/revisions"}],"wp:attachment":[{"href":"https:\/\/www.interimsearch.com\/en\/wp-json\/wp\/v2\/media?parent=4537"}],"curies":[{"name":"wp","href":"https:\/\/api.w.org\/{rel}","templated":true}]}}