{"id":29834,"date":"2020-11-18T06:59:07","date_gmt":"2020-11-18T05:59:07","guid":{"rendered":"https:\/\/www.interimsearch.com\/?page_id=29834"},"modified":"2025-11-21T13:39:18","modified_gmt":"2025-11-21T12:39:18","slug":"references","status":"publish","type":"page","link":"https:\/\/www.interimsearch.com\/en\/references\/","title":{"rendered":"Customer testimonials"},"content":{"rendered":"<style>\n    :root {\n        --desktop-bg: url(https:\/\/www.interimsearch.com\/wp-content\/uploads\/2025\/02\/intehem-170-Forbattrat-BR.jpg);\n        --mobile-bg: url(https:\/\/www.interimsearch.com\/wp-content\/uploads\/2025\/02\/intehem-170-Forbattrat-BR.jpg);\n        --phone-bg: url(https:\/\/www.interimsearch.com\/wp-content\/uploads\/2025\/02\/intehem-170-Forbattrat-BR.jpg);\n    }\n\t\n\t\t\n\tsection.block.hero .container .content {\n\t\tpadding-top: 100px;\n\t}\n\t\n\tsection.block.hero .inner {\n\t\talign-items: flex-start;\n\t\tmin-height: 700px;\n\t}\n\n    <\/style>\n\n<section id=\"hero-block_d579b96dba4032b7d46a48cbfcdcf4cd\" class=\"block hero  alignfull margin-bottom_block_margin--small  hero--small has-breadcrumbs\">\n    <div class=\"inner has-background has-shadow\" style=\"background-image: url(https:\/\/www.interimsearch.com\/wp-content\/uploads\/2025\/02\/intehem-170-Forbattrat-BR.jpg);\">\n        <div class=\"container\" style=\"\">\n            <div class=\"content\">\n                                    <h1>What do our customers say?<\/h1>\n                                                    <p>As the leading interim agency in the Nordic region, we deliver with speed and precision. Read our references from satisfied customers who share their experiences. They show why we are the reliable supplier that quickly matches your needs with the right skills.<\/p>\n                                                                            <\/div>\n\n                    <\/div>\n\t\t              <\/div>\n    <div id=\"breadcrumbs\"><span><span><a href=\"https:\/\/www.interimsearch.com\/en\/\">Home<\/a><\/span><\/span><\/div><\/section>\n\n<section id=\"text-block_5d31667fc45da59514ae71c283eb7155\" class=\"block text  margin-bottom_block_margin--medium  text--width-narrow text--align-left\">\n<div class=\"container\">\n    <div class=\"col\">\n        <div class=\"text\">\n            <div class=\"editor-content\"><div>\n<div>Our goal is to be a reliable interim supplier that delivers speed and precision in every assignment. Read testimonials from some of our satisfied customers who share their experiences of working with us.<\/div>\n<\/div>\n<\/div>        <\/div>\n    <\/div>\n<\/div>\n<\/section>\n\n<section id=\"testimonials-listing-block_c2d27b700ad0b854cd5db889772f096d\" class=\"block testimonials-listing  margin-bottom_block_margin--large\">\n\t<div class=\"container_grid\">\n\t\t<div class=\"row_grid\">\n\t\t\t<div class=\"row__col heading\">\n\t\t\t\t<h2 class=\"title\"><\/h2>\n\t\t\t<\/div>\n\n\t\t\t<div class=\"row__col\">\n\t\t\t\t<div class=\"testimonials-list\">\n\t\t\t\t\t\t\t\t\t\t\t\t\t\t\t\t\t\t<div class=\"testimonials-list--item\">\n\t<div class=\"icon\">\n\t\t<svg width=\"29\" height=\"22\" fill=\"none\" xmlns=\"http:\/\/www.w3.org\/2000\/svg\"><path d=\"M8.252.876a1.746 1.746 0 112.095 2.793c-2.73 2.048-4.295 4.04-5.19 5.778a6.11 6.11 0 11-4.586 6.019c-.223-2.144.081-4.31.887-6.309C2.5 6.528 4.538 3.662 8.252.876zm15.71 0a1.746 1.746 0 012.095 2.793c-2.73 2.048-4.294 4.04-5.19 5.778a6.11 6.11 0 11-4.585 6.019c-.224-2.144.08-4.31.886-6.309 1.044-2.629 3.08-5.495 6.794-8.281z\" fill=\"#A80538\"\/><\/svg>\t<\/div>\n\t<div class=\"content\">\n\t\t<p style=\"font-weight: 400;\">\u201dVi \u00e4r mycket n\u00f6jda med Interim Search! Proffsig, smidig och snabb process som resulterade i en fantastiskt bra l\u00f6sning.\u201d<\/p>\n\t<\/div>\n\t<div class=\"author\">\n\t\t<p class=\"name m-0\">Clas Gunneberg<\/p>\n\t\t<p class=\"job-title m-0\">CEO Bruks Siwertell Group<\/p>\n\t<\/div>\n<\/div>\t\t\t\t\t\t\t\t\t\t\t\t\t<div class=\"testimonials-list--item\">\n\t<div class=\"icon\">\n\t\t<svg width=\"29\" height=\"22\" fill=\"none\" xmlns=\"http:\/\/www.w3.org\/2000\/svg\"><path d=\"M8.252.876a1.746 1.746 0 112.095 2.793c-2.73 2.048-4.295 4.04-5.19 5.778a6.11 6.11 0 11-4.586 6.019c-.223-2.144.081-4.31.887-6.309C2.5 6.528 4.538 3.662 8.252.876zm15.71 0a1.746 1.746 0 012.095 2.793c-2.73 2.048-4.294 4.04-5.19 5.778a6.11 6.11 0 11-4.585 6.019c-.224-2.144.08-4.31.886-6.309 1.044-2.629 3.08-5.495 6.794-8.281z\" fill=\"#A80538\"\/><\/svg>\t<\/div>\n\t<div class=\"content\">\n\t\t<p>\u201dA safe and quick action where the consultants matched our company's needs in the phase we are in. Already after the first week, we see that the result meets our expectations.\u201d<\/p>\n\t<\/div>\n\t<div class=\"author\">\n\t\t<p class=\"name m-0\">Victor the Flower<\/p>\n\t\t<p class=\"job-title m-0\">Site Director The Green Dairy<\/p>\n\t<\/div>\n<\/div>\t\t\t\t\t\t\t\t\t\t\t\t\t<div class=\"testimonials-list--item\">\n\t<div class=\"icon\">\n\t\t<svg width=\"29\" height=\"22\" fill=\"none\" xmlns=\"http:\/\/www.w3.org\/2000\/svg\"><path d=\"M8.252.876a1.746 1.746 0 112.095 2.793c-2.73 2.048-4.295 4.04-5.19 5.778a6.11 6.11 0 11-4.586 6.019c-.223-2.144.081-4.31.887-6.309C2.5 6.528 4.538 3.662 8.252.876zm15.71 0a1.746 1.746 0 012.095 2.793c-2.73 2.048-4.294 4.04-5.19 5.778a6.11 6.11 0 11-4.585 6.019c-.224-2.144.08-4.31.886-6.309 1.044-2.629 3.08-5.495 6.794-8.281z\" fill=\"#A80538\"\/><\/svg>\t<\/div>\n\t<div class=\"content\">\n\t\t<p>\u201dFrom the first contact it took five minutes to the first meeting - and a week later we had an interim manager in place. The collaboration has been characterized by high competence and extreme efficiency.\u201d<\/p>\n\t<\/div>\n\t<div class=\"author\">\n\t\t<p class=\"name m-0\">Anders Persson<\/p>\n\t\t<p class=\"job-title m-0\">Permanent Secretary of the Church of Sweden<\/p>\n\t<\/div>\n<\/div>\t\t\t\t\t\t\t\t\t\t\t\t\t<div class=\"testimonials-list--item\">\n\t<div class=\"icon\">\n\t\t<svg width=\"29\" height=\"22\" fill=\"none\" xmlns=\"http:\/\/www.w3.org\/2000\/svg\"><path d=\"M8.252.876a1.746 1.746 0 112.095 2.793c-2.73 2.048-4.295 4.04-5.19 5.778a6.11 6.11 0 11-4.586 6.019c-.223-2.144.081-4.31.887-6.309C2.5 6.528 4.538 3.662 8.252.876zm15.71 0a1.746 1.746 0 012.095 2.793c-2.73 2.048-4.294 4.04-5.19 5.778a6.11 6.11 0 11-4.585 6.019c-.224-2.144.08-4.31.886-6.309 1.044-2.629 3.08-5.495 6.794-8.281z\" fill=\"#A80538\"\/><\/svg>\t<\/div>\n\t<div class=\"content\">\n\t\t<p>\u201dA world-class delivery! With responsiveness, great commitment and precision, Interim Search delivered exactly what we asked for within the promised timeframe. I will definitely turn to them again.\u201d<\/p>\n\t<\/div>\n\t<div class=\"author\">\n\t\t<p class=\"name m-0\">Gada Hanna<\/p>\n\t\t<p class=\"job-title m-0\">Head of Strategic Sourcing Teracom<\/p>\n\t<\/div>\n<\/div>\t\t\t\t\t\t\t\t\t\t\t\t\t<div class=\"testimonials-list--item\">\n\t<div class=\"icon\">\n\t\t<svg width=\"29\" height=\"22\" fill=\"none\" xmlns=\"http:\/\/www.w3.org\/2000\/svg\"><path d=\"M8.252.876a1.746 1.746 0 112.095 2.793c-2.73 2.048-4.295 4.04-5.19 5.778a6.11 6.11 0 11-4.586 6.019c-.223-2.144.081-4.31.887-6.309C2.5 6.528 4.538 3.662 8.252.876zm15.71 0a1.746 1.746 0 012.095 2.793c-2.73 2.048-4.294 4.04-5.19 5.778a6.11 6.11 0 11-4.585 6.019c-.224-2.144.08-4.31.886-6.309 1.044-2.629 3.08-5.495 6.794-8.281z\" fill=\"#A80538\"\/><\/svg>\t<\/div>\n\t<div class=\"content\">\n\t\t<p>\u201cA very good process that combined a fast pace with the highest quality. We are very pleased with the result and will gladly use Interim Search again when we need new talent.\u201d<\/p>\n\t<\/div>\n\t<div class=\"author\">\n\t\t<p class=\"name m-0\">Helena De Geer Sahlberg<\/p>\n\t\t<p class=\"job-title m-0\">Ordering role: Head of HR Heimstaden<\/p>\n\t<\/div>\n<\/div>\t\t\t\t\t\t\t\t\t\t\t\t\t<div class=\"testimonials-list--item\">\n\t<div class=\"icon\">\n\t\t<svg width=\"29\" height=\"22\" fill=\"none\" xmlns=\"http:\/\/www.w3.org\/2000\/svg\"><path d=\"M8.252.876a1.746 1.746 0 112.095 2.793c-2.73 2.048-4.295 4.04-5.19 5.778a6.11 6.11 0 11-4.586 6.019c-.223-2.144.081-4.31.887-6.309C2.5 6.528 4.538 3.662 8.252.876zm15.71 0a1.746 1.746 0 012.095 2.793c-2.73 2.048-4.294 4.04-5.19 5.778a6.11 6.11 0 11-4.585 6.019c-.224-2.144.08-4.31.886-6.309 1.044-2.629 3.08-5.495 6.794-8.281z\" fill=\"#A80538\"\/><\/svg>\t<\/div>\n\t<div class=\"content\">\n\t\t<div>\u201cInterim Search delivered candidates a day after our first call. Everything was handled very smoothly during the short process and we were able to appoint an interim consultant who will suit us very well.\u201d<\/div>\n<div><\/div>\n\t<\/div>\n\t<div class=\"author\">\n\t\t<p class=\"name m-0\">Peter Ols<\/p>\n\t\t<p class=\"job-title m-0\">Ordering role: Deputy CEO, Tekniska Verken<\/p>\n\t<\/div>\n<\/div>\t\t\t\t\t\t\t\t\t\t\t\t\t<div class=\"testimonials-list--item\">\n\t<div class=\"icon\">\n\t\t<svg width=\"29\" height=\"22\" fill=\"none\" xmlns=\"http:\/\/www.w3.org\/2000\/svg\"><path d=\"M8.252.876a1.746 1.746 0 112.095 2.793c-2.73 2.048-4.295 4.04-5.19 5.778a6.11 6.11 0 11-4.586 6.019c-.223-2.144.081-4.31.887-6.309C2.5 6.528 4.538 3.662 8.252.876zm15.71 0a1.746 1.746 0 012.095 2.793c-2.73 2.048-4.294 4.04-5.19 5.778a6.11 6.11 0 11-4.585 6.019c-.224-2.144.08-4.31.886-6.309 1.044-2.629 3.08-5.495 6.794-8.281z\" fill=\"#A80538\"\/><\/svg>\t<\/div>\n\t<div class=\"content\">\n\t\t<div dir=\"auto\">\u201cVery satisfied with the entire process, from identifying needs to finding the right candidate, quick handling, and follow-up after appointment. Will definitely use Interim Search again next time!\u201d<\/div>\n\t<\/div>\n\t<div class=\"author\">\n\t\t<p class=\"name m-0\">Anders Runberg<\/p>\n\t\t<p class=\"job-title m-0\">Ordering role: CEO, Bro &amp; V\u00e4g M\u00e4lardalen<\/p>\n\t<\/div>\n<\/div>\t\t\t\t\t\t\t\t\t\t\t\t\t<div class=\"testimonials-list--item\">\n\t<div class=\"icon\">\n\t\t<svg width=\"29\" height=\"22\" fill=\"none\" xmlns=\"http:\/\/www.w3.org\/2000\/svg\"><path d=\"M8.252.876a1.746 1.746 0 112.095 2.793c-2.73 2.048-4.295 4.04-5.19 5.778a6.11 6.11 0 11-4.586 6.019c-.223-2.144.081-4.31.887-6.309C2.5 6.528 4.538 3.662 8.252.876zm15.71 0a1.746 1.746 0 012.095 2.793c-2.73 2.048-4.294 4.04-5.19 5.778a6.11 6.11 0 11-4.585 6.019c-.224-2.144.08-4.31.886-6.309 1.044-2.629 3.08-5.495 6.794-8.281z\" fill=\"#A80538\"\/><\/svg>\t<\/div>\n\t<div class=\"content\">\n\t\t<p>\u201cThe speed of Interim Search solves problems  and gives us the necessary space to recruit the right people.\u201d<\/p>\n\t<\/div>\n\t<div class=\"author\">\n\t\t<p class=\"name m-0\">Daniel Martinwall<\/p>\n\t\t<p class=\"job-title m-0\">Ordering role: CEO, M Refine Group<\/p>\n\t<\/div>\n<\/div>\t\t\t\t\t\t\t\t\t\t\t\t\t<div class=\"testimonials-list--item\">\n\t<div class=\"icon\">\n\t\t<svg width=\"29\" height=\"22\" fill=\"none\" xmlns=\"http:\/\/www.w3.org\/2000\/svg\"><path d=\"M8.252.876a1.746 1.746 0 112.095 2.793c-2.73 2.048-4.295 4.04-5.19 5.778a6.11 6.11 0 11-4.586 6.019c-.223-2.144.081-4.31.887-6.309C2.5 6.528 4.538 3.662 8.252.876zm15.71 0a1.746 1.746 0 012.095 2.793c-2.73 2.048-4.294 4.04-5.19 5.778a6.11 6.11 0 11-4.585 6.019c-.224-2.144.08-4.31.886-6.309 1.044-2.629 3.08-5.495 6.794-8.281z\" fill=\"#A80538\"\/><\/svg>\t<\/div>\n\t<div class=\"content\">\n\t\t<p>\u201cThe team at Interim Search has worked quickly and effectively to bring high-quality candidates that match exactly what our needs are.\u201d<\/p>\n\t<\/div>\n\t<div class=\"author\">\n\t\t<p class=\"name m-0\">Ryan Looysen<\/p>\n\t\t<p class=\"job-title m-0\">Ordering role: CEO Go North<\/p>\n\t<\/div>\n<\/div>\t\t\t\t\t\t\t\t\t\t\t\t\t<div class=\"testimonials-list--item\">\n\t<div class=\"icon\">\n\t\t<svg width=\"29\" height=\"22\" fill=\"none\" xmlns=\"http:\/\/www.w3.org\/2000\/svg\"><path d=\"M8.252.876a1.746 1.746 0 112.095 2.793c-2.73 2.048-4.295 4.04-5.19 5.778a6.11 6.11 0 11-4.586 6.019c-.223-2.144.081-4.31.887-6.309C2.5 6.528 4.538 3.662 8.252.876zm15.71 0a1.746 1.746 0 012.095 2.793c-2.73 2.048-4.294 4.04-5.19 5.778a6.11 6.11 0 11-4.585 6.019c-.224-2.144.08-4.31.886-6.309 1.044-2.629 3.08-5.495 6.794-8.281z\" fill=\"#A80538\"\/><\/svg>\t<\/div>\n\t<div class=\"content\">\n\t\t<p>\u201dThe simultaneous need for two senior positions was handled with great commitment and professionalism by Interim Search. They were committed to the company's situation and the effects that the recruitments would have.\u201d<\/p>\n\t<\/div>\n\t<div class=\"author\">\n\t\t<p class=\"name m-0\">Torgny Hellberg<\/p>\n\t\t<p class=\"job-title m-0\">Ordering role: CEO Modexa<\/p>\n\t<\/div>\n<\/div>\t\t\t\t\t\t\t\t\t\t\t\t\t<div class=\"testimonials-list--item\">\n\t<div class=\"icon\">\n\t\t<svg width=\"29\" height=\"22\" fill=\"none\" xmlns=\"http:\/\/www.w3.org\/2000\/svg\"><path d=\"M8.252.876a1.746 1.746 0 112.095 2.793c-2.73 2.048-4.295 4.04-5.19 5.778a6.11 6.11 0 11-4.586 6.019c-.223-2.144.081-4.31.887-6.309C2.5 6.528 4.538 3.662 8.252.876zm15.71 0a1.746 1.746 0 012.095 2.793c-2.73 2.048-4.294 4.04-5.19 5.778a6.11 6.11 0 11-4.585 6.019c-.224-2.144.08-4.31.886-6.309 1.044-2.629 3.08-5.495 6.794-8.281z\" fill=\"#A80538\"\/><\/svg>\t<\/div>\n\t<div class=\"content\">\n\t\t<p style=\"font-weight: 400;\">\u201cInterim Search is quick and straightforward in its processes and highly professional in understanding customer needs and what can benefit the company. A great collaboration all the way.\u201d<\/p>\n\t<\/div>\n\t<div class=\"author\">\n\t\t<p class=\"name m-0\">Matilda Adriansson<\/p>\n\t\t<p class=\"job-title m-0\">Ordering role: CFO Rullpack<\/p>\n\t<\/div>\n<\/div>\t\t\t\t\t\t\t\t\t\t\t\t\t<div class=\"testimonials-list--item\">\n\t<div class=\"icon\">\n\t\t<svg width=\"29\" height=\"22\" fill=\"none\" xmlns=\"http:\/\/www.w3.org\/2000\/svg\"><path d=\"M8.252.876a1.746 1.746 0 112.095 2.793c-2.73 2.048-4.295 4.04-5.19 5.778a6.11 6.11 0 11-4.586 6.019c-.223-2.144.081-4.31.887-6.309C2.5 6.528 4.538 3.662 8.252.876zm15.71 0a1.746 1.746 0 012.095 2.793c-2.73 2.048-4.294 4.04-5.19 5.778a6.11 6.11 0 11-4.585 6.019c-.224-2.144.08-4.31.886-6.309 1.044-2.629 3.08-5.495 6.794-8.281z\" fill=\"#A80538\"\/><\/svg>\t<\/div>\n\t<div class=\"content\">\n\t\t<p>\u201dLightning-fast response in a difficult situation, humble and professional handling throughout the process, and candidate search with pinpoint accuracy. The overall result can only be rated as 5 out of 5 stars.\u201d<\/p>\n\t<\/div>\n\t<div class=\"author\">\n\t\t<p class=\"name m-0\">Marcus Wigren<\/p>\n\t\t<p class=\"job-title m-0\">Ordering role: Managing Director, Zander &amp; Ingestr\u00f6m<\/p>\n\t<\/div>\n<\/div>\t\t\t\t\t\t\t\t\t\t\t\t\t<div class=\"testimonials-list--item\">\n\t<div class=\"icon\">\n\t\t<svg width=\"29\" height=\"22\" fill=\"none\" xmlns=\"http:\/\/www.w3.org\/2000\/svg\"><path d=\"M8.252.876a1.746 1.746 0 112.095 2.793c-2.73 2.048-4.295 4.04-5.19 5.778a6.11 6.11 0 11-4.586 6.019c-.223-2.144.081-4.31.887-6.309C2.5 6.528 4.538 3.662 8.252.876zm15.71 0a1.746 1.746 0 012.095 2.793c-2.73 2.048-4.294 4.04-5.19 5.778a6.11 6.11 0 11-4.585 6.019c-.224-2.144.08-4.31.886-6.309 1.044-2.629 3.08-5.495 6.794-8.281z\" fill=\"#A80538\"\/><\/svg>\t<\/div>\n\t<div class=\"content\">\n\t\t<p style=\"font-weight: 400;\">\u201cInterim Search is both incredibly responsive and clear. They take the time to understand my needs based on the assignment and where the business is right now.\u201d<\/p>\n\t<\/div>\n\t<div class=\"author\">\n\t\t<p class=\"name m-0\">Joakim Romanus<\/p>\n\t\t<p class=\"job-title m-0\">Ordering role: Chief People Officer, Ework Group<\/p>\n\t<\/div>\n<\/div>\t\t\t\t\t\t\t\t\t\t\t\t\t<div class=\"testimonials-list--item\">\n\t<div class=\"icon\">\n\t\t<svg width=\"29\" height=\"22\" fill=\"none\" xmlns=\"http:\/\/www.w3.org\/2000\/svg\"><path d=\"M8.252.876a1.746 1.746 0 112.095 2.793c-2.73 2.048-4.295 4.04-5.19 5.778a6.11 6.11 0 11-4.586 6.019c-.223-2.144.081-4.31.887-6.309C2.5 6.528 4.538 3.662 8.252.876zm15.71 0a1.746 1.746 0 012.095 2.793c-2.73 2.048-4.294 4.04-5.19 5.778a6.11 6.11 0 11-4.585 6.019c-.224-2.144.08-4.31.886-6.309 1.044-2.629 3.08-5.495 6.794-8.281z\" fill=\"#A80538\"\/><\/svg>\t<\/div>\n\t<div class=\"content\">\n\t\t<p style=\"font-weight: 400;\">\u201cA professional and straightforward collaboration. Interim Search has shown great commitment in getting to know us and has provided interim consultants who are well suited to our organization.\u201d<\/p>\n\t<\/div>\n\t<div class=\"author\">\n\t\t<p class=\"name m-0\">Susanne Bystr\u00f6m<\/p>\n\t\t<p class=\"job-title m-0\">Ordering role: HR Manager, Runsvengruppen<\/p>\n\t<\/div>\n<\/div>\t\t\t\t\t\t\t\t\t\t\t\t\t<div class=\"testimonials-list--item\">\n\t<div class=\"icon\">\n\t\t<svg width=\"29\" height=\"22\" fill=\"none\" xmlns=\"http:\/\/www.w3.org\/2000\/svg\"><path d=\"M8.252.876a1.746 1.746 0 112.095 2.793c-2.73 2.048-4.295 4.04-5.19 5.778a6.11 6.11 0 11-4.586 6.019c-.223-2.144.081-4.31.887-6.309C2.5 6.528 4.538 3.662 8.252.876zm15.71 0a1.746 1.746 0 012.095 2.793c-2.73 2.048-4.294 4.04-5.19 5.778a6.11 6.11 0 11-4.585 6.019c-.224-2.144.08-4.31.886-6.309 1.044-2.629 3.08-5.495 6.794-8.281z\" fill=\"#A80538\"\/><\/svg>\t<\/div>\n\t<div class=\"content\">\n\t\t<div dir=\"ltr\">\n<div>\u201cDespite complex competency requirements, Interim Search was able to deliver the right consultant within a couple of days. Very satisfied with the service!\u201d<\/div>\n<div><\/div>\n<\/div>\n<div class=\"yj6qo ajU\"><\/div>\n\t<\/div>\n\t<div class=\"author\">\n\t\t<p class=\"name m-0\">Mikael Forslund<\/p>\n\t\t<p class=\"job-title m-0\">Ordering role: President &amp; CEO, Elof Hansson Group<\/p>\n\t<\/div>\n<\/div>\t\t\t\t\t\t\t\t\t\t\t        \t\t<\/div>\n\t\t\t\t\t\t\t\t\t<div class=\"load-more buttons\">\n\t\t\t\t\t\t<a href=\"#\" class=\"btn btn--load-more\" data-page=\"2\" data-max-pages=\"7\">See more<\/a> \n\t\t\t\t\t<\/div>\n\t\t\t\t  \n\t\t\t<\/div>\n\t\t<\/div>\n\t<\/div>\n<\/section>","protected":false},"excerpt":{"rendered":"","protected":false},"author":1,"featured_media":0,"parent":0,"menu_order":65,"comment_status":"closed","ping_status":"closed","template":"tpl-awave-blocks.php","meta":{"_acf_changed":false,"footnotes":""},"class_list":["post-29834","page","type-page","status-publish","hentry"],"acf":[],"yoast_head":"<!-- This site is optimized with the Yoast SEO Premium plugin v25.9 (Yoast SEO v25.9) - https:\/\/yoast.com\/wordpress\/plugins\/seo\/ -->\n<title>Kundutl\u00e5tanden - Interim Search<\/title>\n<meta name=\"robots\" content=\"index, follow, max-snippet:-1, max-image-preview:large, max-video-preview:-1\" \/>\n<link rel=\"canonical\" href=\"https:\/\/www.interimsearch.com\/en\/references\/\" \/>\n<meta property=\"og:locale\" content=\"en_US\" \/>\n<meta property=\"og:type\" content=\"article\" \/>\n<meta property=\"og:title\" content=\"Kundutl\u00e5tanden\" \/>\n<meta property=\"og:url\" content=\"https:\/\/www.interimsearch.com\/en\/references\/\" \/>\n<meta property=\"og:site_name\" content=\"Interim Search\" \/>\n<meta property=\"article:modified_time\" content=\"2025-11-21T12:39:18+00:00\" \/>\n<meta property=\"og:image\" content=\"https:\/\/www.interimsearch.com\/wp-content\/uploads\/2025\/07\/Social-image.jpg\" \/>\n\t<meta property=\"og:image:width\" content=\"1200\" \/>\n\t<meta property=\"og:image:height\" content=\"630\" \/>\n\t<meta property=\"og:image:type\" content=\"image\/jpeg\" \/>\n<meta name=\"twitter:card\" content=\"summary_large_image\" \/>\n<script type=\"application\/ld+json\" class=\"yoast-schema-graph\">{\"@context\":\"https:\/\/schema.org\",\"@graph\":[{\"@type\":\"WebPage\",\"@id\":\"https:\/\/www.interimsearch.com\/referenser\/\",\"url\":\"https:\/\/www.interimsearch.com\/referenser\/\",\"name\":\"Kundutl\u00e5tanden - Interim Search\",\"isPartOf\":{\"@id\":\"https:\/\/www.interimsearch.com\/#website\"},\"datePublished\":\"2020-11-18T05:59:07+00:00\",\"dateModified\":\"2025-11-21T12:39:18+00:00\",\"breadcrumb\":{\"@id\":\"https:\/\/www.interimsearch.com\/referenser\/#breadcrumb\"},\"inLanguage\":\"en-US\",\"potentialAction\":[{\"@type\":\"ReadAction\",\"target\":[\"https:\/\/www.interimsearch.com\/referenser\/\"]}]},{\"@type\":\"BreadcrumbList\",\"@id\":\"https:\/\/www.interimsearch.com\/referenser\/#breadcrumb\",\"itemListElement\":[{\"@type\":\"ListItem\",\"position\":1,\"name\":\"Hem\",\"item\":\"https:\/\/www.interimsearch.com\/\"},{\"@type\":\"ListItem\",\"position\":2,\"name\":\"Kundutl\u00e5tanden\"}]},{\"@type\":\"WebSite\",\"@id\":\"https:\/\/www.interimsearch.com\/#website\",\"url\":\"https:\/\/www.interimsearch.com\/\",\"name\":\"Interim Search\",\"description\":\"\",\"potentialAction\":[{\"@type\":\"SearchAction\",\"target\":{\"@type\":\"EntryPoint\",\"urlTemplate\":\"https:\/\/www.interimsearch.com\/?s={search_term_string}\"},\"query-input\":{\"@type\":\"PropertyValueSpecification\",\"valueRequired\":true,\"valueName\":\"search_term_string\"}}],\"inLanguage\":\"en-US\"}]}<\/script>\n<!-- \/ Yoast SEO Premium plugin. -->","yoast_head_json":{"title":"Client Testimonials - What do our customers say? - Interim Search","robots":{"index":"index","follow":"follow","max-snippet":"max-snippet:-1","max-image-preview":"max-image-preview:large","max-video-preview":"max-video-preview:-1"},"canonical":"https:\/\/www.interimsearch.com\/en\/references\/","og_locale":"en_US","og_type":"article","og_title":"Kundutl\u00e5tanden","og_url":"https:\/\/www.interimsearch.com\/en\/references\/","og_site_name":"Interim Search","article_modified_time":"2025-11-21T12:39:18+00:00","og_image":[{"width":1200,"height":630,"url":"https:\/\/www.interimsearch.com\/wp-content\/uploads\/2025\/07\/Social-image.jpg","type":"image\/jpeg"}],"twitter_card":"summary_large_image","schema":{"@context":"https:\/\/schema.org","@graph":[{"@type":"WebPage","@id":"https:\/\/www.interimsearch.com\/referenser\/","url":"https:\/\/www.interimsearch.com\/referenser\/","name":"Client Testimonials - What do our customers say? - Interim Search","isPartOf":{"@id":"https:\/\/www.interimsearch.com\/#website"},"datePublished":"2020-11-18T05:59:07+00:00","dateModified":"2025-11-21T12:39:18+00:00","breadcrumb":{"@id":"https:\/\/www.interimsearch.com\/referenser\/#breadcrumb"},"inLanguage":"en-US","potentialAction":[{"@type":"ReadAction","target":["https:\/\/www.interimsearch.com\/referenser\/"]}]},{"@type":"BreadcrumbList","@id":"https:\/\/www.interimsearch.com\/referenser\/#breadcrumb","itemListElement":[{"@type":"ListItem","position":1,"name":"Hem","item":"https:\/\/www.interimsearch.com\/"},{"@type":"ListItem","position":2,"name":"Kundutl\u00e5tanden"}]},{"@type":"WebSite","@id":"https:\/\/www.interimsearch.com\/#website","url":"https:\/\/www.interimsearch.com\/","name":"Interim Search","description":"","potentialAction":[{"@type":"SearchAction","target":{"@type":"EntryPoint","urlTemplate":"https:\/\/www.interimsearch.com\/?s={search_term_string}"},"query-input":{"@type":"PropertyValueSpecification","valueRequired":true,"valueName":"search_term_string"}}],"inLanguage":"en-US"}]}},"_links":{"self":[{"href":"https:\/\/www.interimsearch.com\/en\/wp-json\/wp\/v2\/pages\/29834","targetHints":{"allow":["GET"]}}],"collection":[{"href":"https:\/\/www.interimsearch.com\/en\/wp-json\/wp\/v2\/pages"}],"about":[{"href":"https:\/\/www.interimsearch.com\/en\/wp-json\/wp\/v2\/types\/page"}],"author":[{"embeddable":true,"href":"https:\/\/www.interimsearch.com\/en\/wp-json\/wp\/v2\/users\/1"}],"replies":[{"embeddable":true,"href":"https:\/\/www.interimsearch.com\/en\/wp-json\/wp\/v2\/comments?post=29834"}],"version-history":[{"count":2,"href":"https:\/\/www.interimsearch.com\/en\/wp-json\/wp\/v2\/pages\/29834\/revisions"}],"predecessor-version":[{"id":74792,"href":"https:\/\/www.interimsearch.com\/en\/wp-json\/wp\/v2\/pages\/29834\/revisions\/74792"}],"wp:attachment":[{"href":"https:\/\/www.interimsearch.com\/en\/wp-json\/wp\/v2\/media?parent=29834"}],"curies":[{"name":"wp","href":"https:\/\/api.w.org\/{rel}","templated":true}]}}