{"id":18,"date":"2016-02-25T17:15:28","date_gmt":"2016-02-25T16:15:28","guid":{"rendered":"https:\/\/www.interimsearch.com\/.preview.binero.se\/\/?page_id=18"},"modified":"2025-11-27T11:49:40","modified_gmt":"2025-11-27T10:49:40","slug":"insights","status":"publish","type":"page","link":"https:\/\/www.interimsearch.com\/en\/insights\/","title":{"rendered":"Insights"},"content":{"rendered":"<style>\n    :root {\n        --desktop-bg: url(https:\/\/www.interimsearch.com\/wp-content\/uploads\/2025\/02\/intehem-187-Forbattrat-BR.jpg);\n        --mobile-bg: url(https:\/\/www.interimsearch.com\/wp-content\/uploads\/2025\/02\/intehem-187-Forbattrat-BR.jpg);\n        --phone-bg: url(https:\/\/www.interimsearch.com\/wp-content\/uploads\/2025\/02\/intehem-187-Forbattrat-BR.jpg);\n    }\n\t\n\t\t\n\tsection.block.hero .container .content {\n\t\tpadding-top: 100px;\n\t}\n\t\n\tsection.block.hero .inner {\n\t\talign-items: flex-start;\n\t\tmin-height: 700px;\n\t}\n\n    <\/style>\n\n<section id=\"hero-block_663cd878ef5576b1be35e1f397fbef32\" class=\"block hero  alignfull margin-bottom_block_margin--small  hero--small has-breadcrumbs\">\n    <div class=\"inner has-background has-shadow\" style=\"background-image: url(https:\/\/www.interimsearch.com\/wp-content\/uploads\/2025\/02\/intehem-187-Forbattrat-BR.jpg);\">\n        <div class=\"container\" style=\"\">\n            <div class=\"content\">\n                                    <h1>Insights<\/h1>\n                                                    <p>Leadership, Interim Management, and the Business World: Our Latest Insights<\/p>\n                                                                            <\/div>\n\n                    <\/div>\n\t\t              <\/div>\n    <div id=\"breadcrumbs\"><span><span><a href=\"https:\/\/www.interimsearch.com\/en\/\">Home<\/a><\/span><\/span><\/div><\/section>\n\n<section id=\"news-block_4d1a3b316c12be4ddacb7b6cabc5ffd2\" class=\"block news  margin-bottom_block_margin--medium\">\n\t<div class=\"container_grid\">\n\t\t<div class=\"row_grid\">\n\t\t\t\t\t<\/div>\n\t\t\t\t\t<div class=\"row_grid news__list\">\t\n\t\t\t\t\t\t\t\t\t<div class=\"row__col row__col--lg-4 news__list--item\">\n    <a href=\"https:\/\/www.interimsearch.com\/en\/news\/geografiskt-oberoende-spetskompetens-mathias-sandh-och-transformationen-i-skanninge\/\">\n        <div class=\"image\">\n            <img loading=\"lazy\" decoding=\"async\" width=\"663\" height=\"641\" src=\"https:\/\/www.interimsearch.com\/wp-content\/uploads\/2026\/04\/unnamed.jpg\" class=\"attachment-full size-full\" alt=\"\" srcset=\"https:\/\/www.interimsearch.com\/wp-content\/uploads\/2026\/04\/unnamed.jpg 663w, https:\/\/www.interimsearch.com\/wp-content\/uploads\/2026\/04\/unnamed-300x290.jpg 300w, https:\/\/www.interimsearch.com\/wp-content\/uploads\/2026\/04\/unnamed-12x12.jpg 12w, https:\/\/www.interimsearch.com\/wp-content\/uploads\/2026\/04\/unnamed-414x400.jpg 414w\" sizes=\"auto, (max-width: 663px) 100vw, 663px\" \/>                    <\/div>\n        <div class=\"bottom\">\n            <div class=\"title-container\">\n                <h3 class=\"m-0\">Geografiskt oberoende spetskompetens: Mathias Sandh och transformationen i Sk\u00e4nninge<\/h3>\n\n                                    <span class=\"date\">2026-04-20<\/span>\n                            <\/div>\n\n                            <p>Med en bakgrund fr\u00e5n tunga ledningsroller i b\u00e5de Sverige och utomlands, valde Mathias att acceptera uppdraget som Interim CFO hos&#8230;<\/p>\n                    <\/div>\n    <\/a>\n<\/div>\t\t\t\t\t\t\t\t\t<div class=\"row__col row__col--lg-4 news__list--item\">\n    <a href=\"https:\/\/www.interimsearch.com\/en\/news\/framtidens-ledarskap-anette-mattsson\/\">\n        <div class=\"image\">\n            <img loading=\"lazy\" decoding=\"async\" width=\"1599\" height=\"1323\" src=\"https:\/\/www.interimsearch.com\/wp-content\/uploads\/2026\/04\/Anette-e1776322349141.jpg\" class=\"attachment-full size-full\" alt=\"\" srcset=\"https:\/\/www.interimsearch.com\/wp-content\/uploads\/2026\/04\/Anette-e1776322349141.jpg 1599w, https:\/\/www.interimsearch.com\/wp-content\/uploads\/2026\/04\/Anette-e1776322349141-300x248.jpg 300w, https:\/\/www.interimsearch.com\/wp-content\/uploads\/2026\/04\/Anette-e1776322349141-1024x847.jpg 1024w, https:\/\/www.interimsearch.com\/wp-content\/uploads\/2026\/04\/Anette-e1776322349141-768x635.jpg 768w, https:\/\/www.interimsearch.com\/wp-content\/uploads\/2026\/04\/Anette-e1776322349141-1536x1271.jpg 1536w, https:\/\/www.interimsearch.com\/wp-content\/uploads\/2026\/04\/Anette-e1776322349141-15x12.jpg 15w, https:\/\/www.interimsearch.com\/wp-content\/uploads\/2026\/04\/Anette-e1776322349141-483x400.jpg 483w\" sizes=\"auto, (max-width: 1599px) 100vw, 1599px\" \/>                    <\/div>\n        <div class=\"bottom\">\n            <div class=\"title-container\">\n                <h3 class=\"m-0\">Framtidens ledarskap: Anette Mattsson<\/h3>\n\n                                    <span class=\"date\">2026-04-16<\/span>\n                            <\/div>\n\n                            <p>Vilka krav ser du p\u00e5 interimsledares kompetens just nu? Det r\u00e4cker inte l\u00e4ngre att vara expert inom sitt sakomr\u00e5de. Idag&#8230;<\/p>\n                    <\/div>\n    <\/a>\n<\/div>\t\t\t\t\t\t\t\t\t<div class=\"row__col row__col--lg-4 news__list--item\">\n    <a href=\"https:\/\/www.interimsearch.com\/en\/news\/case-study-fredrik-ostman-om-operativ-styrning-i-norge\/\">\n        <div class=\"image\">\n            <img loading=\"lazy\" decoding=\"async\" width=\"1733\" height=\"1493\" src=\"https:\/\/www.interimsearch.com\/wp-content\/uploads\/2026\/03\/Pressbild-Fredrik.png\" class=\"attachment-full size-full\" alt=\"\" srcset=\"https:\/\/www.interimsearch.com\/wp-content\/uploads\/2026\/03\/Pressbild-Fredrik.png 1733w, https:\/\/www.interimsearch.com\/wp-content\/uploads\/2026\/03\/Pressbild-Fredrik-300x258.png 300w, https:\/\/www.interimsearch.com\/wp-content\/uploads\/2026\/03\/Pressbild-Fredrik-1024x882.png 1024w, https:\/\/www.interimsearch.com\/wp-content\/uploads\/2026\/03\/Pressbild-Fredrik-768x662.png 768w\" sizes=\"auto, (max-width: 1733px) 100vw, 1733px\" \/>                    <\/div>\n        <div class=\"bottom\">\n            <div class=\"title-container\">\n                <h3 class=\"m-0\">CASE STUDY: Fredrik \u00d6stman om operativ styrning i Norge<\/h3>\n\n                                    <span class=\"date\">2026-04-10<\/span>\n                            <\/div>\n\n                            <p>Att kliva in i en internationell ledarroll kr\u00e4ver f\u00f6rm\u00e5gan att snabbt bygga f\u00f6rtroende. Vi har pratat med Fredrik \u00d6stman om&#8230;<\/p>\n                    <\/div>\n    <\/a>\n<\/div>\t\t\t\t\t\t\t\t\t<div class=\"row__col row__col--lg-4 news__list--item\">\n    <a href=\"https:\/\/www.interimsearch.com\/en\/news\/framtidens-ledarskap-daniel-ericsson\/\">\n        <div class=\"image\">\n            <img loading=\"lazy\" decoding=\"async\" width=\"1920\" height=\"1930\" src=\"https:\/\/www.interimsearch.com\/wp-content\/uploads\/2026\/04\/Daniel-scaled-e1775721391794.jpg\" class=\"attachment-full size-full\" alt=\"\" srcset=\"https:\/\/www.interimsearch.com\/wp-content\/uploads\/2026\/04\/Daniel-scaled-e1775721391794.jpg 1920w, https:\/\/www.interimsearch.com\/wp-content\/uploads\/2026\/04\/Daniel-scaled-e1775721391794-298x300.jpg 298w, https:\/\/www.interimsearch.com\/wp-content\/uploads\/2026\/04\/Daniel-scaled-e1775721391794-1019x1024.jpg 1019w, https:\/\/www.interimsearch.com\/wp-content\/uploads\/2026\/04\/Daniel-scaled-e1775721391794-150x150.jpg 150w, https:\/\/www.interimsearch.com\/wp-content\/uploads\/2026\/04\/Daniel-scaled-e1775721391794-768x772.jpg 768w, https:\/\/www.interimsearch.com\/wp-content\/uploads\/2026\/04\/Daniel-scaled-e1775721391794-1528x1536.jpg 1528w, https:\/\/www.interimsearch.com\/wp-content\/uploads\/2026\/04\/Daniel-scaled-e1775721391794-12x12.jpg 12w, https:\/\/www.interimsearch.com\/wp-content\/uploads\/2026\/04\/Daniel-scaled-e1775721391794-50x50.jpg 50w, https:\/\/www.interimsearch.com\/wp-content\/uploads\/2026\/04\/Daniel-scaled-e1775721391794-200x200.jpg 200w, https:\/\/www.interimsearch.com\/wp-content\/uploads\/2026\/04\/Daniel-scaled-e1775721391794-398x400.jpg 398w\" sizes=\"auto, (max-width: 1920px) 100vw, 1920px\" \/>                    <\/div>\n        <div class=\"bottom\">\n            <div class=\"title-container\">\n                <h3 class=\"m-0\">Leadership of the Future: Daniel Ericsson<\/h3>\n\n                                    <span class=\"date\">2026-04-09<\/span>\n                            <\/div>\n\n                            <p>What new requirements do you see for interim managers' skills right now? I see an urgent need to strengthen the social...<\/p>\n                    <\/div>\n    <\/a>\n<\/div>\t\t\t\t\t\t\t\t\t<div class=\"row__col row__col--lg-4 news__list--item\">\n    <a href=\"https:\/\/www.interimsearch.com\/en\/news\/leadership-of-the-future-mikael-augustinson\/\">\n        <div class=\"image\">\n            <img loading=\"lazy\" decoding=\"async\" width=\"2560\" height=\"1707\" src=\"https:\/\/www.interimsearch.com\/wp-content\/uploads\/2026\/04\/Mikael-scaled.jpg\" class=\"attachment-full size-full\" alt=\"\" srcset=\"https:\/\/www.interimsearch.com\/wp-content\/uploads\/2026\/04\/Mikael-scaled.jpg 2560w, https:\/\/www.interimsearch.com\/wp-content\/uploads\/2026\/04\/Mikael-300x200.jpg 300w, https:\/\/www.interimsearch.com\/wp-content\/uploads\/2026\/04\/Mikael-1024x683.jpg 1024w, https:\/\/www.interimsearch.com\/wp-content\/uploads\/2026\/04\/Mikael-768x512.jpg 768w, https:\/\/www.interimsearch.com\/wp-content\/uploads\/2026\/04\/Mikael-1536x1024.jpg 1536w, https:\/\/www.interimsearch.com\/wp-content\/uploads\/2026\/04\/Mikael-2048x1365.jpg 2048w, https:\/\/www.interimsearch.com\/wp-content\/uploads\/2026\/04\/Mikael-18x12.jpg 18w, https:\/\/www.interimsearch.com\/wp-content\/uploads\/2026\/04\/Mikael-360x240.jpg 360w, https:\/\/www.interimsearch.com\/wp-content\/uploads\/2026\/04\/Mikael-600x400.jpg 600w\" sizes=\"auto, (max-width: 2560px) 100vw, 2560px\" \/>                    <\/div>\n        <div class=\"bottom\">\n            <div class=\"title-container\">\n                <h3 class=\"m-0\">The future of leadership: Mikael Augustinson<\/h3>\n\n                                    <span class=\"date\">2026-04-02<\/span>\n                            <\/div>\n\n                            <p>What requirements do you see for interim managers' skills right now? The most important thing is to have a genuine helicopter perspective. As an interim consultant...<\/p>\n                    <\/div>\n    <\/a>\n<\/div>\t\t\t\t\t\t\t\t\t<div class=\"row__col row__col--lg-4 news__list--item\">\n    <a href=\"https:\/\/www.interimsearch.com\/en\/news\/business-critical-leadership-under-time-pressure-that-you-should-be-able-to-expect-from-your-interim-partner\/\">\n        <div class=\"image\">\n            <img loading=\"lazy\" decoding=\"async\" width=\"1405\" height=\"1104\" src=\"https:\/\/www.interimsearch.com\/wp-content\/uploads\/2026\/03\/C3A5238-e1730295820879.webp\" class=\"attachment-full size-full\" alt=\"\" srcset=\"https:\/\/www.interimsearch.com\/wp-content\/uploads\/2026\/03\/C3A5238-e1730295820879.webp 1405w, https:\/\/www.interimsearch.com\/wp-content\/uploads\/2026\/03\/C3A5238-e1730295820879-300x236.webp 300w, https:\/\/www.interimsearch.com\/wp-content\/uploads\/2026\/03\/C3A5238-e1730295820879-1024x805.webp 1024w, https:\/\/www.interimsearch.com\/wp-content\/uploads\/2026\/03\/C3A5238-e1730295820879-768x603.webp 768w, https:\/\/www.interimsearch.com\/wp-content\/uploads\/2026\/03\/C3A5238-e1730295820879-15x12.webp 15w, https:\/\/www.interimsearch.com\/wp-content\/uploads\/2026\/03\/C3A5238-e1730295820879-509x400.webp 509w\" sizes=\"auto, (max-width: 1405px) 100vw, 1405px\" \/>                    <\/div>\n        <div class=\"bottom\">\n            <div class=\"title-container\">\n                <h3 class=\"m-0\">Business-critical leadership under time pressure: What you should expect from your interim partner<\/h3>\n\n                                    <span class=\"date\">2026-03-30<\/span>\n                            <\/div>\n\n                            <p>D\u00e4r interimsf\u00f6rmedling tidigare ofta vilat p\u00e5 enskilda personers n\u00e4tverk, kr\u00e4ver dagens nischade kompetensbehov en annan r\u00e4ckvidd. Att enbart v\u00e4nda sig&#8230;<\/p>\n                    <\/div>\n    <\/a>\n<\/div>\t\t\t\t\t\t\t\t\t<div class=\"row__col row__col--lg-4 news__list--item\">\n    <a href=\"https:\/\/www.interimsearch.com\/en\/news\/leadership-of-the-future-lars-kevsjo\/\">\n        <div class=\"image\">\n            <img loading=\"lazy\" decoding=\"async\" width=\"1877\" height=\"2005\" src=\"https:\/\/www.interimsearch.com\/wp-content\/uploads\/2026\/03\/Lars-scaled-e1774512287129.jpeg\" class=\"attachment-full size-full\" alt=\"\" srcset=\"https:\/\/www.interimsearch.com\/wp-content\/uploads\/2026\/03\/Lars-scaled-e1774512287129.jpeg 1877w, https:\/\/www.interimsearch.com\/wp-content\/uploads\/2026\/03\/Lars-scaled-e1774512287129-281x300.jpeg 281w, https:\/\/www.interimsearch.com\/wp-content\/uploads\/2026\/03\/Lars-scaled-e1774512287129-959x1024.jpeg 959w, https:\/\/www.interimsearch.com\/wp-content\/uploads\/2026\/03\/Lars-scaled-e1774512287129-768x820.jpeg 768w, https:\/\/www.interimsearch.com\/wp-content\/uploads\/2026\/03\/Lars-scaled-e1774512287129-1438x1536.jpeg 1438w, https:\/\/www.interimsearch.com\/wp-content\/uploads\/2026\/03\/Lars-scaled-e1774512287129-11x12.jpeg 11w, https:\/\/www.interimsearch.com\/wp-content\/uploads\/2026\/03\/Lars-scaled-e1774512287129-374x400.jpeg 374w\" sizes=\"auto, (max-width: 1877px) 100vw, 1877px\" \/>                    <\/div>\n        <div class=\"bottom\">\n            <div class=\"title-container\">\n                <h3 class=\"m-0\">Leadership of the future: Lars Kevsj\u00f6<\/h3>\n\n                                    <span class=\"date\">2026-03-26<\/span>\n                            <\/div>\n\n                            <p>What are your current requirements for interim managers' skills? The core competencies - understanding the business quickly, prioritizing correctly and making decisions...<\/p>\n                    <\/div>\n    <\/a>\n<\/div>\t\t\t\t\t\t\t\t\t<div class=\"row__col row__col--lg-4 news__list--item\">\n    <a href=\"https:\/\/www.interimsearch.com\/en\/news\/globala-mal-kraver-lokalt-ledarskap-undvik-de-vanligaste-misstagen-utomlands\/\">\n        <div class=\"image\">\n            <img loading=\"lazy\" decoding=\"async\" width=\"2560\" height=\"2050\" src=\"https:\/\/www.interimsearch.com\/wp-content\/uploads\/2026\/01\/intann-180-scaled.jpg\" class=\"attachment-full size-full\" alt=\"\" srcset=\"https:\/\/www.interimsearch.com\/wp-content\/uploads\/2026\/01\/intann-180-scaled.jpg 2560w, https:\/\/www.interimsearch.com\/wp-content\/uploads\/2026\/01\/intann-180-300x240.jpg 300w, https:\/\/www.interimsearch.com\/wp-content\/uploads\/2026\/01\/intann-180-1024x820.jpg 1024w, https:\/\/www.interimsearch.com\/wp-content\/uploads\/2026\/01\/intann-180-768x615.jpg 768w, https:\/\/www.interimsearch.com\/wp-content\/uploads\/2026\/01\/intann-180-1536x1230.jpg 1536w, https:\/\/www.interimsearch.com\/wp-content\/uploads\/2026\/01\/intann-180-2048x1640.jpg 2048w, https:\/\/www.interimsearch.com\/wp-content\/uploads\/2026\/01\/intann-180-15x12.jpg 15w, https:\/\/www.interimsearch.com\/wp-content\/uploads\/2026\/01\/intann-180-500x400.jpg 500w\" sizes=\"auto, (max-width: 2560px) 100vw, 2560px\" \/>                    <\/div>\n        <div class=\"bottom\">\n            <div class=\"title-container\">\n                <h3 class=\"m-0\">From headquarters to subsidiaries - the art of managing through cultural complexity<\/h3>\n\n                                    <span class=\"date\">2026-03-23<\/span>\n                            <\/div>\n\n                            <p>Copying a Swedish leadership recipe in Mexico, China or Norway is a risky assumption that costs both time and market share....<\/p>\n                    <\/div>\n    <\/a>\n<\/div>\t\t\t\t\t\t\t\t\t<div class=\"row__col row__col--lg-4 news__list--item\">\n    <a href=\"https:\/\/www.interimsearch.com\/en\/news\/framtidens-ledarskap-dan-karlsson\/\">\n        <div class=\"image\">\n            <img loading=\"lazy\" decoding=\"async\" width=\"1706\" height=\"1455\" src=\"https:\/\/www.interimsearch.com\/wp-content\/uploads\/2026\/03\/Dan-scaled-e1773907939557.jpg\" class=\"attachment-full size-full\" alt=\"\" srcset=\"https:\/\/www.interimsearch.com\/wp-content\/uploads\/2026\/03\/Dan-scaled-e1773907939557.jpg 1706w, https:\/\/www.interimsearch.com\/wp-content\/uploads\/2026\/03\/Dan-scaled-e1773907939557-300x256.jpg 300w, https:\/\/www.interimsearch.com\/wp-content\/uploads\/2026\/03\/Dan-scaled-e1773907939557-1024x873.jpg 1024w, https:\/\/www.interimsearch.com\/wp-content\/uploads\/2026\/03\/Dan-scaled-e1773907939557-768x655.jpg 768w, https:\/\/www.interimsearch.com\/wp-content\/uploads\/2026\/03\/Dan-scaled-e1773907939557-1536x1310.jpg 1536w, https:\/\/www.interimsearch.com\/wp-content\/uploads\/2026\/03\/Dan-scaled-e1773907939557-14x12.jpg 14w, https:\/\/www.interimsearch.com\/wp-content\/uploads\/2026\/03\/Dan-scaled-e1773907939557-469x400.jpg 469w\" sizes=\"auto, (max-width: 1706px) 100vw, 1706px\" \/>                    <\/div>\n        <div class=\"bottom\">\n            <div class=\"title-container\">\n                <h3 class=\"m-0\">The future of leadership: Dan Karlsson<\/h3>\n\n                                    <span class=\"date\">2026-03-19<\/span>\n                            <\/div>\n\n                            <p>What requirements do you see for interim managers' skills right now? To keep up with today's and tomorrow's missions, I see...<\/p>\n                    <\/div>\n    <\/a>\n<\/div>\t\t\t\t\t\t\t\t\t\n\t\t\t<\/div>\n\t\t\t\t\t\t\t<div class=\"row_grid\">\n\t\t\t\t\t<div class=\"row__col\">\n\t\t\t\t\t\t<div class=\"buttons\">\n\t\t\t\t\t\t\t<a href=\"#\" class=\"btn btn--secondary load-more\" data-page=\"2\" data-max-pages=\"31\" data-display-category=\"1\" data-display-date=\"1\">Mer<\/a>\n\t\t\t\t\t\t<\/div>\n\t\t\t\t\t<\/div>\n\t\t\t\t<\/div>\n\t\t\t\t\n\t\t\t<\/div>\n<\/section>","protected":false},"excerpt":{"rendered":"","protected":false},"author":1,"featured_media":0,"parent":0,"menu_order":119,"comment_status":"closed","ping_status":"closed","template":"tpl-awave-blocks.php","meta":{"_acf_changed":false,"footnotes":""},"class_list":["post-18","page","type-page","status-publish","hentry"],"acf":[],"yoast_head":"<!-- This site is optimized with the Yoast SEO Premium plugin v25.9 (Yoast SEO v25.9) - https:\/\/yoast.com\/wordpress\/plugins\/seo\/ -->\n<title>Insikter - Interim Search<\/title>\n<meta name=\"robots\" content=\"index, follow, max-snippet:-1, max-image-preview:large, max-video-preview:-1\" \/>\n<link rel=\"canonical\" href=\"https:\/\/www.interimsearch.com\/en\/insights\/\" \/>\n<meta property=\"og:locale\" content=\"en_US\" \/>\n<meta property=\"og:type\" content=\"article\" \/>\n<meta property=\"og:title\" content=\"Insikter\" \/>\n<meta property=\"og:url\" content=\"https:\/\/www.interimsearch.com\/en\/insights\/\" \/>\n<meta property=\"og:site_name\" content=\"Interim Search\" \/>\n<meta property=\"article:modified_time\" content=\"2025-11-27T10:49:40+00:00\" \/>\n<meta property=\"og:image\" content=\"https:\/\/www.interimsearch.com\/wp-content\/uploads\/2025\/07\/Social-image.jpg\" \/>\n\t<meta property=\"og:image:width\" content=\"1200\" \/>\n\t<meta property=\"og:image:height\" content=\"630\" \/>\n\t<meta property=\"og:image:type\" content=\"image\/jpeg\" \/>\n<meta name=\"twitter:card\" content=\"summary_large_image\" \/>\n<script type=\"application\/ld+json\" class=\"yoast-schema-graph\">{\"@context\":\"https:\/\/schema.org\",\"@graph\":[{\"@type\":\"WebPage\",\"@id\":\"https:\/\/www.interimsearch.com\/insikter\/\",\"url\":\"https:\/\/www.interimsearch.com\/insikter\/\",\"name\":\"Insikter - Interim Search\",\"isPartOf\":{\"@id\":\"https:\/\/www.interimsearch.com\/#website\"},\"datePublished\":\"2016-02-25T16:15:28+00:00\",\"dateModified\":\"2025-11-27T10:49:40+00:00\",\"breadcrumb\":{\"@id\":\"https:\/\/www.interimsearch.com\/insikter\/#breadcrumb\"},\"inLanguage\":\"en-US\",\"potentialAction\":[{\"@type\":\"ReadAction\",\"target\":[\"https:\/\/www.interimsearch.com\/insikter\/\"]}]},{\"@type\":\"BreadcrumbList\",\"@id\":\"https:\/\/www.interimsearch.com\/insikter\/#breadcrumb\",\"itemListElement\":[{\"@type\":\"ListItem\",\"position\":1,\"name\":\"Hem\",\"item\":\"https:\/\/www.interimsearch.com\/\"},{\"@type\":\"ListItem\",\"position\":2,\"name\":\"Insikter\"}]},{\"@type\":\"WebSite\",\"@id\":\"https:\/\/www.interimsearch.com\/#website\",\"url\":\"https:\/\/www.interimsearch.com\/\",\"name\":\"Interim Search\",\"description\":\"\",\"potentialAction\":[{\"@type\":\"SearchAction\",\"target\":{\"@type\":\"EntryPoint\",\"urlTemplate\":\"https:\/\/www.interimsearch.com\/?s={search_term_string}\"},\"query-input\":{\"@type\":\"PropertyValueSpecification\",\"valueRequired\":true,\"valueName\":\"search_term_string\"}}],\"inLanguage\":\"en-US\"}]}<\/script>\n<!-- \/ Yoast SEO Premium plugin. -->","yoast_head_json":{"title":"Insights - Interim Search","robots":{"index":"index","follow":"follow","max-snippet":"max-snippet:-1","max-image-preview":"max-image-preview:large","max-video-preview":"max-video-preview:-1"},"canonical":"https:\/\/www.interimsearch.com\/en\/insights\/","og_locale":"en_US","og_type":"article","og_title":"Insikter","og_url":"https:\/\/www.interimsearch.com\/en\/insights\/","og_site_name":"Interim Search","article_modified_time":"2025-11-27T10:49:40+00:00","og_image":[{"width":1200,"height":630,"url":"https:\/\/www.interimsearch.com\/wp-content\/uploads\/2025\/07\/Social-image.jpg","type":"image\/jpeg"}],"twitter_card":"summary_large_image","schema":{"@context":"https:\/\/schema.org","@graph":[{"@type":"WebPage","@id":"https:\/\/www.interimsearch.com\/insikter\/","url":"https:\/\/www.interimsearch.com\/insikter\/","name":"Insights - Interim Search","isPartOf":{"@id":"https:\/\/www.interimsearch.com\/#website"},"datePublished":"2016-02-25T16:15:28+00:00","dateModified":"2025-11-27T10:49:40+00:00","breadcrumb":{"@id":"https:\/\/www.interimsearch.com\/insikter\/#breadcrumb"},"inLanguage":"en-US","potentialAction":[{"@type":"ReadAction","target":["https:\/\/www.interimsearch.com\/insikter\/"]}]},{"@type":"BreadcrumbList","@id":"https:\/\/www.interimsearch.com\/insikter\/#breadcrumb","itemListElement":[{"@type":"ListItem","position":1,"name":"Hem","item":"https:\/\/www.interimsearch.com\/"},{"@type":"ListItem","position":2,"name":"Insikter"}]},{"@type":"WebSite","@id":"https:\/\/www.interimsearch.com\/#website","url":"https:\/\/www.interimsearch.com\/","name":"Interim Search","description":"","potentialAction":[{"@type":"SearchAction","target":{"@type":"EntryPoint","urlTemplate":"https:\/\/www.interimsearch.com\/?s={search_term_string}"},"query-input":{"@type":"PropertyValueSpecification","valueRequired":true,"valueName":"search_term_string"}}],"inLanguage":"en-US"}]}},"_links":{"self":[{"href":"https:\/\/www.interimsearch.com\/en\/wp-json\/wp\/v2\/pages\/18","targetHints":{"allow":["GET"]}}],"collection":[{"href":"https:\/\/www.interimsearch.com\/en\/wp-json\/wp\/v2\/pages"}],"about":[{"href":"https:\/\/www.interimsearch.com\/en\/wp-json\/wp\/v2\/types\/page"}],"author":[{"embeddable":true,"href":"https:\/\/www.interimsearch.com\/en\/wp-json\/wp\/v2\/users\/1"}],"replies":[{"embeddable":true,"href":"https:\/\/www.interimsearch.com\/en\/wp-json\/wp\/v2\/comments?post=18"}],"version-history":[{"count":2,"href":"https:\/\/www.interimsearch.com\/en\/wp-json\/wp\/v2\/pages\/18\/revisions"}],"predecessor-version":[{"id":74828,"href":"https:\/\/www.interimsearch.com\/en\/wp-json\/wp\/v2\/pages\/18\/revisions\/74828"}],"wp:attachment":[{"href":"https:\/\/www.interimsearch.com\/en\/wp-json\/wp\/v2\/media?parent=18"}],"curies":[{"name":"wp","href":"https:\/\/api.w.org\/{rel}","templated":true}]}}